{"id":506,"date":"2019-11-14T16:18:17","date_gmt":"2019-11-14T14:18:17","guid":{"rendered":"https:\/\/blogi.eoppimispalvelut.fi\/nordicnabs\/?page_id=506"},"modified":"2019-11-15T17:37:34","modified_gmt":"2019-11-15T15:37:34","slug":"ruotsi-2020","status":"publish","type":"page","link":"https:\/\/blogi.eoppimispalvelut.fi\/nordicnabs\/kansainvaliset-tyopajat\/ruotsi-2020\/","title":{"rendered":"Ruotsin ty\u00f6paja 2020"},"content":{"rendered":"<h3 style=\"text-align: center\"><strong>Kansainv\u00e4linen ty\u00f6paja Ruotsissa syyskuussa 2020<\/strong><\/h3>\n<hr \/>\n<p>Ty\u00f6pajasta lanseerataan tietoa kev\u00e4\u00e4ll\u00e4 2020.<\/p>\n<p>ideoita ja vinkkej\u00e4 voit toki l\u00e4hett\u00e4\u00e4 paivi.juuso(@) ltu.fi<\/p>\n","protected":false},"excerpt":{"rendered":"<p>Kansainv\u00e4linen ty\u00f6paja Ruotsissa syyskuussa 2020 Ty\u00f6pajasta lanseerataan tietoa kev\u00e4\u00e4ll\u00e4 2020. ideoita ja vinkkej\u00e4 voit toki l\u00e4hett\u00e4\u00e4 paivi.juuso(@) ltu.fi<\/p>\n","protected":false},"author":1577,"featured_media":341,"parent":106,"menu_order":0,"comment_status":"closed","ping_status":"closed","template":"template-full-width.php","meta":{"footnotes":""},"class_list":["post-506","page","type-page","status-publish","has-post-thumbnail","hentry"],"_links":{"self":[{"href":"https:\/\/blogi.eoppimispalvelut.fi\/nordicnabs\/wp-json\/wp\/v2\/pages\/506","targetHints":{"allow":["GET"]}}],"collection":[{"href":"https:\/\/blogi.eoppimispalvelut.fi\/nordicnabs\/wp-json\/wp\/v2\/pages"}],"about":[{"href":"https:\/\/blogi.eoppimispalvelut.fi\/nordicnabs\/wp-json\/wp\/v2\/types\/page"}],"author":[{"embeddable":true,"href":"https:\/\/blogi.eoppimispalvelut.fi\/nordicnabs\/wp-json\/wp\/v2\/users\/1577"}],"replies":[{"embeddable":true,"href":"https:\/\/blogi.eoppimispalvelut.fi\/nordicnabs\/wp-json\/wp\/v2\/comments?post=506"}],"version-history":[{"count":5,"href":"https:\/\/blogi.eoppimispalvelut.fi\/nordicnabs\/wp-json\/wp\/v2\/pages\/506\/revisions"}],"predecessor-version":[{"id":605,"href":"https:\/\/blogi.eoppimispalvelut.fi\/nordicnabs\/wp-json\/wp\/v2\/pages\/506\/revisions\/605"}],"up":[{"embeddable":true,"href":"https:\/\/blogi.eoppimispalvelut.fi\/nordicnabs\/wp-json\/wp\/v2\/pages\/106"}],"wp:featuredmedia":[{"embeddable":true,"href":"https:\/\/blogi.eoppimispalvelut.fi\/nordicnabs\/wp-json\/wp\/v2\/media\/341"}],"wp:attachment":[{"href":"https:\/\/blogi.eoppimispalvelut.fi\/nordicnabs\/wp-json\/wp\/v2\/media?parent=506"}],"curies":[{"name":"wp","href":"https:\/\/api.w.org\/{rel}","templated":true}]}}