{"id":512,"date":"2019-11-14T16:19:33","date_gmt":"2019-11-14T14:19:33","guid":{"rendered":"https:\/\/blogi.eoppimispalvelut.fi\/nordicnabs\/?page_id=512"},"modified":"2019-11-15T17:37:47","modified_gmt":"2019-11-15T15:37:47","slug":"suomen-tyopaja-2021","status":"publish","type":"page","link":"https:\/\/blogi.eoppimispalvelut.fi\/nordicnabs\/kansainvaliset-tyopajat\/suomen-tyopaja-2021\/","title":{"rendered":"Suomen ty\u00f6paja 2021"},"content":{"rendered":"<h3 style=\"text-align: center\"><strong>Kansainv\u00e4linen ty\u00f6paja Suomessa syys-talvella 2021<\/strong><\/h3>\n<hr \/>\n<p>lis\u00e4tietoa ty\u00f6pajasta tuotetaan 2020.<\/p>\n<p>ideoita ja vinkkej\u00e4 voit toki l\u00e4hett\u00e4\u00e4 sanna.vinblad (@) lapinamk.fi<\/p>\n","protected":false},"excerpt":{"rendered":"<p>Kansainv\u00e4linen ty\u00f6paja Suomessa syys-talvella 2021 lis\u00e4tietoa ty\u00f6pajasta tuotetaan 2020. ideoita ja vinkkej\u00e4 voit toki l\u00e4hett\u00e4\u00e4 sanna.vinblad (@) lapinamk.fi<\/p>\n","protected":false},"author":1577,"featured_media":346,"parent":106,"menu_order":0,"comment_status":"closed","ping_status":"closed","template":"template-full-width.php","meta":{"footnotes":""},"class_list":["post-512","page","type-page","status-publish","has-post-thumbnail","hentry"],"_links":{"self":[{"href":"https:\/\/blogi.eoppimispalvelut.fi\/nordicnabs\/wp-json\/wp\/v2\/pages\/512","targetHints":{"allow":["GET"]}}],"collection":[{"href":"https:\/\/blogi.eoppimispalvelut.fi\/nordicnabs\/wp-json\/wp\/v2\/pages"}],"about":[{"href":"https:\/\/blogi.eoppimispalvelut.fi\/nordicnabs\/wp-json\/wp\/v2\/types\/page"}],"author":[{"embeddable":true,"href":"https:\/\/blogi.eoppimispalvelut.fi\/nordicnabs\/wp-json\/wp\/v2\/users\/1577"}],"replies":[{"embeddable":true,"href":"https:\/\/blogi.eoppimispalvelut.fi\/nordicnabs\/wp-json\/wp\/v2\/comments?post=512"}],"version-history":[{"count":4,"href":"https:\/\/blogi.eoppimispalvelut.fi\/nordicnabs\/wp-json\/wp\/v2\/pages\/512\/revisions"}],"predecessor-version":[{"id":604,"href":"https:\/\/blogi.eoppimispalvelut.fi\/nordicnabs\/wp-json\/wp\/v2\/pages\/512\/revisions\/604"}],"up":[{"embeddable":true,"href":"https:\/\/blogi.eoppimispalvelut.fi\/nordicnabs\/wp-json\/wp\/v2\/pages\/106"}],"wp:featuredmedia":[{"embeddable":true,"href":"https:\/\/blogi.eoppimispalvelut.fi\/nordicnabs\/wp-json\/wp\/v2\/media\/346"}],"wp:attachment":[{"href":"https:\/\/blogi.eoppimispalvelut.fi\/nordicnabs\/wp-json\/wp\/v2\/media?parent=512"}],"curies":[{"name":"wp","href":"https:\/\/api.w.org\/{rel}","templated":true}]}}