{"id":695,"date":"2019-11-14T15:37:57","date_gmt":"2019-11-14T13:37:57","guid":{"rendered":"https:\/\/blogi.eoppimispalvelut.fi\/nordicnabs\/?page_id=490"},"modified":"2019-11-14T15:37:57","modified_gmt":"2019-11-14T13:37:57","slug":"norwegian-tyopaja-2019","status":"publish","type":"page","link":"https:\/\/blogi.eoppimispalvelut.fi\/nordicnabs\/en\/international-tyopers\/norwegian-tyopaja-2019\/","title":{"rendered":"Norwegian Workshop 2019"},"content":{"rendered":"<h3 style=\"text-align: center\"><strong>International Workshop in Norway 7.0-10.10.2019<\/strong><\/h3>\n<hr \/>\n<p><strong>Discovering Norway!<\/strong><br \/>\nIn October, the Nordic NaBS Project organises a 7.0-10.10.2019 trip to Mo i Rana, Norway.<\/p>\n<p>We call on the regions of Central Ostrobothnia, Northern Ostrobothnia and Lapland, as well as Sweden, Norrbotten and V\u00e4sterbotten, in the areas of nature entrepreneurs, as well as in the sote and farming sectors. The partners also take part in northern Norway.<\/p>\n<p>The journey offers new networks, visits to Inn p\u00e5 Tunet farms, exchanges of experience and tools to develop your own nature-based activities. During the voyage, participants have the opportunity to present their activities.<\/p>\n<p>The project offers tours and a versatile program. The accommodations and the majority of the meals are self-published.<\/p>\n<p>Binding Registration 30.8.2019 by http<a href=\"https:\/\/link.webropolsurveys.com\/S\/C485E7175ADDB336?fbclid=IwAR3haYazeY7wp6NKc-iXwXvqwjJVl5LzeE0F5_zdaX-z5BgxBvddqCmjrzA\" target=\"_blank\" rel=\"nofollow noopener noreferrer\" data-lynx-mode=\"hover\" data-lynx-uri=\"https:\/\/l.facebook.com\/l.php?u=https%3A%2F%2Flink.webropolsurveys.com%2FS%2FC485E7175ADDB336%3Ffbclid%3DIwAR3haYazeY7wp6NKc-iXwXvqwjJVl5LzeE0F5_zdaX-z5BgxBvddqCmjrzA&amp;h=AT18z8lqEr779uIfmOU2sFjZxT0w2nDwwlYOAd3P4bb6KNploIYfZ_ffXUvmjQh8ZvYAEKP_Ovl5Szheyb3U-IzPFs1o6-qonEdz44-ab4b1oDOsbyfz7kkF8nC0WXj_OQ\">s:\/\/link.webropolsurveys.com\/S\/C485E7175ADDB336<\/a><\/p>\n<p>In Mo i Rana the venue is Fjordgaarden Hotell ww<a href=\"https:\/\/l.facebook.com\/l.php?u=http%3A%2F%2Fwww.fjordgaarden.no%2F%3Ffbclid%3DIwAR05EPHMg1i1buBbB7SFpHbZdtGVEtdjEqTJPtEKeCJHdnEahy6MuasCn3c&amp;h=AT1GNKqjqkHTL9uqNtsDmgnfBlR_zoIQhlq3E5AN9kyWsrx06t0zd8G3H1nsu5UKJZireeVQdunp3yVvlP0HxgKJMotqwC0xOapj59wKZ9x8Gwhg0723X1LzG7WK_fLC5A\" target=\"_blank\" rel=\"nofollow noopener noreferrer\" data-lynx-mode=\"hover\">w.fjordgaarden.no<\/a><\/p>\n<hr \/>\n<h4><strong>More information about the trip:<\/strong><\/h4>\n<ul>\n<li><a href=\"https:\/\/www.facebook.com\/events\/2223105038003502\/\" target=\"_blank\" rel=\"noopener noreferrer\">FB Event<\/a><\/li>\n<li><a href=\"https:\/\/blogi.eoppimispalvelut.fi\/nordicnabs\/files\/2019\/11\/Mo-i-Rana-7.-10.10.2019-info_fi.pdf\" target=\"_blank\" rel=\"noopener noreferrer\">Info Letter <\/a>1 &amp; <a href=\"https:\/\/blogi.eoppimispalvelut.fi\/nordicnabs\/files\/2019\/11\/Mo-i-Rana-7.-10.10.2019-info2_fi.pdf\" target=\"_blank\" rel=\"noopener noreferrer\">Info Letter 2<\/a><\/li>\n<li>Presentation materials:\n<ul>\n<li>Hege Lindstr\u00f6m, <a href=\"https:\/\/blogi.eoppimispalvelut.fi\/nordicnabs\/files\/2019\/11\/Green-care-Hege-Lindstr\u00f8m-Mo-i-Rana-08.10.19-suomeksi.pdf\" target=\"_blank\" rel=\"noopener noreferrer\">Inn P\u00e5 Tunet<\/a><\/li>\n<li>Olli Vuotilainen, Martta Ylilauri, Merja Pakkanen, P\u00e4ivi Juuso &amp;, Natur<a href=\"https:\/\/blogi.eoppimispalvelut.fi\/nordicnabs\/files\/2019\/11\/Presentation_WP3_UVa_0810_2019_final_0610_19_Olli-061019.pdf\" target=\"_blank\" rel=\"noopener noreferrer\">e-based activities in different countries-explanation<\/a><\/li>\n<li>Sissel Siversen, Fjellvang stall &amp; 4H G\u00e5rd<\/li>\n<\/ul>\n<\/li>\n<li>Travel Report and Photo Gallery<\/li>\n<li>\u00a0Contacts:\n<ul>\n<li>Lapland: Leena V\u00e4limaa, Leena. Valimaa (@) Lapinamk. Fi<\/li>\n<li>Central Ostrobothnia: Martta Ylilauri, Martha. Ylilauri (@) univaasa.fi<\/li>\n<li>Northern Ostrobothnia: Satu Valinj\u00e4rvi, Satu. Valij\u00e4rvi (@) Oamk. Fi<\/li>\n<li>V\u00e4sterbotten and Norrbotten: P\u00e4ivi Juuso, Paivi. Juuso (@) ltu. SE<\/li>\n<\/ul>\n<\/li>\n<\/ul>\n<hr \/>\n<p><strong><u>PROG<\/u><\/strong><u>RAM (times local time)<\/u><\/p>\n<p><strong>Ma 7.10.2019<\/strong> <strong>trip to Mo i Ranaan<\/strong>\u00a0<\/p>\n<p>5.00 Matka Kokkola \u2013 Oulu<\/p>\n<p>8.00 Matka Oulu and Rovaniemi \u2013 Tornio<\/p>\n<p>10.00 Coffee break in Tornio on Lapin AMKin Campus in Minerva \u2013 Status cinnamo<em>n (self-published)<\/em><\/p>\n<p>10.15 Trip to Tornio \u2013 Lulea<\/p>\n<p>11.15 Lunch in Lule\u00e5 (se<em>lf-publishing) (Swedish time) <\/em>C<a href=\"https:\/\/www.fazerfoodco.se\/restauranger\/restauranger\/centrumrestaurangen\/\" target=\"_blank\" rel=\"noopener noreferrer\"><em>entrum Restaurangen<\/em><\/a><\/p>\n<p>12.15. Common bus trip from Lulea to Mo i Rana<\/p>\n<p>16.00 Dinner in Sorseli (<em>self-published)<\/em><\/p>\n<p>N. 21 in Mo i Rana<\/p>\n<p>\u00a0<\/p>\n<p><strong>Ti 8.10.2019 Inn P\u00e5 Tunet <\/strong>\u2013 <strong>what is it?<\/strong><\/p>\n<p>8.30 Day start and project data Shock, Leena V\u00e4limaa, Nordic NaBS<\/p>\n<p>9.00 What is Inn P\u00e5 Tunet? Hege Lindstr\u00f6m, Inn P\u00e5 Tunet, Norway<\/p>\n<p>10.00. Chairman of the entrepreneur, Sissel Sivertsen, Fjellvang stall och 4H g\u00e5rd<\/p>\n<p>10.30 pause and discuss Inn P\u00e5 Tunet-Activities in small groups and jointly<\/p>\n<p>12.00 Lunch is offered at the hotel<\/p>\n<p>13.00 Nature-based activities in different countries-explanation. Olli Voutilainen, Martta Ylilauri and P\u00e4ivi Juuso, Nordic NaBS<\/p>\n<p>14.15 Coffees and poster and poster walking, Arja J\u00e4\u00e4skel\u00e4inen, Nordic NaBS <em>\u00a0<\/em><\/p>\n<p>15.45 Common day closing words, Leena V\u00e4limaa Nordic NaBS<\/p>\n<p>16.30 departure for the company&#39;s visit to Fjellvang stall och 4H g\u00e5rd (Hammerveien 125, 8626 Mo I Rana)<\/p>\n<p>19 \u2013 21 shared dinner at the No3 restaurant<em> (self-published)<\/em><\/p>\n<p>\u00a0<\/p>\n<p><strong>Ke 9.10.2019 Inn p\u00e5 Tunet: Getting acquainted with activities and actors<\/strong><\/p>\n<p>8.30 departure from Hotel<\/p>\n<p>9.00 visit to Langfjell G\u00e5rd (Langfjellveien 520, 8615 Skonseng)<\/p>\n<p>11.30 Lunch at the hotel (self-publishing)<\/p>\n<p>12.30 departure for next room visit<\/p>\n<p>14.30 visit to Furuheim G\u00e5rd (S\u00f8rsiveien 864, 8690 Hattfjelldal)<\/p>\n<p>N. 19 arriving back to the hotel<\/p>\n<p>An evening of self-reliance on Mo I Rana&#39;s environment and leisure time<\/p>\n<p>\u00a0<\/p>\n<p><strong>To 10.10.2019 Home Travel\u00a0<\/strong><\/p>\n<p>8.00 Departure from Mo i Rana<\/p>\n<p>11.00 Hour food Paussi (dini<em>ng self-published)<\/em><\/p>\n<p>16.00 in Lule\u00e5, dinner (sel<em>f-publishing)<\/em><\/p>\n<p>17.00. Departure from Bone<\/p>\n<p>20.00 in Tornio (Finla<em>nd time), the p<\/em>ossibility of a coffee break<\/p>\n<p>20.30 Departure from Tornio directions Rovaniemi\/Oulu \u2013 Kokkola<\/p>\n<p>In Rovaniemi. At 21.30<\/p>\n<p>Oulu. at 22.00<\/p>\n<p>In Kokkola. at 2.00<\/p>\n<hr \/>\n<p>\u00a0<\/p>\n<p><a href=\"https:\/\/blogi.eoppimispalvelut.fi\/nordicnabs\/etusivu\/logopalkki-laatikko\/\" rel=\"attachment wp-att-134\"><img loading=\"lazy\" decoding=\"async\" class=\"alignnone wp-image-134\" src=\"https:\/\/blogi.eoppimispalvelut.fi\/nordicnabs\/files\/2019\/09\/logopalkki-laatikko-300x114.png\" alt=\"\" width=\"527\" height=\"200\" srcset=\"https:\/\/blogi.eoppimispalvelut.fi\/nordicnabs\/files\/2019\/09\/logopalkki-laatikko-300x114.png 300w, https:\/\/blogi.eoppimispalvelut.fi\/nordicnabs\/files\/2019\/09\/logopalkki-laatikko.png 598w\" sizes=\"auto, (max-width: 527px) 100vw, 527px\" \/><\/a><\/p>\n<p>\u00a0<\/p>\n","protected":false},"excerpt":{"rendered":"<p>International Workshop in Norway 7.0-10.10.2019 Discovering Norway! In October, the Nordic NaBS Project organises a 7.0-10.10.2019 trip to Mo i Rana, Norway. We call on the regions of Central Ostrobothnia, Northern Ostrobothnia and Lapland, as well as Sweden, Norrbotten and V\u00e4sterbotten, in the areas of nature entrepreneurs, as well as in the sote and farming [&hellip;]<\/p>\n","protected":false},"author":1577,"featured_media":0,"parent":693,"menu_order":0,"comment_status":"closed","ping_status":"closed","template":"","meta":{"footnotes":""},"class_list":["post-695","page","type-page","status-publish","hentry"],"_links":{"self":[{"href":"https:\/\/blogi.eoppimispalvelut.fi\/nordicnabs\/wp-json\/wp\/v2\/pages\/695","targetHints":{"allow":["GET"]}}],"collection":[{"href":"https:\/\/blogi.eoppimispalvelut.fi\/nordicnabs\/wp-json\/wp\/v2\/pages"}],"about":[{"href":"https:\/\/blogi.eoppimispalvelut.fi\/nordicnabs\/wp-json\/wp\/v2\/types\/page"}],"author":[{"embeddable":true,"href":"https:\/\/blogi.eoppimispalvelut.fi\/nordicnabs\/wp-json\/wp\/v2\/users\/1577"}],"replies":[{"embeddable":true,"href":"https:\/\/blogi.eoppimispalvelut.fi\/nordicnabs\/wp-json\/wp\/v2\/comments?post=695"}],"version-history":[{"count":0,"href":"https:\/\/blogi.eoppimispalvelut.fi\/nordicnabs\/wp-json\/wp\/v2\/pages\/695\/revisions"}],"up":[{"embeddable":true,"href":"https:\/\/blogi.eoppimispalvelut.fi\/nordicnabs\/wp-json\/wp\/v2\/pages\/693"}],"wp:attachment":[{"href":"https:\/\/blogi.eoppimispalvelut.fi\/nordicnabs\/wp-json\/wp\/v2\/media?parent=695"}],"curies":[{"name":"wp","href":"https:\/\/api.w.org\/{rel}","templated":true}]}}