{"id":30,"date":"2022-12-01T14:21:23","date_gmt":"2022-12-01T12:21:23","guid":{"rendered":"https:\/\/blogi.eoppimispalvelut.fi\/nordicprogrammingcompany\/?page_id=30"},"modified":"2023-02-16T16:56:08","modified_gmt":"2023-02-16T14:56:08","slug":"tuotepaketit","status":"publish","type":"page","link":"https:\/\/blogi.eoppimispalvelut.fi\/nordicprogrammingcompany\/tuotepaketit\/","title":{"rendered":"Tuotepaketit\/Product sets"},"content":{"rendered":"\n<p class=\"has-text-color has-medium-font-size\" style=\"color:#1e73be\"><strong>Yrityksemme myy atk-laitteita my\u00f6s kolmessa eri tuotepaketissa:<\/strong><\/p>\n\n\n\n<p style=\"font-size:18px\">Our company also has pre-made product packages in three different categories (In English on the bottom of the page):<\/p>\n\n\n\n<p class=\"has-small-font-size\">Hintoihin lis\u00e4t\u00e4\u00e4n Alv (+24%)\/The prices do not include VAT (+24% on prices)<\/p>\n\n\n\n<p class=\"has-white-color has-text-color\">moii<\/p>\n\n\n\n<div class=\"wp-block-group\"><div class=\"wp-block-group__inner-container is-layout-constrained wp-block-group-is-layout-constrained\">\n<p class=\"has-text-align-left has-text-color has-medium-font-size\" style=\"color:#1e73be;text-decoration:underline;text-transform:none\"><strong>Normal-p\u00f6yt\u00e4konepaketti 999\u20ac<\/strong><\/p>\n\n\n\n<div class=\"wp-block-group is-vertical is-layout-flex wp-container-core-group-is-layout-8cf370e7 wp-block-group-is-layout-flex\">\n<blockquote class=\"wp-block-quote is-layout-flow wp-block-quote-is-layout-flow\">\n<ul class=\"wp-block-list\">\n<li>\u2013 N\u00e4ytt\u00f6, hiiri, n\u00e4pp\u00e4imist\u00f6<\/li>\n\n\n\n<li>\u2013 Tietoturva + Microsoft 365<\/li>\n<\/ul>\n<\/blockquote>\n\n\n\n<p>Saatavina my\u00f6s kannettavalla tietokoneella! <strong>1199\u20ac<\/strong><\/p>\n<\/div>\n\n\n\n<p class=\"has-white-color has-text-color\">.<\/p>\n<\/div><\/div>\n\n\n\n<div class=\"wp-block-group\"><div class=\"wp-block-group__inner-container is-layout-constrained wp-block-group-is-layout-constrained\">\n<p class=\"has-text-color has-medium-font-size\" style=\"color:#1e73be;text-decoration:underline\"><strong>Professional-p\u00f6yt\u00e4konepaketti 1799<\/strong>\u20ac<\/p>\n\n\n\n<blockquote class=\"wp-block-quote is-layout-flow wp-block-quote-is-layout-flow\">\n<ul class=\"wp-block-list\">\n<li>\u2013 N\u00e4ytt\u00f6, hiiri, n\u00e4pp\u00e4imist\u00f6<\/li>\n\n\n\n<li>\u2013 Tietoturva + Microsoft 365<\/li>\n\n\n\n<li>\u2013 Monitoimitulostin, mustekasetti<\/li>\n<\/ul>\n<\/blockquote>\n\n\n\n<p>Saatavina my\u00f6s kannettavalla tietokoneella! <strong>1999\u20ac<\/strong><\/p>\n\n\n\n<p class=\"has-white-color has-text-color\">.<\/p>\n<\/div><\/div>\n\n\n\n<p class=\"has-text-color has-medium-font-size\" style=\"color:#1e73be;text-decoration:underline\"><strong>Champion-p\u00f6yt\u00e4konepaketti 1999\u20ac<\/strong><\/p>\n\n\n\n<blockquote class=\"wp-block-quote is-layout-flow wp-block-quote-is-layout-flow\">\n<ul class=\"wp-block-list\">\n<li>\u2013 N\u00e4ytt\u00f6, hiiri, n\u00e4pp\u00e4imist\u00f6<\/li>\n\n\n\n<li>\u2013 Tietoturva + Microsoft 365<\/li>\n\n\n\n<li>\u2013 Monitoimitulostin+mustekasetti<\/li>\n\n\n\n<li>\u2013 Kuulokemikrofoni, muistitikku, puhelin + suojakuori\/panssarilasi<\/li>\n<\/ul>\n<\/blockquote>\n\n\n\n<p><\/p>\n\n\n\n<p>Saatavina my\u00f6s kannettavalla tietokoneella! <strong>2199\u20ac<\/strong><\/p>\n\n\n\n<p class=\"has-white-color has-text-color\">.<\/p>\n\n\n\n<h2 class=\"wp-block-heading\">In English!<\/h2>\n\n\n\n<p class=\"has-text-color has-medium-font-size\" style=\"color:#1e73be;text-decoration:underline\"><strong>Normal-computer set 999\u20ac<\/strong><\/p>\n\n\n\n<blockquote class=\"wp-block-quote is-layout-flow wp-block-quote-is-layout-flow\">\n<ul class=\"wp-block-list\">\n<li>\u2013 Display, mouse, keyboard<\/li>\n\n\n\n<li>\u2013 Data security+Microsoft 365<\/li>\n<\/ul>\n<\/blockquote>\n\n\n\n<p>Also available with laptop option! <strong>1199\u20ac<\/strong><\/p>\n\n\n\n<p class=\"has-white-color has-text-color\">.<\/p>\n\n\n\n<p class=\"has-text-color has-medium-font-size\" style=\"color:#1e73be;text-decoration:underline\"><strong>Professional-computer set 1799\u20ac<\/strong><\/p>\n\n\n\n<blockquote class=\"wp-block-quote is-layout-flow wp-block-quote-is-layout-flow\">\n<ul class=\"wp-block-list\">\n<li>\u2013 Display, mouse, keyboard<\/li>\n\n\n\n<li>\u2013 Data security+Microsoft 365<\/li>\n\n\n\n<li>\u2013 Multifunction printer + ink cartridge<\/li>\n<\/ul>\n<\/blockquote>\n\n\n\n<p>Also available with laptop option! <strong>1999\u20ac<\/strong><\/p>\n\n\n\n<p class=\"has-white-color has-text-color\">.<\/p>\n\n\n\n<p class=\"has-text-color has-medium-font-size\" style=\"color:#1e73be;text-decoration:underline\"><strong>Champion-computer set 1999\u20ac<\/strong><\/p>\n\n\n\n<blockquote class=\"wp-block-quote is-layout-flow wp-block-quote-is-layout-flow\">\n<ul class=\"wp-block-list\">\n<li>\u2013 Display, mouse, keyboard<\/li>\n\n\n\n<li>\u2013 Data security+Microsoft 365<\/li>\n\n\n\n<li>\u2013 Multifunction printer + ink cartridge<\/li>\n\n\n\n<li>\u2013 Memory stick, phone + protective phone case and armored glass<\/li>\n<\/ul>\n<\/blockquote>\n\n\n\n<p>Also available with laptop option! <strong>2199\u20ac<\/strong><\/p>\n","protected":false},"excerpt":{"rendered":"<p>Yrityksemme myy atk-laitteita my\u00f6s kolmessa eri tuotepaketissa: Our company also has pre-made product packages in three different categories (In English on the bottom of the page): Hintoihin lis\u00e4t\u00e4\u00e4n Alv (+24%)\/The prices do not include VAT (+24% on prices) moii Normal-p\u00f6yt\u00e4konepaketti 999\u20ac Saatavina my\u00f6s kannettavalla tietokoneella! 1199\u20ac . Professional-p\u00f6yt\u00e4konepaketti 1799\u20ac Saatavina my\u00f6s kannettavalla tietokoneella! 1999\u20ac . [&hellip;]<\/p>\n","protected":false},"author":19969,"featured_media":0,"parent":0,"menu_order":3,"comment_status":"closed","ping_status":"closed","template":"","meta":{"footnotes":""},"class_list":["post-30","page","type-page","status-publish","hentry"],"_links":{"self":[{"href":"https:\/\/blogi.eoppimispalvelut.fi\/nordicprogrammingcompany\/wp-json\/wp\/v2\/pages\/30","targetHints":{"allow":["GET"]}}],"collection":[{"href":"https:\/\/blogi.eoppimispalvelut.fi\/nordicprogrammingcompany\/wp-json\/wp\/v2\/pages"}],"about":[{"href":"https:\/\/blogi.eoppimispalvelut.fi\/nordicprogrammingcompany\/wp-json\/wp\/v2\/types\/page"}],"author":[{"embeddable":true,"href":"https:\/\/blogi.eoppimispalvelut.fi\/nordicprogrammingcompany\/wp-json\/wp\/v2\/users\/19969"}],"replies":[{"embeddable":true,"href":"https:\/\/blogi.eoppimispalvelut.fi\/nordicprogrammingcompany\/wp-json\/wp\/v2\/comments?post=30"}],"version-history":[{"count":30,"href":"https:\/\/blogi.eoppimispalvelut.fi\/nordicprogrammingcompany\/wp-json\/wp\/v2\/pages\/30\/revisions"}],"predecessor-version":[{"id":150,"href":"https:\/\/blogi.eoppimispalvelut.fi\/nordicprogrammingcompany\/wp-json\/wp\/v2\/pages\/30\/revisions\/150"}],"wp:attachment":[{"href":"https:\/\/blogi.eoppimispalvelut.fi\/nordicprogrammingcompany\/wp-json\/wp\/v2\/media?parent=30"}],"curies":[{"name":"wp","href":"https:\/\/api.w.org\/{rel}","templated":true}]}}