{"id":33,"date":"2022-12-01T14:22:44","date_gmt":"2022-12-01T12:22:44","guid":{"rendered":"https:\/\/blogi.eoppimispalvelut.fi\/nordicprogrammingcompany\/?page_id=33"},"modified":"2023-02-23T14:51:24","modified_gmt":"2023-02-23T12:51:24","slug":"custom-ohjelmat","status":"publish","type":"page","link":"https:\/\/blogi.eoppimispalvelut.fi\/nordicprogrammingcompany\/custom-ohjelmat\/","title":{"rendered":"Custom-ohjelmat"},"content":{"rendered":"\n<p>Yrityksemme tekee yrityksellenne kustomoituja ohjelmistoja.<\/p>\n\n\n\n<p>Alkaen kilpailukykyiseen 2000\u20ac hintaan.<\/p>\n\n\n\n<p>L\u00e4het\u00e4 meille tarjouspyynt\u00f6 ja luomme tarpeisiinne vastaavan kustomointi-ohjelman.<\/p>\n\n\n\n<h2 class=\"wp-block-heading\">Custom softwares<\/h2>\n\n\n\n<p>Our company provides custom softwares for your company.<\/p>\n\n\n\n<p>Starting from a competitive price of 2000\u20ac.<\/p>\n\n\n\n<p>Send us an offer request and we will create a custom software that caters to your needs.<\/p>\n","protected":false},"excerpt":{"rendered":"<p>Yrityksemme tekee yrityksellenne kustomoituja ohjelmistoja. Alkaen kilpailukykyiseen 2000\u20ac hintaan. L\u00e4het\u00e4 meille tarjouspyynt\u00f6 ja luomme tarpeisiinne vastaavan kustomointi-ohjelman. Custom softwares Our company provides custom softwares for your company. Starting from a competitive price of 2000\u20ac. Send us an offer request and we will create a custom software that caters to your needs.<\/p>\n","protected":false},"author":19969,"featured_media":0,"parent":0,"menu_order":1,"comment_status":"closed","ping_status":"closed","template":"","meta":{"footnotes":""},"class_list":["post-33","page","type-page","status-publish","hentry"],"_links":{"self":[{"href":"https:\/\/blogi.eoppimispalvelut.fi\/nordicprogrammingcompany\/wp-json\/wp\/v2\/pages\/33","targetHints":{"allow":["GET"]}}],"collection":[{"href":"https:\/\/blogi.eoppimispalvelut.fi\/nordicprogrammingcompany\/wp-json\/wp\/v2\/pages"}],"about":[{"href":"https:\/\/blogi.eoppimispalvelut.fi\/nordicprogrammingcompany\/wp-json\/wp\/v2\/types\/page"}],"author":[{"embeddable":true,"href":"https:\/\/blogi.eoppimispalvelut.fi\/nordicprogrammingcompany\/wp-json\/wp\/v2\/users\/19969"}],"replies":[{"embeddable":true,"href":"https:\/\/blogi.eoppimispalvelut.fi\/nordicprogrammingcompany\/wp-json\/wp\/v2\/comments?post=33"}],"version-history":[{"count":8,"href":"https:\/\/blogi.eoppimispalvelut.fi\/nordicprogrammingcompany\/wp-json\/wp\/v2\/pages\/33\/revisions"}],"predecessor-version":[{"id":154,"href":"https:\/\/blogi.eoppimispalvelut.fi\/nordicprogrammingcompany\/wp-json\/wp\/v2\/pages\/33\/revisions\/154"}],"wp:attachment":[{"href":"https:\/\/blogi.eoppimispalvelut.fi\/nordicprogrammingcompany\/wp-json\/wp\/v2\/media?parent=33"}],"curies":[{"name":"wp","href":"https:\/\/api.w.org\/{rel}","templated":true}]}}