{"id":176,"date":"2021-12-09T17:58:31","date_gmt":"2021-12-09T15:58:31","guid":{"rendered":"https:\/\/blogi.eoppimispalvelut.fi\/northrevolutionwear\/?page_id=176"},"modified":"2021-12-09T18:34:09","modified_gmt":"2021-12-09T16:34:09","slug":"tietoa","status":"publish","type":"page","link":"https:\/\/blogi.eoppimispalvelut.fi\/northrevolutionwear\/tietoa\/","title":{"rendered":"Tietoa"},"content":{"rendered":"<p>[et_pb_section fb_built=&#8221;1&#8243; _builder_version=&#8221;4.8.2&#8243; _module_preset=&#8221;default&#8221;][et_pb_row _builder_version=&#8221;4.8.2&#8243; _module_preset=&#8221;default&#8221;][et_pb_column type=&#8221;4_4&#8243; _builder_version=&#8221;4.8.2&#8243; _module_preset=&#8221;default&#8221;][et_pb_text _builder_version=&#8221;4.8.2&#8243; _module_preset=&#8221;default&#8221; hover_enabled=&#8221;0&#8243; sticky_enabled=&#8221;0&#8243; text_font=&#8221;Abhaya Libre||||||||&#8221; text_text_color=&#8221;#000000&#8243; text_font_size=&#8221;19px&#8221; text_orientation=&#8221;center&#8221; text_line_height=&#8221;1.9em&#8221; min_height=&#8221;176.3px&#8221;]<\/p>\n<p>North Revolution Wear Opy on Lapin ammattikorkeakoulun virtuaalisessa oppiymp\u00e4rist\u00f6ss\u00e4 toimiva yritys. Tarjoamme laadukkaat ty\u00f6vaatteet helpottamaan ja tehostamaan ty\u00f6ntekoa. Vaatteet kustomoidaan vastaamaan yrityksenne tarpeita ja ilmett\u00e4. Tarjoamme my\u00f6s pesu- ja korjauspalvelua. S\u00e4\u00e4st\u00e4t aikaa ja rahaa, kun ostat kaiken samasta paikasta!<\/p>\n<p>[\/et_pb_text][et_pb_text _builder_version=&#8221;4.8.2&#8243; _module_preset=&#8221;default&#8221; text_font=&#8221;Aclonica||||||||&#8221; text_text_color=&#8221;#000000&#8243; text_font_size=&#8221;27px&#8221; text_orientation=&#8221;center&#8221; hover_enabled=&#8221;0&#8243; sticky_enabled=&#8221;0&#8243;]<\/p>\n<p>Meid\u00e4n tiimit<\/p>\n<p>[\/et_pb_text][\/et_pb_column][\/et_pb_row][et_pb_row column_structure=&#8221;1_3,1_3,1_3&#8243; _builder_version=&#8221;4.8.2&#8243; _module_preset=&#8221;default&#8221;][et_pb_column type=&#8221;1_3&#8243; _builder_version=&#8221;4.8.2&#8243; _module_preset=&#8221;default&#8221;][et_pb_text _builder_version=&#8221;4.8.2&#8243; _module_preset=&#8221;default&#8221; hover_enabled=&#8221;0&#8243; text_orientation=&#8221;center&#8221; text_font_size=&#8221;21px&#8221; text_font=&#8221;Aclonica||||||||&#8221; text_text_color=&#8221;#000000&#8243; sticky_enabled=&#8221;0&#8243; border_color_all=&#8221;rgba(226,79,0,0.82)&#8221; border_width_all=&#8221;2px&#8221; border_radii=&#8221;off|12px|12px||&#8221;]<\/p>\n<p>Talous<\/p>\n<p>[\/et_pb_text][et_pb_text _builder_version=&#8221;4.8.2&#8243; _module_preset=&#8221;default&#8221; hover_enabled=&#8221;0&#8243; text_font=&#8221;Aclonica||||||||&#8221; text_text_color=&#8221;#000000&#8243; text_orientation=&#8221;center&#8221; sticky_enabled=&#8221;0&#8243; background_enable_color=&#8221;off&#8221; border_width_all=&#8221;2px&#8221; border_color_all=&#8221;rgba(226,79,0,0.82)&#8221; border_radii=&#8221;off|||8px|8px&#8221;]<\/p>\n<p><span style=\"background-color: #ffffff;font-size: 14px\">Mariam Chatani<\/span><\/p>\n<p><span style=\"font-size: x-small\">Toimitusjohtaja<\/span><\/p>\n<p><span style=\"font-size: x-small\"><\/span><\/p>\n<p>Maaria Iso-Junno<\/p>\n<p><span style=\"background-color: #ffffff;font-size: x-small\">Varatoimitusjohtaja<\/span><\/p>\n<p>[\/et_pb_text][\/et_pb_column][et_pb_column type=&#8221;1_3&#8243; _builder_version=&#8221;4.8.2&#8243; _module_preset=&#8221;default&#8221;][et_pb_text _builder_version=&#8221;4.8.2&#8243; _module_preset=&#8221;default&#8221; hover_enabled=&#8221;0&#8243; text_orientation=&#8221;center&#8221; text_font_size=&#8221;21px&#8221; text_font=&#8221;Aclonica||||||||&#8221; text_text_color=&#8221;#000000&#8243; sticky_enabled=&#8221;0&#8243; border_color_all=&#8221;rgba(226,79,0,0.82)&#8221; border_width_all=&#8221;2px&#8221; border_radii=&#8221;off|12px|12px||&#8221;]<\/p>\n<p>Markkinointi<\/p>\n<p>[\/et_pb_text][et_pb_text _builder_version=&#8221;4.8.2&#8243; _module_preset=&#8221;default&#8221; hover_enabled=&#8221;0&#8243; text_font=&#8221;Aclonica||||||||&#8221; text_text_color=&#8221;#000000&#8243; text_orientation=&#8221;center&#8221; sticky_enabled=&#8221;0&#8243; background_enable_color=&#8221;off&#8221; border_width_all=&#8221;2px&#8221; border_color_all=&#8221;rgba(226,79,0,0.82)&#8221; border_radii=&#8221;off|||8px|8px&#8221;]<\/p>\n<p><span style=\"background-color: #ffffff;font-size: 14px\">Niklas Hernberg<\/span><\/p>\n<p><span style=\"font-size: x-small\">Varapuheenjohtaja<\/span><\/p>\n<p><span style=\"font-size: x-small\"><\/span><\/p>\n<p>Sanni Saarela<\/p>\n<p>Reetta Haapalehto<\/p>\n<p>Sini Hosio<\/p>\n<p>[\/et_pb_text][\/et_pb_column][et_pb_column type=&#8221;1_3&#8243; _builder_version=&#8221;4.8.2&#8243; _module_preset=&#8221;default&#8221;][et_pb_text _builder_version=&#8221;4.8.2&#8243; _module_preset=&#8221;default&#8221; hover_enabled=&#8221;0&#8243; text_orientation=&#8221;center&#8221; text_font_size=&#8221;21px&#8221; text_font=&#8221;Aclonica||||||||&#8221; text_text_color=&#8221;#000000&#8243; sticky_enabled=&#8221;0&#8243; border_color_all=&#8221;rgba(226,79,0,0.82)&#8221; border_width_all=&#8221;2px&#8221; border_radii=&#8221;off|12px|12px||&#8221;]<\/p>\n<p>Hankinta ja markkinointi<\/p>\n<p>[\/et_pb_text][et_pb_text _builder_version=&#8221;4.8.2&#8243; _module_preset=&#8221;default&#8221; hover_enabled=&#8221;0&#8243; text_font=&#8221;Aclonica||||||||&#8221; text_text_color=&#8221;#000000&#8243; text_orientation=&#8221;center&#8221; sticky_enabled=&#8221;0&#8243; background_enable_color=&#8221;off&#8221; border_width_all=&#8221;2px&#8221; border_color_all=&#8221;rgba(226,79,0,0.82)&#8221; border_radii=&#8221;off|||8px|8px&#8221;]<\/p>\n<p><span style=\"background-color: #ffffff;font-size: 14px\">Teemu Harju<\/span><\/p>\n<p><span style=\"font-size: xx-small\">Puheenjohtaja<\/span><\/p>\n<p><span style=\"font-size: x-small\"><\/span><\/p>\n<p>Kimmo Rovanper\u00e4<\/p>\n<p>[\/et_pb_text][\/et_pb_column][\/et_pb_row][\/et_pb_section]<\/p>\n","protected":false},"excerpt":{"rendered":"<p>North Revolution Wear Opy on Lapin ammattikorkeakoulun virtuaalisessa oppiymp\u00e4rist\u00f6ss\u00e4 toimiva yritys. Tarjoamme laadukkaat ty\u00f6vaatteet helpottamaan ja tehostamaan ty\u00f6ntekoa. Vaatteet kustomoidaan vastaamaan yrityksenne tarpeita ja ilmett\u00e4. Tarjoamme my\u00f6s pesu- ja korjauspalvelua. S\u00e4\u00e4st\u00e4t aikaa ja rahaa, kun ostat kaiken samasta paikasta!Meid\u00e4n tiimitTalousMariam Chatani Toimitusjohtaja Maaria Iso-Junno VaratoimitusjohtajaMarkkinointiNiklas Hernberg Varapuheenjohtaja Sanni Saarela Reetta Haapalehto Sini HosioHankinta ja markkinointiTeemu [&hellip;]<\/p>\n","protected":false},"author":8798,"featured_media":0,"parent":0,"menu_order":0,"comment_status":"closed","ping_status":"closed","template":"","meta":{"_et_pb_use_builder":"on","_et_pb_old_content":"","_et_gb_content_width":"","footnotes":""},"class_list":["post-176","page","type-page","status-publish","hentry"],"_links":{"self":[{"href":"https:\/\/blogi.eoppimispalvelut.fi\/northrevolutionwear\/wp-json\/wp\/v2\/pages\/176","targetHints":{"allow":["GET"]}}],"collection":[{"href":"https:\/\/blogi.eoppimispalvelut.fi\/northrevolutionwear\/wp-json\/wp\/v2\/pages"}],"about":[{"href":"https:\/\/blogi.eoppimispalvelut.fi\/northrevolutionwear\/wp-json\/wp\/v2\/types\/page"}],"author":[{"embeddable":true,"href":"https:\/\/blogi.eoppimispalvelut.fi\/northrevolutionwear\/wp-json\/wp\/v2\/users\/8798"}],"replies":[{"embeddable":true,"href":"https:\/\/blogi.eoppimispalvelut.fi\/northrevolutionwear\/wp-json\/wp\/v2\/comments?post=176"}],"version-history":[{"count":4,"href":"https:\/\/blogi.eoppimispalvelut.fi\/northrevolutionwear\/wp-json\/wp\/v2\/pages\/176\/revisions"}],"predecessor-version":[{"id":183,"href":"https:\/\/blogi.eoppimispalvelut.fi\/northrevolutionwear\/wp-json\/wp\/v2\/pages\/176\/revisions\/183"}],"wp:attachment":[{"href":"https:\/\/blogi.eoppimispalvelut.fi\/northrevolutionwear\/wp-json\/wp\/v2\/media?parent=176"}],"curies":[{"name":"wp","href":"https:\/\/api.w.org\/{rel}","templated":true}]}}