{"id":19,"date":"2021-11-26T11:22:39","date_gmt":"2021-11-26T09:22:39","guid":{"rendered":"https:\/\/blogi.eoppimispalvelut.fi\/northrevolutionwear\/?page_id=19"},"modified":"2022-02-08T13:56:23","modified_gmt":"2022-02-08T11:56:23","slug":"koti","status":"publish","type":"page","link":"https:\/\/blogi.eoppimispalvelut.fi\/northrevolutionwear\/","title":{"rendered":"Koti"},"content":{"rendered":"<p>[et_pb_section fb_built=&#8221;1&#8243; _builder_version=&#8221;4.8.2&#8243; _module_preset=&#8221;default&#8221; background_enable_color=&#8221;off&#8221; use_background_color_gradient=&#8221;on&#8221; background_color_gradient_start=&#8221;#ffffff&#8221; background_color_gradient_end=&#8221;#000000&#8243; background_color_gradient_direction=&#8221;104deg&#8221; background_color_gradient_start_position=&#8221;32%&#8221; background_color_gradient_end_position=&#8221;66%&#8221; background_image=&#8221;https:\/\/blogi.eoppimispalvelut.fi\/northrevolutionwear\/files\/2021\/11\/mechanical-engineering-ge45c952bb_1920.jpg&#8221; background_blend=&#8221;screen&#8221; min_height=&#8221;652.4px&#8221; custom_margin=&#8221;||230px|||&#8221; custom_padding=&#8221;||0px|||&#8221;][et_pb_row _builder_version=&#8221;4.8.2&#8243; _module_preset=&#8221;default&#8221;][et_pb_column type=&#8221;4_4&#8243; _builder_version=&#8221;4.8.2&#8243; _module_preset=&#8221;default&#8221;][et_pb_text _builder_version=&#8221;4.8.2&#8243; _module_preset=&#8221;default&#8221; text_font=&#8221;Abril Fatface||||||||&#8221; text_font_size=&#8221;48px&#8221; text_letter_spacing=&#8221;6px&#8221; width=&#8221;0%&#8221; text_text_shadow_style=&#8221;preset4&#8243; text_text_shadow_blur_strength=&#8221;0.03em&#8221; inline_fonts=&#8221;Abel&#8221;]<\/p>\n<h1><span style=\"font-size: xx-large\"><strong><span style=\"font-family: Abel\">Keeps\u00a0<\/span><span style=\"font-family: Abel\">you\u00a0<\/span><span style=\"font-family: Abel\">working<\/span><\/strong><\/span><\/h1>\n<p>[\/et_pb_text][\/et_pb_column][\/et_pb_row][\/et_pb_section][et_pb_section fb_built=&#8221;1&#8243; _builder_version=&#8221;4.8.2&#8243; _module_preset=&#8221;default&#8221; background_color_gradient_direction=&#8221;160deg&#8221; background_enable_image=&#8221;off&#8221; min_height=&#8221;260.4px&#8221; custom_margin=&#8221;-228px||-4px|||&#8221; custom_padding=&#8221;||0px|||&#8221;][et_pb_row _builder_version=&#8221;4.8.2&#8243; _module_preset=&#8221;default&#8221;][et_pb_column type=&#8221;4_4&#8243; _builder_version=&#8221;4.8.2&#8243; _module_preset=&#8221;default&#8221;][et_pb_text _builder_version=&#8221;4.8.2&#8243; _module_preset=&#8221;default&#8221; text_font=&#8221;Aclonica||||||||&#8221; text_text_color=&#8221;#000000&#8243; text_font_size=&#8221;37px&#8221; text_letter_spacing=&#8221;2px&#8221; text_line_height=&#8221;1.8em&#8221; text_orientation=&#8221;center&#8221; custom_padding=&#8221;||0px|||&#8221;]Laadukkaat, kest\u00e4v\u00e4t ja kustomoitavat ty\u00f6vaatteet jokaiseen tarpeeseen!<br \/>\n[\/et_pb_text][et_pb_button button_url=&#8221;@ET-DC@eyJkeW5hbWljIjp0cnVlLCJjb250ZW50IjoicG9zdF9saW5rX3VybF9wYWdlIiwic2V0dGluZ3MiOnsicG9zdF9pZCI6IjQ0In19@&#8221; button_text=&#8221;Ty\u00f6vaatteet&#8221; button_alignment=&#8221;center&#8221; _builder_version=&#8221;4.8.2&#8243; _dynamic_attributes=&#8221;button_url&#8221; _module_preset=&#8221;default&#8221; hover_enabled=&#8221;0&#8243; box_shadow_style=&#8221;preset2&#8243; custom_button=&#8221;on&#8221; button_icon=&#8221;%%24%%&#8221; sticky_enabled=&#8221;0&#8243;][\/et_pb_button][\/et_pb_column][\/et_pb_row][\/et_pb_section][et_pb_section fb_built=&#8221;1&#8243; _builder_version=&#8221;4.8.2&#8243; _module_preset=&#8221;default&#8221; background_image=&#8221;https:\/\/blogi.eoppimispalvelut.fi\/northrevolutionwear\/files\/2021\/11\/agto-nugroho-1mnXGDl3iRY-unsplash-scaled.jpg&#8221; min_height=&#8221;579px&#8221; custom_margin=&#8221;||53px|||&#8221; custom_padding=&#8221;||412px|||&#8221;][et_pb_row _builder_version=&#8221;4.8.2&#8243; _module_preset=&#8221;default&#8221;][et_pb_column type=&#8221;4_4&#8243; _builder_version=&#8221;4.8.2&#8243; _module_preset=&#8221;default&#8221;][et_pb_text _builder_version=&#8221;4.8.2&#8243; _module_preset=&#8221;default&#8221; text_font=&#8221;Aclonica||||||||&#8221; text_text_color=&#8221;#000000&#8243; text_font_size=&#8221;28px&#8221; text_line_height=&#8221;1.8em&#8221; text_orientation=&#8221;right&#8221; max_width=&#8221;28%&#8221; module_alignment=&#8221;right&#8221; hover_enabled=&#8221;0&#8243; text_text_shadow_style=&#8221;preset4&#8243; text_text_shadow_horizontal_length=&#8221;0.08em&#8221; sticky_enabled=&#8221;0&#8243;]<\/p>\n<p>Yrityksesi ilme n\u00e4kyviin tyylikk\u00e4ill\u00e4 brodeerauksilla<\/p>\n<p>[\/et_pb_text][et_pb_button button_url=&#8221;@ET-DC@eyJkeW5hbWljIjp0cnVlLCJjb250ZW50IjoicG9zdF9saW5rX3VybF9wYWdlIiwic2V0dGluZ3MiOnsicG9zdF9pZCI6IjQ3In19@&#8221; button_text=&#8221;Brodeeraus&#8221; button_alignment=&#8221;right&#8221; _builder_version=&#8221;4.8.2&#8243; _dynamic_attributes=&#8221;button_url&#8221; _module_preset=&#8221;default&#8221; hover_enabled=&#8221;0&#8243; box_shadow_style=&#8221;preset2&#8243; custom_button=&#8221;on&#8221; button_icon=&#8221;%%24%%&#8221; sticky_enabled=&#8221;0&#8243;][\/et_pb_button][\/et_pb_column][\/et_pb_row][\/et_pb_section][et_pb_section fb_built=&#8221;1&#8243; _builder_version=&#8221;4.8.2&#8243; _module_preset=&#8221;default&#8221;][et_pb_row column_structure=&#8221;1_3,1_3,1_3&#8243; _builder_version=&#8221;4.8.2&#8243; _module_preset=&#8221;default&#8221;][et_pb_column type=&#8221;1_3&#8243; _builder_version=&#8221;4.8.2&#8243; _module_preset=&#8221;default&#8221;][et_pb_image src=&#8221;https:\/\/blogi.eoppimispalvelut.fi\/northrevolutionwear\/files\/2021\/11\/needle-g712a0368f_1280.png&#8221; title_text=&#8221;needle-g712a0368f_1280&#8243; _builder_version=&#8221;4.8.2&#8243; _module_preset=&#8221;default&#8221; min_height=&#8221;224px&#8221; custom_margin=&#8221;||54px|||&#8221;][\/et_pb_image][\/et_pb_column][et_pb_column _builder_version=&#8221;4.8.2&#8243; _module_preset=&#8221;default&#8221; type=&#8221;1_3&#8243;][et_pb_image src=&#8221;https:\/\/blogi.eoppimispalvelut.fi\/northrevolutionwear\/files\/2021\/11\/washing-machine-g9ef0e0f98_1280.png&#8221; title_text=&#8221;washing-machine-g9ef0e0f98_1280&#8243; _builder_version=&#8221;4.8.2&#8243; _module_preset=&#8221;default&#8221;][\/et_pb_image][\/et_pb_column][et_pb_column type=&#8221;1_3&#8243; _builder_version=&#8221;4.8.2&#8243; _module_preset=&#8221;default&#8221;][et_pb_text _builder_version=&#8221;4.8.2&#8243; _module_preset=&#8221;default&#8221; text_font=&#8221;Aclonica||||||||&#8221; text_text_color=&#8221;#000000&#8243; text_font_size=&#8221;24px&#8221; text_letter_spacing=&#8221;2px&#8221; text_line_height=&#8221;1.1em&#8221; text_orientation=&#8221;center&#8221; custom_padding=&#8221;||0px|||&#8221; hover_enabled=&#8221;0&#8243; text_text_shadow_style=&#8221;preset2&#8243; sticky_enabled=&#8221;0&#8243; min_height=&#8221;155.2px&#8221;]<\/p>\n<p><span style=\"font-size: x-large\"><\/span><\/p>\n<p><span style=\"font-size: x-large\"><\/span><\/p>\n<p><span style=\"font-size: x-large\"><\/span><\/p>\n<p><span style=\"font-size: x-large\">Huolehdimme my\u00f6s ty\u00f6vaatteidesi pesusta ja kunnosta!<\/span><\/p>\n<p>[\/et_pb_text][et_pb_button button_url=&#8221;@ET-DC@eyJkeW5hbWljIjp0cnVlLCJjb250ZW50IjoicG9zdF9saW5rX3VybF9wYWdlIiwic2V0dGluZ3MiOnsicG9zdF9pZCI6IjUwIn19@&#8221; button_text=&#8221;Pesu- ja korjaus&#8221; button_alignment=&#8221;center&#8221; _builder_version=&#8221;4.8.2&#8243; _dynamic_attributes=&#8221;button_url&#8221; _module_preset=&#8221;default&#8221; hover_enabled=&#8221;0&#8243; box_shadow_style=&#8221;preset2&#8243; sticky_enabled=&#8221;0&#8243; custom_button=&#8221;on&#8221; button_icon=&#8221;%%24%%&#8221;][\/et_pb_button][\/et_pb_column][\/et_pb_row][\/et_pb_section]<\/p>\n","protected":false},"excerpt":{"rendered":"<p>Keeps\u00a0you\u00a0working Laadukkaat, kest\u00e4v\u00e4t ja kustomoitavat ty\u00f6vaatteet jokaiseen tarpeeseen! Yrityksesi ilme n\u00e4kyviin tyylikk\u00e4ill\u00e4 brodeerauksilla Huolehdimme my\u00f6s ty\u00f6vaatteidesi pesusta ja kunnosta!<\/p>\n","protected":false},"author":8798,"featured_media":0,"parent":0,"menu_order":0,"comment_status":"closed","ping_status":"closed","template":"","meta":{"_et_pb_use_builder":"on","_et_pb_old_content":"","_et_gb_content_width":"","footnotes":""},"class_list":["post-19","page","type-page","status-publish","hentry"],"_links":{"self":[{"href":"https:\/\/blogi.eoppimispalvelut.fi\/northrevolutionwear\/wp-json\/wp\/v2\/pages\/19","targetHints":{"allow":["GET"]}}],"collection":[{"href":"https:\/\/blogi.eoppimispalvelut.fi\/northrevolutionwear\/wp-json\/wp\/v2\/pages"}],"about":[{"href":"https:\/\/blogi.eoppimispalvelut.fi\/northrevolutionwear\/wp-json\/wp\/v2\/types\/page"}],"author":[{"embeddable":true,"href":"https:\/\/blogi.eoppimispalvelut.fi\/northrevolutionwear\/wp-json\/wp\/v2\/users\/8798"}],"replies":[{"embeddable":true,"href":"https:\/\/blogi.eoppimispalvelut.fi\/northrevolutionwear\/wp-json\/wp\/v2\/comments?post=19"}],"version-history":[{"count":17,"href":"https:\/\/blogi.eoppimispalvelut.fi\/northrevolutionwear\/wp-json\/wp\/v2\/pages\/19\/revisions"}],"predecessor-version":[{"id":167,"href":"https:\/\/blogi.eoppimispalvelut.fi\/northrevolutionwear\/wp-json\/wp\/v2\/pages\/19\/revisions\/167"}],"wp:attachment":[{"href":"https:\/\/blogi.eoppimispalvelut.fi\/northrevolutionwear\/wp-json\/wp\/v2\/media?parent=19"}],"curies":[{"name":"wp","href":"https:\/\/api.w.org\/{rel}","templated":true}]}}