{"id":23,"date":"2021-11-26T11:27:05","date_gmt":"2021-11-26T09:27:05","guid":{"rendered":"https:\/\/blogi.eoppimispalvelut.fi\/northrevolutionwear\/?page_id=23"},"modified":"2021-12-09T17:46:02","modified_gmt":"2021-12-09T15:46:02","slug":"yhteydenotto","status":"publish","type":"page","link":"https:\/\/blogi.eoppimispalvelut.fi\/northrevolutionwear\/yhteydenotto\/","title":{"rendered":"Yhteydenotto"},"content":{"rendered":"<p>[et_pb_section fb_built=&#8221;1&#8243; _builder_version=&#8221;4.8.2&#8243; _module_preset=&#8221;default&#8221;][et_pb_row _builder_version=&#8221;4.8.2&#8243; _module_preset=&#8221;default&#8221;][et_pb_column _builder_version=&#8221;4.8.2&#8243; _module_preset=&#8221;default&#8221; type=&#8221;4_4&#8243;][et_pb_text _builder_version=&#8221;4.8.2&#8243; _module_preset=&#8221;default&#8221; hover_enabled=&#8221;0&#8243; sticky_enabled=&#8221;0&#8243; text_font=&#8221;Aclonica||||||||&#8221; text_text_color=&#8221;#000000&#8243; text_font_size=&#8221;23px&#8221; text_letter_spacing=&#8221;3px&#8221; text_line_height=&#8221;1.8em&#8221; text_text_shadow_style=&#8221;preset1&#8243; text_orientation=&#8221;center&#8221;]<\/p>\n<p>Kiinnostuitko yrityksemme tarjoamista tuotteista ja palveluista?<\/p>\n<p>Ota yhteytt\u00e4 t\u00e4ytt\u00e4m\u00e4ll\u00e4 alla oleva lomake.<\/p>\n<p>[\/et_pb_text][\/et_pb_column][\/et_pb_row][\/et_pb_section]<\/p>\n","protected":false},"excerpt":{"rendered":"<p>Kiinnostuitko yrityksemme tarjoamista tuotteista ja palveluista? Ota yhteytt\u00e4 t\u00e4ytt\u00e4m\u00e4ll\u00e4 alla oleva lomake.<\/p>\n","protected":false},"author":8798,"featured_media":0,"parent":0,"menu_order":0,"comment_status":"closed","ping_status":"closed","template":"","meta":{"_et_pb_use_builder":"on","_et_pb_old_content":"<p style=\"text-align: center;\">North Revolution Wear Opy<\/p><p style=\"text-align: center;\"><span class=\"TextRun SCXW9264211 BCX0\" lang=\"FI-FI\" xml:lang=\"FI-FI\" data-contrast=\"auto\"><span class=\"SpellingError SCXW9264211 BCX0\">Piippolantie<\/span><span class=\"NormalTextRun SCXW9264211 BCX0\">\u00a0<\/span><span class=\"NormalTextRun SCXW9264211 BCX0\">9<\/span><span class=\"NormalTextRun SCXW9264211 BCX0\"> A<\/span><\/span><\/p><p style=\"text-align: center;\"><span class=\"TextRun SCXW9264211 BCX0\" lang=\"FI-FI\" xml:lang=\"FI-FI\" data-contrast=\"auto\"><span class=\"NormalTextRun SCXW9264211 BCX0\">9<\/span><span class=\"NormalTextRun SCXW9264211 BCX0\">65<\/span><span class=\"NormalTextRun SCXW9264211 BCX0\">00 Napalaakso<\/span><\/span><span class=\"EOP SCXW9264211 BCX0\" data-ccp-props=\"{\"201341983\":0,\"335559739\":200,\"335559740\":276}\">\u00a0<\/span><\/p><p style=\"text-align: center;\"><span class=\"TextRun SCXW99126950 BCX0\" lang=\"FI-FI\" xml:lang=\"FI-FI\" data-contrast=\"none\"><span class=\"NormalTextRun SCXW99126950 BCX0\">northrevolutionwear@napalaakso.fi<\/span><\/span><span class=\"EOP SCXW99126950 BCX0\" data-ccp-props=\"{\"201341983\":0,\"335559739\":200,\"335559740\":276}\">\u00a0<\/span><\/p><p>\u00a0<\/p><p style=\"text-align: center;\"><span data-contrast=\"auto\">Y-tunnus<\/span><span data-ccp-props=\"{\"201341983\":0,\"335559739\":160,\"335559740\":259}\">\u00a0<\/span><\/p><p style=\"text-align: center;\"><span data-contrast=\"auto\">1515185-6<\/span><span data-ccp-props=\"{\"201341983\":0,\"335559739\":160,\"335559740\":259}\">\u00a0<\/span><\/p><p>\u00a0<\/p><p style=\"text-align: center;\">\u00a0<\/p>","_et_gb_content_width":"","footnotes":""},"class_list":["post-23","page","type-page","status-publish","hentry"],"_links":{"self":[{"href":"https:\/\/blogi.eoppimispalvelut.fi\/northrevolutionwear\/wp-json\/wp\/v2\/pages\/23","targetHints":{"allow":["GET"]}}],"collection":[{"href":"https:\/\/blogi.eoppimispalvelut.fi\/northrevolutionwear\/wp-json\/wp\/v2\/pages"}],"about":[{"href":"https:\/\/blogi.eoppimispalvelut.fi\/northrevolutionwear\/wp-json\/wp\/v2\/types\/page"}],"author":[{"embeddable":true,"href":"https:\/\/blogi.eoppimispalvelut.fi\/northrevolutionwear\/wp-json\/wp\/v2\/users\/8798"}],"replies":[{"embeddable":true,"href":"https:\/\/blogi.eoppimispalvelut.fi\/northrevolutionwear\/wp-json\/wp\/v2\/comments?post=23"}],"version-history":[{"count":7,"href":"https:\/\/blogi.eoppimispalvelut.fi\/northrevolutionwear\/wp-json\/wp\/v2\/pages\/23\/revisions"}],"predecessor-version":[{"id":174,"href":"https:\/\/blogi.eoppimispalvelut.fi\/northrevolutionwear\/wp-json\/wp\/v2\/pages\/23\/revisions\/174"}],"wp:attachment":[{"href":"https:\/\/blogi.eoppimispalvelut.fi\/northrevolutionwear\/wp-json\/wp\/v2\/media?parent=23"}],"curies":[{"name":"wp","href":"https:\/\/api.w.org\/{rel}","templated":true}]}}