{"id":50,"date":"2021-11-26T12:51:18","date_gmt":"2021-11-26T10:51:18","guid":{"rendered":"https:\/\/blogi.eoppimispalvelut.fi\/northrevolutionwear\/?page_id=50"},"modified":"2022-02-04T13:18:02","modified_gmt":"2022-02-04T11:18:02","slug":"pesu-ja-korjaus","status":"publish","type":"page","link":"https:\/\/blogi.eoppimispalvelut.fi\/northrevolutionwear\/pesu-ja-korjaus\/","title":{"rendered":"Pesu ja korjaus"},"content":{"rendered":"<p>[et_pb_section fb_built=&#8221;1&#8243; _builder_version=&#8221;3.22&#8243;][et_pb_row _builder_version=&#8221;3.25&#8243; background_size=&#8221;initial&#8221; background_position=&#8221;top_left&#8221; background_repeat=&#8221;repeat&#8221;][et_pb_column type=&#8221;4_4&#8243; _builder_version=&#8221;3.25&#8243; custom_padding=&#8221;|||&#8221; custom_padding__hover=&#8221;|||&#8221;][et_pb_text _builder_version=&#8221;4.8.2&#8243; text_text_color=&#8221;#000000&#8243; text_font_size=&#8221;16px&#8221; background_size=&#8221;initial&#8221; background_position=&#8221;top_left&#8221; background_repeat=&#8221;repeat&#8221; custom_padding=&#8221;||0px|||&#8221; hover_enabled=&#8221;0&#8243; sticky_enabled=&#8221;0&#8243;]<\/p>\n<p style=\"text-align: center\">Tarjoamme laadukkaiden ty\u00f6vaatteidemme lis\u00e4ksi sinulle pesu- ja korjauspalvelun, joka lis\u00e4\u00e4 niin tuotteen ekologisuutta kuin helppok\u00e4ytt\u00f6isyytt\u00e4kin.<\/p>\n<p style=\"text-align: center\">Kun ty\u00f6vaatteesi likaantuu tai repe\u00e4\u00e4, l\u00e4het\u00e4 se meille! Pesemme ja korjaamme ty\u00f6vaatteen, ja palautuessaan k\u00e4ytt\u00f6\u00f6si se on kuin uusi.<\/p>\n<p style=\"text-align: center\" data-ccp-props=\"{&quot;335551550&quot;:1,&quot;335551620&quot;:1,&quot;335559683&quot;:0,&quot;335559685&quot;:0,&quot;335559731&quot;:0,&quot;335559737&quot;:0,&quot;335562764&quot;:2,&quot;335562765&quot;:0.9,&quot;335562766&quot;:4,&quot;335562767&quot;:10,&quot;335562768&quot;:4,&quot;335562769&quot;:0}\">Esimerkkihinnasto:<\/p>\n<p style=\"text-align: center\" data-ccp-props=\"{&quot;335551550&quot;:1,&quot;335551620&quot;:1,&quot;335559683&quot;:0,&quot;335559685&quot;:0,&quot;335559731&quot;:0,&quot;335559737&quot;:0,&quot;335562764&quot;:2,&quot;335562765&quot;:0.9,&quot;335562766&quot;:4,&quot;335562767&quot;:10,&quot;335562768&quot;:4,&quot;335562769&quot;:0}\">\n<p style=\"text-align: center\" data-ccp-props=\"{&quot;335551550&quot;:1,&quot;335551620&quot;:1,&quot;335559683&quot;:0,&quot;335559685&quot;:0,&quot;335559731&quot;:0,&quot;335559737&quot;:0,&quot;335562764&quot;:2,&quot;335562765&quot;:0.9,&quot;335562766&quot;:4,&quot;335562767&quot;:10,&quot;335562768&quot;:4,&quot;335562769&quot;:0}\"><span data-usefontface=\"true\" data-contrast=\"none\">Pesu kaksi kertaa\u00a0<\/span><span data-usefontface=\"true\" data-contrast=\"none\">viikossa sek\u00e4 vaatteiden\u00a0<\/span><span data-usefontface=\"true\" data-contrast=\"none\">tarkistus ja\u00a0<\/span><span data-usefontface=\"true\" data-contrast=\"none\">korjaus\u00a0(yll\u00e4pito),\u00a0<\/span><span data-usefontface=\"true\" data-contrast=\"none\">kolmelle henkil\u00f6lle<\/span>\u200b<\/p>\n<p style=\"text-align: center\"><span data-usefontface=\"true\" data-contrast=\"none\">Perushinta 499 \u20ac\/kk<\/span>\u200b<\/p>\n<p style=\"text-align: center\"><span data-usefontface=\"true\" data-contrast=\"none\">Kanta-asiakashinta\u00a0<\/span><span data-usefontface=\"true\" data-contrast=\"none\">399 \u20ac\/kk<\/span><\/p>\n<p style=\"text-align: center\">Henkil\u00f6kohtainen pesupussi 5 \u20ac\/kpl<\/p>\n<p style=\"text-align: center\">\n<p style=\"text-align: center\"><span data-usefontface=\"true\" data-contrast=\"none\">Kysy tarjous s\u00e4hk\u00f6postilla!<\/span><\/p>\n<p>[\/et_pb_text][\/et_pb_column][\/et_pb_row][\/et_pb_section][et_pb_section fb_built=&#8221;1&#8243; _builder_version=&#8221;4.8.2&#8243; _module_preset=&#8221;default&#8221; background_image=&#8221;https:\/\/blogi.eoppimispalvelut.fi\/northrevolutionwear\/files\/2021\/12\/Pesukone.jpg&#8221; min_height=&#8221;468px&#8221;][\/et_pb_section][et_pb_section fb_built=&#8221;1&#8243; _builder_version=&#8221;4.8.2&#8243; _module_preset=&#8221;default&#8221;][et_pb_row _builder_version=&#8221;4.8.2&#8243; _module_preset=&#8221;default&#8221;][et_pb_column type=&#8221;4_4&#8243; _builder_version=&#8221;4.8.2&#8243; _module_preset=&#8221;default&#8221;][\/et_pb_column][\/et_pb_row][\/et_pb_section]<\/p>\n","protected":false},"excerpt":{"rendered":"<p>Tarjoamme laadukkaiden ty\u00f6vaatteidemme lis\u00e4ksi sinulle pesu- ja korjauspalvelun, joka lis\u00e4\u00e4 niin tuotteen ekologisuutta kuin helppok\u00e4ytt\u00f6isyytt\u00e4kin. Kun ty\u00f6vaatteesi likaantuu tai repe\u00e4\u00e4, l\u00e4het\u00e4 se meille! Pesemme ja korjaamme ty\u00f6vaatteen, ja palautuessaan k\u00e4ytt\u00f6\u00f6si se on kuin uusi. Esimerkkihinnasto: Pesu kaksi kertaa\u00a0viikossa sek\u00e4 vaatteiden\u00a0tarkistus ja\u00a0korjaus\u00a0(yll\u00e4pito),\u00a0kolmelle henkil\u00f6lle\u200b Perushinta 499 \u20ac\/kk\u200b Kanta-asiakashinta\u00a0399 \u20ac\/kk Henkil\u00f6kohtainen pesupussi 5 \u20ac\/kpl Kysy tarjous s\u00e4hk\u00f6postilla!<\/p>\n","protected":false},"author":8798,"featured_media":0,"parent":0,"menu_order":0,"comment_status":"closed","ping_status":"closed","template":"","meta":{"_et_pb_use_builder":"on","_et_pb_old_content":"<p style=\"text-align: center;\">Tarjoamme laadukkaiden ty\u00f6vaatteidemme lis\u00e4ksi sinulle pesu- ja korjauspalvelun, joka lis\u00e4\u00e4 niin tuotteen ekologisuutta kuin helppok\u00e4ytt\u00f6isyytt\u00e4kin.<\/p><p style=\"text-align: center;\">Kun ty\u00f6vaatteesi likaantuu tai repe\u00e4\u00e4, l\u00e4het\u00e4 se meille! Pesemme ja korjaamme ty\u00f6vaatteen, ja palautuessaan k\u00e4ytt\u00f6\u00f6si se on kuin uusi.<\/p><p style=\"text-align: center;\">\u00a0<\/p>","_et_gb_content_width":"","footnotes":""},"class_list":["post-50","page","type-page","status-publish","hentry"],"_links":{"self":[{"href":"https:\/\/blogi.eoppimispalvelut.fi\/northrevolutionwear\/wp-json\/wp\/v2\/pages\/50","targetHints":{"allow":["GET"]}}],"collection":[{"href":"https:\/\/blogi.eoppimispalvelut.fi\/northrevolutionwear\/wp-json\/wp\/v2\/pages"}],"about":[{"href":"https:\/\/blogi.eoppimispalvelut.fi\/northrevolutionwear\/wp-json\/wp\/v2\/types\/page"}],"author":[{"embeddable":true,"href":"https:\/\/blogi.eoppimispalvelut.fi\/northrevolutionwear\/wp-json\/wp\/v2\/users\/8798"}],"replies":[{"embeddable":true,"href":"https:\/\/blogi.eoppimispalvelut.fi\/northrevolutionwear\/wp-json\/wp\/v2\/comments?post=50"}],"version-history":[{"count":16,"href":"https:\/\/blogi.eoppimispalvelut.fi\/northrevolutionwear\/wp-json\/wp\/v2\/pages\/50\/revisions"}],"predecessor-version":[{"id":231,"href":"https:\/\/blogi.eoppimispalvelut.fi\/northrevolutionwear\/wp-json\/wp\/v2\/pages\/50\/revisions\/231"}],"wp:attachment":[{"href":"https:\/\/blogi.eoppimispalvelut.fi\/northrevolutionwear\/wp-json\/wp\/v2\/media?parent=50"}],"curies":[{"name":"wp","href":"https:\/\/api.w.org\/{rel}","templated":true}]}}