{"id":57,"date":"2021-11-28T19:09:04","date_gmt":"2021-11-28T17:09:04","guid":{"rendered":"https:\/\/blogi.eoppimispalvelut.fi\/northrevolutionwear\/?page_id=57"},"modified":"2021-12-08T15:41:30","modified_gmt":"2021-12-08T13:41:30","slug":"vastuullisuus","status":"publish","type":"page","link":"https:\/\/blogi.eoppimispalvelut.fi\/northrevolutionwear\/vastuullisuus\/","title":{"rendered":"Vastuullisuus"},"content":{"rendered":"<p>[et_pb_section fb_built=&#8221;1&#8243; admin_label=&#8221;section&#8221; _builder_version=&#8221;3.22&#8243;][et_pb_row admin_label=&#8221;row&#8221; _builder_version=&#8221;3.25&#8243; background_size=&#8221;initial&#8221; background_position=&#8221;top_left&#8221; background_repeat=&#8221;repeat&#8221;][et_pb_column type=&#8221;4_4&#8243; _builder_version=&#8221;3.25&#8243; custom_padding=&#8221;|||&#8221; custom_padding__hover=&#8221;|||&#8221;][et_pb_text admin_label=&#8221;Text&#8221; _builder_version=&#8221;4.8.2&#8243; background_size=&#8221;initial&#8221; background_position=&#8221;top_left&#8221; background_repeat=&#8221;repeat&#8221; hover_enabled=&#8221;0&#8243; text_font_size=&#8221;16px&#8221; text_text_color=&#8221;#000000&#8243; sticky_enabled=&#8221;0&#8243;]<\/p>\n<p style=\"text-align: center\">North Revolution Wear Opy toimii vastuullisesti ekologisen ajattelun pohjalta.<\/p>\n<p style=\"text-align: center\">K\u00e4yt\u00e4mme ymp\u00e4rist\u00f6yst\u00e4v\u00e4llisi\u00e4 materiaaleja ty\u00f6vaatteissa, sek\u00e4 pesupalvelussa me k\u00e4yt\u00e4mme luontoyst\u00e4v\u00e4llisi\u00e4 pesuaineita.<\/p>\n<p>&nbsp;<\/p>\n<p><img loading=\"lazy\" decoding=\"async\" class=\"aligncenter size-full wp-image-123\" src=\"https:\/\/blogi.eoppimispalvelut.fi\/northrevolutionwear\/files\/2021\/12\/green_earth_concept_310926.jpg\" alt=\"\" width=\"446\" height=\"368\" srcset=\"https:\/\/blogi.eoppimispalvelut.fi\/northrevolutionwear\/files\/2021\/12\/green_earth_concept_310926.jpg 446w, https:\/\/blogi.eoppimispalvelut.fi\/northrevolutionwear\/files\/2021\/12\/green_earth_concept_310926-300x248.jpg 300w\" sizes=\"(max-width: 446px) 100vw, 446px\" \/><\/p>\n<p>[\/et_pb_text][\/et_pb_column][\/et_pb_row][\/et_pb_section]<\/p>\n","protected":false},"excerpt":{"rendered":"<p>North Revolution Wear Opy toimii vastuullisesti ekologisen ajattelun pohjalta. K\u00e4yt\u00e4mme ymp\u00e4rist\u00f6yst\u00e4v\u00e4llisi\u00e4 materiaaleja ty\u00f6vaatteissa, sek\u00e4 pesupalvelussa me k\u00e4yt\u00e4mme luontoyst\u00e4v\u00e4llisi\u00e4 pesuaineita. &nbsp;<\/p>\n","protected":false},"author":8954,"featured_media":0,"parent":0,"menu_order":6,"comment_status":"closed","ping_status":"closed","template":"","meta":{"_et_pb_use_builder":"on","_et_pb_old_content":"<p style=\"text-align: center\">North Revolution Wear Opy toimii vastuullisesti ekologisen ajattelun pohjalta.<\/p>\r\n<p style=\"text-align: center\">K\u00e4yt\u00e4mme ymp\u00e4rist\u00f6yst\u00e4v\u00e4llisi\u00e4 materiaaleja ty\u00f6vaatteissa, sek\u00e4 pesupalvelussa me k\u00e4yt\u00e4mme luontoyst\u00e4v\u00e4llisi\u00e4 pesuaineita.<\/p>\r\n&nbsp;\r\n\r\n<img class=\"aligncenter size-full wp-image-123\" src=\"https:\/\/blogi.eoppimispalvelut.fi\/northrevolutionwear\/files\/2021\/12\/green_earth_concept_310926.jpg\" alt=\"\" width=\"446\" height=\"368\" \/>","_et_gb_content_width":"","footnotes":""},"class_list":["post-57","page","type-page","status-publish","hentry"],"_links":{"self":[{"href":"https:\/\/blogi.eoppimispalvelut.fi\/northrevolutionwear\/wp-json\/wp\/v2\/pages\/57","targetHints":{"allow":["GET"]}}],"collection":[{"href":"https:\/\/blogi.eoppimispalvelut.fi\/northrevolutionwear\/wp-json\/wp\/v2\/pages"}],"about":[{"href":"https:\/\/blogi.eoppimispalvelut.fi\/northrevolutionwear\/wp-json\/wp\/v2\/types\/page"}],"author":[{"embeddable":true,"href":"https:\/\/blogi.eoppimispalvelut.fi\/northrevolutionwear\/wp-json\/wp\/v2\/users\/8954"}],"replies":[{"embeddable":true,"href":"https:\/\/blogi.eoppimispalvelut.fi\/northrevolutionwear\/wp-json\/wp\/v2\/comments?post=57"}],"version-history":[{"count":15,"href":"https:\/\/blogi.eoppimispalvelut.fi\/northrevolutionwear\/wp-json\/wp\/v2\/pages\/57\/revisions"}],"predecessor-version":[{"id":151,"href":"https:\/\/blogi.eoppimispalvelut.fi\/northrevolutionwear\/wp-json\/wp\/v2\/pages\/57\/revisions\/151"}],"wp:attachment":[{"href":"https:\/\/blogi.eoppimispalvelut.fi\/northrevolutionwear\/wp-json\/wp\/v2\/media?parent=57"}],"curies":[{"name":"wp","href":"https:\/\/api.w.org\/{rel}","templated":true}]}}