{"id":102,"date":"2020-01-01T12:24:31","date_gmt":"2020-01-01T10:24:31","guid":{"rendered":"https:\/\/blogi.eoppimispalvelut.fi\/northvation1\/?page_id=102"},"modified":"2020-01-15T13:03:44","modified_gmt":"2020-01-15T11:03:44","slug":"mattopalvelu","status":"publish","type":"page","link":"https:\/\/blogi.eoppimispalvelut.fi\/northvation1\/mattopalvelu\/","title":{"rendered":"Mattopalvelu"},"content":{"rendered":"<p>Koot:<\/p>\n<p>Pieni 90&#215;150, hinta sis\u00e4lt\u00e4\u00e4 vaihdon kerran kuussa.<\/p>\n<p>Perusmalli 140&#215;220, hinta sis\u00e4lt\u00e4\u00e4 vaihdon kerran kuussa.<\/p>\n<p>Pitk\u00e4 90&#215;250, hinta sis\u00e4lt\u00e4\u00e4 vaihdon kerran kuussa.<\/p>\n<p>Pyyd\u00e4 tarjous!<\/p>\n<p><strong>Jos haluatte vaihtaa maton useammin lis\u00e4hinta.<\/strong><\/p>\n","protected":false},"excerpt":{"rendered":"<p>Koot: Pieni 90&#215;150, hinta sis\u00e4lt\u00e4\u00e4 vaihdon kerran kuussa. Perusmalli 140&#215;220, hinta sis\u00e4lt\u00e4\u00e4 vaihdon kerran kuussa. Pitk\u00e4 90&#215;250, hinta sis\u00e4lt\u00e4\u00e4 vaihdon kerran kuussa. Pyyd\u00e4 tarjous! Jos haluatte vaihtaa maton useammin lis\u00e4hinta.<\/p>\n","protected":false},"author":4073,"featured_media":104,"parent":0,"menu_order":0,"comment_status":"closed","ping_status":"closed","template":"","meta":{"footnotes":""},"class_list":["post-102","page","type-page","status-publish","has-post-thumbnail","hentry"],"_links":{"self":[{"href":"https:\/\/blogi.eoppimispalvelut.fi\/northvation1\/wp-json\/wp\/v2\/pages\/102","targetHints":{"allow":["GET"]}}],"collection":[{"href":"https:\/\/blogi.eoppimispalvelut.fi\/northvation1\/wp-json\/wp\/v2\/pages"}],"about":[{"href":"https:\/\/blogi.eoppimispalvelut.fi\/northvation1\/wp-json\/wp\/v2\/types\/page"}],"author":[{"embeddable":true,"href":"https:\/\/blogi.eoppimispalvelut.fi\/northvation1\/wp-json\/wp\/v2\/users\/4073"}],"replies":[{"embeddable":true,"href":"https:\/\/blogi.eoppimispalvelut.fi\/northvation1\/wp-json\/wp\/v2\/comments?post=102"}],"version-history":[{"count":2,"href":"https:\/\/blogi.eoppimispalvelut.fi\/northvation1\/wp-json\/wp\/v2\/pages\/102\/revisions"}],"predecessor-version":[{"id":115,"href":"https:\/\/blogi.eoppimispalvelut.fi\/northvation1\/wp-json\/wp\/v2\/pages\/102\/revisions\/115"}],"wp:featuredmedia":[{"embeddable":true,"href":"https:\/\/blogi.eoppimispalvelut.fi\/northvation1\/wp-json\/wp\/v2\/media\/104"}],"wp:attachment":[{"href":"https:\/\/blogi.eoppimispalvelut.fi\/northvation1\/wp-json\/wp\/v2\/media?parent=102"}],"curies":[{"name":"wp","href":"https:\/\/api.w.org\/{rel}","templated":true}]}}