{"id":108,"date":"2020-01-01T12:32:43","date_gmt":"2020-01-01T10:32:43","guid":{"rendered":"https:\/\/blogi.eoppimispalvelut.fi\/northvation1\/?page_id=108"},"modified":"2020-01-22T11:17:44","modified_gmt":"2020-01-22T09:17:44","slug":"vihersisustus","status":"publish","type":"page","link":"https:\/\/blogi.eoppimispalvelut.fi\/northvation1\/vihersisustus\/","title":{"rendered":"Vihersisustus"},"content":{"rendered":"<p><strong>Vihersein\u00e4t alk.<\/strong><\/p>\n<p><strong>Vihersein\u00e4 40&#215;50<\/strong><\/p>\n<p><strong>Vihersein\u00e4 50&#215;50<\/strong><\/p>\n<p><strong>Vihersein\u00e4 60&#215;100<\/strong><\/p>\n<p><strong>Vihersein\u00e4 80&#215;170<\/strong><\/p>\n<p><strong>Vihersein\u00e4 100&#215;200<\/strong><\/p>\n<p><strong>Huolto sopimuksen mukaan<\/strong><\/p>\n<p>&nbsp;<\/p>\n<p><strong>Viherkasvit<\/strong><\/p>\n<p>Kaktus<\/p>\n<p>Jukkapalmu<\/p>\n<p>Rahapuu<\/p>\n<p>Kultak\u00f6ynn\u00f6s<\/p>\n<p>Varjoviikuna<\/p>\n<p>Peikonlehti<\/p>\n<p><strong>Yst\u00e4v\u00e4np\u00e4iv\u00e4ksi:<\/strong><\/p>\n<p>Ruusunippu<\/p>\n<p>Hortensia<\/p>\n<p><strong>P\u00e4\u00e4si\u00e4iseksi:<\/strong><\/p>\n<p>Tulppaanit<\/p>\n<p>Neilikka<\/p>\n","protected":false},"excerpt":{"rendered":"<p>Vihersein\u00e4t alk. Vihersein\u00e4 40&#215;50 Vihersein\u00e4 50&#215;50 Vihersein\u00e4 60&#215;100 Vihersein\u00e4 80&#215;170 Vihersein\u00e4 100&#215;200 Huolto sopimuksen mukaan &nbsp; Viherkasvit Kaktus Jukkapalmu Rahapuu Kultak\u00f6ynn\u00f6s Varjoviikuna Peikonlehti Yst\u00e4v\u00e4np\u00e4iv\u00e4ksi: Ruusunippu Hortensia P\u00e4\u00e4si\u00e4iseksi: Tulppaanit Neilikka<\/p>\n","protected":false},"author":4073,"featured_media":0,"parent":0,"menu_order":0,"comment_status":"closed","ping_status":"closed","template":"","meta":{"footnotes":""},"class_list":["post-108","page","type-page","status-publish","hentry"],"_links":{"self":[{"href":"https:\/\/blogi.eoppimispalvelut.fi\/northvation1\/wp-json\/wp\/v2\/pages\/108","targetHints":{"allow":["GET"]}}],"collection":[{"href":"https:\/\/blogi.eoppimispalvelut.fi\/northvation1\/wp-json\/wp\/v2\/pages"}],"about":[{"href":"https:\/\/blogi.eoppimispalvelut.fi\/northvation1\/wp-json\/wp\/v2\/types\/page"}],"author":[{"embeddable":true,"href":"https:\/\/blogi.eoppimispalvelut.fi\/northvation1\/wp-json\/wp\/v2\/users\/4073"}],"replies":[{"embeddable":true,"href":"https:\/\/blogi.eoppimispalvelut.fi\/northvation1\/wp-json\/wp\/v2\/comments?post=108"}],"version-history":[{"count":2,"href":"https:\/\/blogi.eoppimispalvelut.fi\/northvation1\/wp-json\/wp\/v2\/pages\/108\/revisions"}],"predecessor-version":[{"id":129,"href":"https:\/\/blogi.eoppimispalvelut.fi\/northvation1\/wp-json\/wp\/v2\/pages\/108\/revisions\/129"}],"wp:attachment":[{"href":"https:\/\/blogi.eoppimispalvelut.fi\/northvation1\/wp-json\/wp\/v2\/media?parent=108"}],"curies":[{"name":"wp","href":"https:\/\/api.w.org\/{rel}","templated":true}]}}