{"id":46,"date":"2019-11-28T11:01:15","date_gmt":"2019-11-28T09:01:15","guid":{"rendered":"https:\/\/blogi.eoppimispalvelut.fi\/northvation1\/?page_id=46"},"modified":"2020-01-22T10:57:12","modified_gmt":"2020-01-22T08:57:12","slug":"tuotepaketit","status":"publish","type":"page","link":"https:\/\/blogi.eoppimispalvelut.fi\/northvation1\/tuotepaketit\/","title":{"rendered":"Tuotepaketit"},"content":{"rendered":"<p><strong>Pronssi<\/strong><\/p>\n<p>Ergonominen ty\u00f6p\u00f6yt\u00e4 (Musta tai valkoinen)<\/p>\n<p>Ergonominen ty\u00f6tuoli Basic (Musta tai valkoinen)<\/p>\n<p>Arkistokaappi 41&#215;104 (valkoinen)<\/p>\n<p>Lipasto 80&#215;145 (valkoinen)<\/p>\n<p>Naulakko (ovinaulakko) (valkoinen)<\/p>\n<p>Sohva (kaikissa s\u00e4vyiss\u00e4)<\/p>\n<p>&nbsp;<\/p>\n<p><strong>Hopea<\/strong><\/p>\n<p>Ergonominen p\u00f6yt\u00e4 Basic (Musta tai valkoinen)<\/p>\n<p>Ergonominen satulatuoli Silver (Musta tai valkoinen)<\/p>\n<p>Arkistokaappi 41&#215;104 (valkoinen)<\/p>\n<p>Lipasto 120&#215;76 (valkoinen tai musta)<\/p>\n<p>Naulakko (sein\u00e4\u00e4n kiinnitett\u00e4v\u00e4) (valkoinen)<\/p>\n<p>Sohva (kaikissa s\u00e4vyiss\u00e4)<\/p>\n<p>&nbsp;<\/p>\n<p><strong>Kulta<\/strong><\/p>\n<p>Ergonominen s\u00e4hk\u00f6p\u00f6yt\u00e4 Gold (Musta tai valkoinen)<\/p>\n<p>Ergonominen satulatuoli (Musta, valkoinen tai harmaa)<\/p>\n<p>Arkistokaappi 41&#215;150 (valkoinen)<\/p>\n<p>Lipasto 150&#215;76 (valkoinen, harmaa tai musta)<\/p>\n<p>Naulakko (vaateteline\/vaateripustimet) (valkoinen tai musta)<\/p>\n<p>Sohva (kaikissa s\u00e4vyiss\u00e4)<\/p>\n<p>&nbsp;<\/p>\n<p><strong>Koivueko<\/strong><\/p>\n<p>Ergonominen s\u00e4hk\u00f6p\u00f6yt\u00e4 Gold (Puun v\u00e4rinen)<\/p>\n<p>Ergonominen satulatuoli (Musta, valkoinen tai harmaa)<\/p>\n<p>Arkistokaappi 41&#215;150 (koivu)<\/p>\n<p>Lipasto 160&#215;99 (koivu)<\/p>\n<p>Naulakko (Pystynaulakko) (koivu)<\/p>\n<p>Koivu runkoinen sohva<\/p>\n<p>&nbsp;<\/p>\n<p><strong>Kausisisustus (Soveltuu esim. yst\u00e4v\u00e4np\u00e4iv\u00e4\u00e4n ja p\u00e4\u00e4si\u00e4iseen)<\/strong><\/p>\n<p>Verhot<\/p>\n<p>Koristetyynyt<\/p>\n<p>P\u00f6yt\u00e4liinat<\/p>\n<p>Kukat<\/p>\n<p><strong>Hinta neuvotellaan keston perusteella\u00a0<\/strong><\/p>\n","protected":false},"excerpt":{"rendered":"<p>Pronssi Ergonominen ty\u00f6p\u00f6yt\u00e4 (Musta tai valkoinen) Ergonominen ty\u00f6tuoli Basic (Musta tai valkoinen) Arkistokaappi 41&#215;104 (valkoinen) Lipasto 80&#215;145 (valkoinen) Naulakko (ovinaulakko) (valkoinen) Sohva (kaikissa s\u00e4vyiss\u00e4) &nbsp; Hopea Ergonominen p\u00f6yt\u00e4 Basic (Musta tai valkoinen) Ergonominen satulatuoli Silver (Musta tai valkoinen) Arkistokaappi 41&#215;104 (valkoinen) Lipasto 120&#215;76 (valkoinen tai musta) Naulakko (sein\u00e4\u00e4n kiinnitett\u00e4v\u00e4) (valkoinen) Sohva (kaikissa s\u00e4vyiss\u00e4) &nbsp; Kulta [&hellip;]<\/p>\n","protected":false},"author":4073,"featured_media":0,"parent":0,"menu_order":0,"comment_status":"closed","ping_status":"closed","template":"","meta":{"footnotes":""},"class_list":["post-46","page","type-page","status-publish","hentry"],"_links":{"self":[{"href":"https:\/\/blogi.eoppimispalvelut.fi\/northvation1\/wp-json\/wp\/v2\/pages\/46","targetHints":{"allow":["GET"]}}],"collection":[{"href":"https:\/\/blogi.eoppimispalvelut.fi\/northvation1\/wp-json\/wp\/v2\/pages"}],"about":[{"href":"https:\/\/blogi.eoppimispalvelut.fi\/northvation1\/wp-json\/wp\/v2\/types\/page"}],"author":[{"embeddable":true,"href":"https:\/\/blogi.eoppimispalvelut.fi\/northvation1\/wp-json\/wp\/v2\/users\/4073"}],"replies":[{"embeddable":true,"href":"https:\/\/blogi.eoppimispalvelut.fi\/northvation1\/wp-json\/wp\/v2\/comments?post=46"}],"version-history":[{"count":9,"href":"https:\/\/blogi.eoppimispalvelut.fi\/northvation1\/wp-json\/wp\/v2\/pages\/46\/revisions"}],"predecessor-version":[{"id":124,"href":"https:\/\/blogi.eoppimispalvelut.fi\/northvation1\/wp-json\/wp\/v2\/pages\/46\/revisions\/124"}],"wp:attachment":[{"href":"https:\/\/blogi.eoppimispalvelut.fi\/northvation1\/wp-json\/wp\/v2\/media?parent=46"}],"curies":[{"name":"wp","href":"https:\/\/api.w.org\/{rel}","templated":true}]}}