{"id":57,"date":"2019-11-28T12:21:21","date_gmt":"2019-11-28T10:21:21","guid":{"rendered":"https:\/\/blogi.eoppimispalvelut.fi\/northvation1\/?page_id=57"},"modified":"2020-01-22T10:58:53","modified_gmt":"2020-01-22T08:58:53","slug":"henkilosto","status":"publish","type":"page","link":"https:\/\/blogi.eoppimispalvelut.fi\/northvation1\/henkilosto\/","title":{"rendered":"Henkil\u00f6st\u00f6"},"content":{"rendered":"<p>Toimitusjohtaja: Riika Saastamoinen<\/p>\n<p>Taloustiimiin kuuluvat: Sanni Tuisku, Suvi Kaihua sek\u00e4 Joona Roiha<\/p>\n<p>Myynti ja markkinointitiimiin kuuluvat: Antti Simonen ja Juho Telkk\u00e4l\u00e4<\/p>\n<p>Hankintatiimiin kuuluvat: Anna-Kreetta Jylh\u00e4nlehto ja Eero Peuranen<\/p>\n<p>&nbsp;<\/p>\n<p>Ahkerat ja reippaat, sek\u00e4 positiiviset ja aktiiviset ty\u00f6ntekij\u00e4mme ovat valmiita auttamaan asiakkaitamme milloin tahansa ja miss\u00e4 tahansa.<\/p>\n","protected":false},"excerpt":{"rendered":"<p>Toimitusjohtaja: Riika Saastamoinen Taloustiimiin kuuluvat: Sanni Tuisku, Suvi Kaihua sek\u00e4 Joona Roiha Myynti ja markkinointitiimiin kuuluvat: Antti Simonen ja Juho Telkk\u00e4l\u00e4 Hankintatiimiin kuuluvat: Anna-Kreetta Jylh\u00e4nlehto ja Eero Peuranen &nbsp; Ahkerat ja reippaat, sek\u00e4 positiiviset ja aktiiviset ty\u00f6ntekij\u00e4mme ovat valmiita auttamaan asiakkaitamme milloin tahansa ja miss\u00e4 tahansa.<\/p>\n","protected":false},"author":4073,"featured_media":0,"parent":0,"menu_order":0,"comment_status":"closed","ping_status":"closed","template":"","meta":{"footnotes":""},"class_list":["post-57","page","type-page","status-publish","hentry"],"_links":{"self":[{"href":"https:\/\/blogi.eoppimispalvelut.fi\/northvation1\/wp-json\/wp\/v2\/pages\/57","targetHints":{"allow":["GET"]}}],"collection":[{"href":"https:\/\/blogi.eoppimispalvelut.fi\/northvation1\/wp-json\/wp\/v2\/pages"}],"about":[{"href":"https:\/\/blogi.eoppimispalvelut.fi\/northvation1\/wp-json\/wp\/v2\/types\/page"}],"author":[{"embeddable":true,"href":"https:\/\/blogi.eoppimispalvelut.fi\/northvation1\/wp-json\/wp\/v2\/users\/4073"}],"replies":[{"embeddable":true,"href":"https:\/\/blogi.eoppimispalvelut.fi\/northvation1\/wp-json\/wp\/v2\/comments?post=57"}],"version-history":[{"count":5,"href":"https:\/\/blogi.eoppimispalvelut.fi\/northvation1\/wp-json\/wp\/v2\/pages\/57\/revisions"}],"predecessor-version":[{"id":126,"href":"https:\/\/blogi.eoppimispalvelut.fi\/northvation1\/wp-json\/wp\/v2\/pages\/57\/revisions\/126"}],"wp:attachment":[{"href":"https:\/\/blogi.eoppimispalvelut.fi\/northvation1\/wp-json\/wp\/v2\/media?parent=57"}],"curies":[{"name":"wp","href":"https:\/\/api.w.org\/{rel}","templated":true}]}}