{"id":178,"date":"2018-03-22T09:07:12","date_gmt":"2018-03-22T07:07:12","guid":{"rendered":"https:\/\/blogi.eoppimispalvelut.fi\/ohjaustestaus\/?page_id=178"},"modified":"2018-05-21T22:16:50","modified_gmt":"2018-05-21T19:16:50","slug":"raito-cafe","status":"publish","type":"page","link":"https:\/\/blogi.eoppimispalvelut.fi\/ohjaustestaus\/raito-cafe\/","title":{"rendered":"Raito Cafe"},"content":{"rendered":"<p>[et_pb_section bb_built=&#8221;1&#8243; _builder_version=&#8221;3.0.47&#8243;][et_pb_row _builder_version=&#8221;3.0.101&#8243;][et_pb_column type=&#8221;4_4&#8243;][et_pb_image admin_label=&#8221;Cafe&#8221; _builder_version=&#8221;3.0.101&#8243; src=&#8221;https:\/\/blogi.eoppimispalvelut.fi\/ohjaustestaus\/files\/2018\/05\/Cafe-UUSI-logoilla-banneri.jpg&#8221; show_in_lightbox=&#8221;off&#8221; url=&#8221;https:\/\/appear.in\/raito-cafe&#8221; url_new_window=&#8221;on&#8221; use_overlay=&#8221;off&#8221; align=&#8221;center&#8221; always_center_on_mobile=&#8221;on&#8221; force_fullwidth=&#8221;off&#8221; show_bottom_space=&#8221;on&#8221; max_width=&#8221;92%&#8221; \/][et_pb_text admin_label=&#8221;Cafe-teksti&#8221; _builder_version=&#8221;3.0.101&#8243; text_font=&#8221;Arial|500|||||||&#8221; text_font_size=&#8221;17px&#8221; background_layout=&#8221;light&#8221; text_orientation=&#8221;center&#8221;]<\/p>\n<p><strong>Tule kanssamme kahville!<\/strong><\/p>\n<p>Olemme avoinna\u00a0touko- ja kes\u00e4kuussa<em> maanantaisin<\/em> ja <em>keskiviikkoisin<\/em> klo 10 &#8211; 14.00.<\/p>\n<p>K\u00e4yt\u00e4 Chromen, Mozilla Firefoxin tai Operan selainta.<\/p>\n<p>[\/et_pb_text][\/et_pb_column][\/et_pb_row][\/et_pb_section]<\/p>\n","protected":false},"excerpt":{"rendered":"<p>Tule kanssamme kahville! Olemme avoinna\u00a0touko- ja kes\u00e4kuussa maanantaisin ja keskiviikkoisin klo 10 &#8211; 14.00. K\u00e4yt\u00e4 Chromen, Mozilla Firefoxin tai Operan selainta.<\/p>\n","protected":false},"author":2866,"featured_media":0,"parent":0,"menu_order":0,"comment_status":"closed","ping_status":"closed","template":"","meta":{"_et_pb_use_builder":"on","_et_pb_old_content":"","_et_gb_content_width":"","footnotes":""},"class_list":["post-178","page","type-page","status-publish","hentry"],"_links":{"self":[{"href":"https:\/\/blogi.eoppimispalvelut.fi\/ohjaustestaus\/wp-json\/wp\/v2\/pages\/178","targetHints":{"allow":["GET"]}}],"collection":[{"href":"https:\/\/blogi.eoppimispalvelut.fi\/ohjaustestaus\/wp-json\/wp\/v2\/pages"}],"about":[{"href":"https:\/\/blogi.eoppimispalvelut.fi\/ohjaustestaus\/wp-json\/wp\/v2\/types\/page"}],"author":[{"embeddable":true,"href":"https:\/\/blogi.eoppimispalvelut.fi\/ohjaustestaus\/wp-json\/wp\/v2\/users\/2866"}],"replies":[{"embeddable":true,"href":"https:\/\/blogi.eoppimispalvelut.fi\/ohjaustestaus\/wp-json\/wp\/v2\/comments?post=178"}],"version-history":[{"count":33,"href":"https:\/\/blogi.eoppimispalvelut.fi\/ohjaustestaus\/wp-json\/wp\/v2\/pages\/178\/revisions"}],"predecessor-version":[{"id":697,"href":"https:\/\/blogi.eoppimispalvelut.fi\/ohjaustestaus\/wp-json\/wp\/v2\/pages\/178\/revisions\/697"}],"wp:attachment":[{"href":"https:\/\/blogi.eoppimispalvelut.fi\/ohjaustestaus\/wp-json\/wp\/v2\/media?parent=178"}],"curies":[{"name":"wp","href":"https:\/\/api.w.org\/{rel}","templated":true}]}}