{"id":182,"date":"2018-03-22T09:10:40","date_gmt":"2018-03-22T07:10:40","guid":{"rendered":"https:\/\/blogi.eoppimispalvelut.fi\/ohjaustestaus\/?page_id=182"},"modified":"2018-06-16T21:35:49","modified_gmt":"2018-06-16T18:35:49","slug":"yhteystiedot","status":"publish","type":"page","link":"https:\/\/blogi.eoppimispalvelut.fi\/ohjaustestaus\/yhteystiedot\/","title":{"rendered":"Yhteystiedot"},"content":{"rendered":"<p>[et_pb_section bb_built=&#8221;1&#8243; _builder_version=&#8221;3.0.47&#8243; custom_padding=&#8221;26px|0px|0px|0px&#8221; next_background_color=&#8221;#000000&#8243;][et_pb_row custom_padding=&#8221;0px|0px|0px|0px&#8221; _builder_version=&#8221;3.0.101&#8243; use_background_color_gradient=&#8221;on&#8221; background_color_gradient_start=&#8221;#ffffff&#8221; background_color_gradient_end=&#8221;#f4f4f4&#8243; background_color_gradient_direction=&#8221;120deg&#8221; background_size=&#8221;initial&#8221; background_position=&#8221;top_left&#8221; background_repeat=&#8221;repeat&#8221;][et_pb_column type=&#8221;1_3&#8243;][et_pb_cta admin_label=&#8221;Ole yhteydess\u00e4&#8221; title=&#8221;Yhteystiedot&#8221; button_url=&#8221;https:\/\/www.webropolsurveys.com\/Answer\/SurveyParticipation.aspx?SDID=Fin1111270&amp;SID=ca845a1b-75bd-43a4-99ad-016502d67d92&amp;dy=408614623&#8243; url_new_window=&#8221;on&#8221; button_text=&#8221;Yhteydenottolomake&#8221; use_background_color=&#8221;off&#8221; background_layout=&#8221;light&#8221; _builder_version=&#8221;3.0.101&#8243; header_font=&#8221;Arial|600|||||||&#8221; header_text_align=&#8221;left&#8221; header_font_size=&#8221;17&#8243; header_text_color=&#8221;#000000&#8243; body_font=&#8221;Arial||||||||&#8221; body_text_align=&#8221;left&#8221; body_font_size=&#8221;15&#8243; body_text_color=&#8221;#000000&#8243; text_orientation=&#8221;left&#8221; custom_button=&#8221;on&#8221; button_text_size=&#8221;15&#8243; button_text_color=&#8221;#000000&#8243; button_bg_color=&#8221;#afff30&#8243; button_bg_size=&#8221;contain&#8221; button_border_width=&#8221;1&#8243; button_border_color=&#8221;#919191&#8243; button_border_radius=&#8221;2&#8243; button_font=&#8221;Arial||||||||&#8221; button_use_icon=&#8221;off&#8221; button_alignment=&#8221;left&#8221; button_icon_placement=&#8221;right&#8221;]<\/p>\n<p>&nbsp;<\/p>\n<p>Ole meihin yhteydess\u00e4:<\/p>\n<ul>\n<li>s\u00e4hk\u00f6postitse uraohjaus@ulapland.fi<\/li>\n<li>yhteydenottolomakkeen kautta<\/li>\n<li>suoraan meihin Raito-ohjaajiin<\/li>\n<\/ul>\n<p>&nbsp;<\/p>\n<p>[\/et_pb_cta][\/et_pb_column][et_pb_column type=&#8221;2_3&#8243;][et_pb_image src=&#8221;https:\/\/blogi.eoppimispalvelut.fi\/ohjaustestaus\/files\/2018\/05\/Yhteystiedot-logoilla-banneri.jpg&#8221; _builder_version=&#8221;3.0.101&#8243; show_in_lightbox=&#8221;off&#8221; url_new_window=&#8221;off&#8221; use_overlay=&#8221;off&#8221; always_center_on_mobile=&#8221;on&#8221; force_fullwidth=&#8221;off&#8221; show_bottom_space=&#8221;on&#8221;]<\/p>\n<p>&nbsp;<\/p>\n<p>[\/et_pb_image][\/et_pb_column][\/et_pb_row][\/et_pb_section][et_pb_section bb_built=&#8221;1&#8243; _builder_version=&#8221;3.0.101&#8243; prev_background_color=&#8221;#000000&#8243;][et_pb_row _builder_version=&#8221;3.0.101&#8243;][et_pb_column type=&#8221;4_4&#8243;][et_pb_text _builder_version=&#8221;3.0.101&#8243; text_font=&#8221;Arial|600|||||||&#8221; text_font_size=&#8221;17px&#8221;]<\/p>\n<p style=\"text-align: center\">Uraohjaus<\/p>\n<p>[\/et_pb_text][\/et_pb_column][\/et_pb_row][et_pb_row make_equal=&#8221;on&#8221; _builder_version=&#8221;3.0.101&#8243; background_size=&#8221;initial&#8221; background_position=&#8221;top_left&#8221; background_repeat=&#8221;repeat&#8221;][et_pb_column type=&#8221;1_4&#8243;][et_pb_text admin_label=&#8221;Kristan tiedot&#8221; _builder_version=&#8221;3.0.101&#8243; text_font=&#8221;Arial||||||||&#8221; text_font_size=&#8221;15px&#8221; text_orientation=&#8221;right&#8221;]<\/p>\n<p style=\"text-align: right\"><span style=\"font-family: 'Arial',sans-serif\">Krista Rautio<\/span><\/p>\n<p style=\"text-align: right\"><span style=\"font-family: 'Arial',sans-serif\">Lapin yliopisto, suunnittelija<\/span><\/p>\n<p style=\"text-align: right\"><span style=\"font-family: 'Arial',sans-serif\">040 4844075<\/span><\/p>\n<p style=\"text-align: right\"><span style=\"font-family: 'Arial',sans-serif\">etunimi.sukunimi@ulapland.fi<\/span><\/p>\n<p>[\/et_pb_text][\/et_pb_column][et_pb_column type=&#8221;1_4&#8243;][et_pb_image admin_label=&#8221;Kristan kuva&#8221; src=&#8221;https:\/\/blogi.eoppimispalvelut.fi\/ohjaustestaus\/files\/2018\/04\/krista-mv-valmis.jpg&#8221; _builder_version=&#8221;3.0.101&#8243; max_width=&#8221;97%&#8221; animation_style=&#8221;zoom&#8221; animation_duration=&#8221;1500ms&#8221;]<\/p>\n<p>&nbsp;<\/p>\n<p>[\/et_pb_image][\/et_pb_column][et_pb_column type=&#8221;1_4&#8243;][et_pb_image admin_label=&#8221;Johannan kuva&#8221; src=&#8221;https:\/\/blogi.eoppimispalvelut.fi\/ohjaustestaus\/files\/2018\/04\/johanna2.jpg&#8221; _builder_version=&#8221;3.0.101&#8243; background_image=&#8221;https:\/\/blogi.eoppimispalvelut.fi\/ohjaustestaus\/files\/2018\/04\/Johanna.jpg&#8221; background_size=&#8221;initial&#8221; max_width=&#8221;89%&#8221; animation_style=&#8221;zoom&#8221; animation_duration=&#8221;1500ms&#8221;]<\/p>\n<p>&nbsp;<\/p>\n<p>[\/et_pb_image][\/et_pb_column][et_pb_column type=&#8221;1_4&#8243;][et_pb_text admin_label=&#8221;Johannan tiedot&#8221; _builder_version=&#8221;3.0.101&#8243; text_font=&#8221;Arial||||||||&#8221; text_font_size=&#8221;15px&#8221;]<\/p>\n<p><span style=\"font-family: 'Arial',sans-serif\">Johnna Sirvi\u00f6<\/span><\/p>\n<p><span style=\"font-family: 'Arial',sans-serif\">Lapin yliopisto, suunnittelija<\/span><\/p>\n<p><span style=\"font-family: 'Arial',sans-serif\">040 4844199<\/span><\/p>\n<p><span style=\"font-family: 'Arial',sans-serif\">etunimi.sukunimi@ulapland.fi<\/span><\/p>\n<p>[\/et_pb_text][\/et_pb_column][\/et_pb_row][et_pb_row _builder_version=&#8221;3.0.101&#8243;][et_pb_column type=&#8221;4_4&#8243;][et_pb_text _builder_version=&#8221;3.0.101&#8243; text_font=&#8221;Arial|600|||||||&#8221; text_font_size=&#8221;17px&#8221;]<\/p>\n<p style=\"text-align: center\">Ty\u00f6el\u00e4m\u00e4yhteisty\u00f6<\/p>\n<p>[\/et_pb_text][\/et_pb_column][\/et_pb_row][et_pb_row make_equal=&#8221;on&#8221; _builder_version=&#8221;3.0.101&#8243; background_size=&#8221;initial&#8221; background_position=&#8221;top_left&#8221; background_repeat=&#8221;repeat&#8221;][et_pb_column type=&#8221;1_4&#8243;][et_pb_text admin_label=&#8221;P\u00e4ivin tiedot&#8221; _builder_version=&#8221;3.0.101&#8243; text_font=&#8221;||||||||&#8221; text_font_size=&#8221;15px&#8221; custom_margin=&#8221;157px|||&#8221;]<\/p>\n<p style=\"text-align: right\"><span style=\"font-family: 'Arial',sans-serif\">P\u00e4ivi Saari<\/span><\/p>\n<p style=\"text-align: right\"><span style=\"font-family: 'Arial',sans-serif\">Lapin AMK, lehtori<\/span><\/p>\n<p style=\"text-align: right\"><span style=\"font-family: 'Arial',sans-serif\">040 5675379<\/span><\/p>\n<p style=\"text-align: right\"><span style=\"font-family: 'Arial',sans-serif\">etunimi.sukunimi@lapinamk.fi<\/span><\/p>\n<p>[\/et_pb_text][\/et_pb_column][et_pb_column type=&#8221;1_4&#8243;][et_pb_image admin_label=&#8221;P\u00e4ivin kuva&#8221; src=&#8221;https:\/\/blogi.eoppimispalvelut.fi\/ohjaustestaus\/files\/2018\/04\/P\u00e4ivin-kuva1mv-2.jpg&#8221; _builder_version=&#8221;3.0.101&#8243; animation_style=&#8221;zoom&#8221; animation_duration=&#8221;1500ms&#8221;]<\/p>\n<p>&nbsp;<\/p>\n<p>[\/et_pb_image][\/et_pb_column][et_pb_column type=&#8221;1_4&#8243;][et_pb_image admin_label=&#8221;Sirpan kuva&#8221; src=&#8221;https:\/\/blogi.eoppimispalvelut.fi\/ohjaustestaus\/files\/2018\/04\/Sirpa1mv-2.jpg&#8221; _builder_version=&#8221;3.0.101&#8243; max_width=&#8221;91%&#8221; animation_style=&#8221;zoom&#8221; animation_duration=&#8221;1500ms&#8221;]<\/p>\n<p>&nbsp;<\/p>\n<p>[\/et_pb_image][\/et_pb_column][et_pb_column type=&#8221;1_4&#8243;][et_pb_text admin_label=&#8221;Sirpan tiedot&#8221; _builder_version=&#8221;3.0.101&#8243; text_font=&#8221;Arial||||||||&#8221; text_font_size=&#8221;15px&#8221; custom_margin=&#8221;157px|||&#8221;]<\/p>\n<p><span style=\"font-family: 'Arial',sans-serif\">Sirpa Torvinen<\/span><\/p>\n<p><span style=\"font-family: 'Arial',sans-serif\">Lapin AMK, lehtori<\/span><\/p>\n<p><span style=\"font-family: 'Arial',sans-serif\">040 5675935<\/span><\/p>\n<p><span style=\"font-family: 'Arial',sans-serif\">etunimi.sukunimi@lapinamk.fi<\/span><\/p>\n<p>[\/et_pb_text][\/et_pb_column][\/et_pb_row][et_pb_row _builder_version=&#8221;3.0.101&#8243;][et_pb_column type=&#8221;4_4&#8243;][et_pb_text _builder_version=&#8221;3.0.101&#8243; text_font=&#8221;Arial|600|||||||&#8221; text_font_size=&#8221;17px&#8221;]<\/p>\n<p style=\"text-align: center\">Avoimet opinnot<\/p>\n<p>[\/et_pb_text][\/et_pb_column][\/et_pb_row][et_pb_row make_equal=&#8221;on&#8221; _builder_version=&#8221;3.0.101&#8243; background_size=&#8221;initial&#8221; background_position=&#8221;top_left&#8221; background_repeat=&#8221;repeat&#8221;][et_pb_column type=&#8221;1_3&#8243;][et_pb_image admin_label=&#8221;Lauran kuva&#8221; src=&#8221;https:\/\/blogi.eoppimispalvelut.fi\/ohjaustestaus\/files\/2018\/05\/Laura-kuva-uusi.jpg&#8221; align=&#8221;center&#8221; _builder_version=&#8221;3.0.101&#8243; max_width=&#8221;68%&#8221; animation_style=&#8221;zoom&#8221; animation_duration=&#8221;1500ms&#8221; show_in_lightbox=&#8221;off&#8221; url_new_window=&#8221;off&#8221; use_overlay=&#8221;off&#8221; always_center_on_mobile=&#8221;on&#8221; force_fullwidth=&#8221;off&#8221; show_bottom_space=&#8221;on&#8221;]<\/p>\n<p>&nbsp;<\/p>\n<p>[\/et_pb_image][et_pb_text admin_label=&#8221;Lauran tiedot&#8221; _builder_version=&#8221;3.0.101&#8243; text_font=&#8221;Arial||||||||&#8221; text_font_size=&#8221;15px&#8221;]<\/p>\n<p style=\"text-align: center\"><span style=\"font-family: 'Arial',sans-serif\">Laura Jokinen<\/span><\/p>\n<p style=\"text-align: center\"><span style=\"font-family: 'Arial',sans-serif\">Avoin yliopisto, suunnittelija<\/span><\/p>\n<p style=\"text-align: center\"><span style=\"font-family: 'Arial',sans-serif\">0400 728359<\/span><\/p>\n<p style=\"text-align: center\"><span style=\"font-family: 'Arial',sans-serif\">etunimi.sukunimi@ulapland.fi<\/span><\/p>\n<p>[\/et_pb_text][\/et_pb_column][et_pb_column type=&#8221;1_3&#8243;][et_pb_image admin_label=&#8221;Annen kuva&#8221; src=&#8221;https:\/\/blogi.eoppimispalvelut.fi\/ohjaustestaus\/files\/2018\/04\/Annemv-4.jpg&#8221; align=&#8221;center&#8221; _builder_version=&#8221;3.0.101&#8243; max_width=&#8221;75%&#8221; animation_style=&#8221;zoom&#8221; animation_duration=&#8221;1500ms&#8221;]<\/p>\n<p>&nbsp;<\/p>\n<p>[\/et_pb_image][et_pb_text admin_label=&#8221;Annen tiedot&#8221; _builder_version=&#8221;3.0.101&#8243; text_font=&#8221;Arial||||||||&#8221; text_font_size=&#8221;15px&#8221;]<\/p>\n<p style=\"text-align: center\"><span style=\"font-family: 'Arial',sans-serif\">Anne Kautto<\/span><\/p>\n<p style=\"text-align: center\"><span style=\"font-family: 'Arial',sans-serif\">Avoin yliopisto, suunnittelija<\/span><\/p>\n<p style=\"text-align: center\"><span style=\"font-family: 'Arial',sans-serif\">0400 543174<\/span><\/p>\n<p style=\"text-align: center\"><span style=\"font-family: 'Arial',sans-serif\">etunimi.sukunimi@ulapland.fi<\/span><\/p>\n<p>[\/et_pb_text][\/et_pb_column][et_pb_column type=&#8221;1_3&#8243;][et_pb_image admin_label=&#8221;Niinan kuva&#8221; src=&#8221;https:\/\/blogi.eoppimispalvelut.fi\/ohjaustestaus\/files\/2018\/05\/Niinamv-uusi.jpg&#8221; align=&#8221;center&#8221; _builder_version=&#8221;3.0.101&#8243; max_width=&#8221;63%&#8221; animation_style=&#8221;zoom&#8221; animation_duration=&#8221;1500ms&#8221; show_in_lightbox=&#8221;off&#8221; url_new_window=&#8221;off&#8221; use_overlay=&#8221;off&#8221; always_center_on_mobile=&#8221;on&#8221; force_fullwidth=&#8221;off&#8221; show_bottom_space=&#8221;on&#8221;]<\/p>\n<p>&nbsp;<\/p>\n<p>[\/et_pb_image][et_pb_text admin_label=&#8221;Niinan tiedot&#8221; _builder_version=&#8221;3.0.101&#8243; text_font=&#8221;Arial||||||||&#8221; text_font_size=&#8221;15px&#8221;]<\/p>\n<p style=\"text-align: center\"><span style=\"font-family: 'Arial',sans-serif\">Niina Riihiniemi<\/span><\/p>\n<p style=\"text-align: center\"><span style=\"font-family: 'Arial',sans-serif\">Avoin ammattikorkeakoulu, koordinaattori<\/span><\/p>\n<p style=\"text-align: center\"><span style=\"font-family: 'Arial',sans-serif\">040 6565127<\/span><\/p>\n<p style=\"text-align: center\"><span style=\"font-family: 'Arial',sans-serif\">etunimi.sukunimi@lapinamk.fi<\/span><\/p>\n<p>[\/et_pb_text][\/et_pb_column][\/et_pb_row][\/et_pb_section]<\/p>\n","protected":false},"excerpt":{"rendered":"<p>&nbsp; Ole meihin yhteydess\u00e4: s\u00e4hk\u00f6postitse uraohjaus@ulapland.fi yhteydenottolomakkeen kautta suoraan meihin Raito-ohjaajiin &nbsp; &nbsp; Uraohjaus Krista Rautio Lapin yliopisto, suunnittelija 040 4844075 etunimi.sukunimi@ulapland.fi &nbsp; &nbsp; Johnna Sirvi\u00f6 Lapin yliopisto, suunnittelija 040 4844199 etunimi.sukunimi@ulapland.fi Ty\u00f6el\u00e4m\u00e4yhteisty\u00f6 P\u00e4ivi Saari Lapin AMK, lehtori 040 5675379 etunimi.sukunimi@lapinamk.fi &nbsp; &nbsp; Sirpa Torvinen Lapin AMK, lehtori 040 5675935 etunimi.sukunimi@lapinamk.fi Avoimet opinnot &nbsp; Laura [&hellip;]<\/p>\n","protected":false},"author":2866,"featured_media":0,"parent":0,"menu_order":0,"comment_status":"closed","ping_status":"closed","template":"","meta":{"_et_pb_use_builder":"on","_et_pb_old_content":"","_et_gb_content_width":"","footnotes":""},"class_list":["post-182","page","type-page","status-publish","hentry"],"_links":{"self":[{"href":"https:\/\/blogi.eoppimispalvelut.fi\/ohjaustestaus\/wp-json\/wp\/v2\/pages\/182","targetHints":{"allow":["GET"]}}],"collection":[{"href":"https:\/\/blogi.eoppimispalvelut.fi\/ohjaustestaus\/wp-json\/wp\/v2\/pages"}],"about":[{"href":"https:\/\/blogi.eoppimispalvelut.fi\/ohjaustestaus\/wp-json\/wp\/v2\/types\/page"}],"author":[{"embeddable":true,"href":"https:\/\/blogi.eoppimispalvelut.fi\/ohjaustestaus\/wp-json\/wp\/v2\/users\/2866"}],"replies":[{"embeddable":true,"href":"https:\/\/blogi.eoppimispalvelut.fi\/ohjaustestaus\/wp-json\/wp\/v2\/comments?post=182"}],"version-history":[{"count":76,"href":"https:\/\/blogi.eoppimispalvelut.fi\/ohjaustestaus\/wp-json\/wp\/v2\/pages\/182\/revisions"}],"predecessor-version":[{"id":679,"href":"https:\/\/blogi.eoppimispalvelut.fi\/ohjaustestaus\/wp-json\/wp\/v2\/pages\/182\/revisions\/679"}],"wp:attachment":[{"href":"https:\/\/blogi.eoppimispalvelut.fi\/ohjaustestaus\/wp-json\/wp\/v2\/media?parent=182"}],"curies":[{"name":"wp","href":"https:\/\/api.w.org\/{rel}","templated":true}]}}