{"id":186,"date":"2018-03-22T09:13:36","date_gmt":"2018-03-22T07:13:36","guid":{"rendered":"https:\/\/blogi.eoppimispalvelut.fi\/ohjaustestaus\/?page_id=186"},"modified":"2018-08-20T21:19:33","modified_gmt":"2018-08-20T18:19:33","slug":"euraohjaus","status":"publish","type":"page","link":"https:\/\/blogi.eoppimispalvelut.fi\/ohjaustestaus\/euraohjaus\/","title":{"rendered":"eUraohjaus"},"content":{"rendered":"<p>[et_pb_section bb_built=&#8221;1&#8243; fullwidth=&#8221;on&#8221; specialty=&#8221;off&#8221; next_background_color=&#8221;#000000&#8243;][et_pb_fullwidth_image _builder_version=&#8221;3.0.101&#8243; src=&#8221;https:\/\/blogi.eoppimispalvelut.fi\/ohjaustestaus\/files\/2018\/05\/eUraohjaus-logoilla-banneri.jpg&#8221; show_in_lightbox=&#8221;off&#8221; url_new_window=&#8221;off&#8221; use_overlay=&#8221;off&#8221; max_width=&#8221;56%&#8221; module_alignment=&#8221;center&#8221; \/][\/et_pb_section][et_pb_section bb_built=&#8221;1&#8243; _builder_version=&#8221;3.0.101&#8243; background_color_gradient_start=&#8221;#f9f9f9&#8243; background_color_gradient_end=&#8221;#b7b7b7&#8243; background_color_gradient_type=&#8221;radial&#8221; prev_background_color=&#8221;#000000&#8243;][et_pb_row _builder_version=&#8221;3.0.101&#8243; use_background_color_gradient=&#8221;on&#8221; background_color_gradient_start=&#8221;#ffffff&#8221; background_color_gradient_end=&#8221;#f4f4f4&#8243; background_color_gradient_direction=&#8221;120deg&#8221;][et_pb_column type=&#8221;4_4&#8243;][et_pb_blurb title=&#8221;eUraohjaus&#8221; content_max_width=&#8221;1100px&#8221; _builder_version=&#8221;3.0.101&#8243; header_level=&#8221;h2&#8243; header_font=&#8221;Arial|600|||||||&#8221; header_text_align=&#8221;left&#8221; header_font_size=&#8221;17&#8243; body_font=&#8221;Arial||||||||&#8221; body_text_align=&#8221;left&#8221; body_font_size=&#8221;15&#8243; box_shadow_color=&#8221;rgba(14,212,234,0.3)&#8221; url_new_window=&#8221;off&#8221; use_icon=&#8221;off&#8221; use_circle=&#8221;off&#8221; use_circle_border=&#8221;off&#8221; icon_placement=&#8221;top&#8221; use_icon_font_size=&#8221;off&#8221; background_layout=&#8221;light&#8221;]<\/p>\n<p><span style=\"color: #000000;font-family: 'Arial',sans-serif\"><span style=\"font-size: medium\">eUraohjaus voi olla sek\u00e4 yksil\u00f6- ett\u00e4 ryhm\u00e4ohjausta. Ohjaukseen voit osallistua joko kasvokkain tai et\u00e4yhteyden v\u00e4lityksell\u00e4, vaikkapa kotoa kahvikupin \u00e4\u00e4rest\u00e4. <\/span><\/span><\/p>\n<p><span style=\"color: #000000;font-family: 'Arial',sans-serif\"><span style=\"font-size: medium\">eUraohjaus voi kest\u00e4\u00e4 henkil\u00f6kohtaisen tarpeen mukaan tunnista useampaan kuukauteen. Sis\u00e4ll\u00f6t r\u00e4\u00e4t\u00e4l\u00f6id\u00e4\u00e4n tarpeidesi mukaan ja osallistut niihin osuuksiin, joista sinulle on eniten hy\u00f6ty\u00e4. <\/span><\/span><\/p>\n<p><span style=\"color: #000000;font-family: 'Arial',sans-serif\"><span style=\"font-size: medium\">eUraohjaus alkaa yksil\u00f6ohjauksella, jossa kartoitetaan\u00a0toiveesi eUraohjauksesta sek\u00e4 m\u00e4\u00e4ritet\u00e4\u00e4n tavoitteesi. <\/span><\/span><\/p>\n<p><span style=\"color: #000000;font-family: 'Arial',sans-serif\"><span style=\"font-size: medium\">Ryhm\u00e4ohjauksessa eUraohjaukseen toteutuu yhteisen keskustelun sek\u00e4 tekemisen kautta. Ryhm\u00e4ohjaus sis\u00e4lt\u00e4\u00e4 ohjaussarjan sek\u00e4 mahdolliset yritysvierailut\/ty\u00f6el\u00e4m\u00e4tapahtumat. Voit osallistua koko ohjaussarjaan tai poimia itsellesi sopivat osat. <\/span><\/span><\/p>\n<p>&nbsp;<\/p>\n<p>[\/et_pb_blurb][\/et_pb_column][\/et_pb_row][et_pb_row _builder_version=&#8221;3.0.101&#8243; background_size=&#8221;initial&#8221; background_position=&#8221;top_left&#8221; background_repeat=&#8221;repeat&#8221; background_color_gradient_start=&#8221;#ffffff&#8221; background_color_gradient_end=&#8221;#f4f4f4&#8243; use_background_color_gradient=&#8221;on&#8221; background_color_gradient_direction=&#8221;120deg&#8221;][et_pb_column type=&#8221;4_4&#8243;][et_pb_text _builder_version=&#8221;3.0.101&#8243; text_font=&#8221;Arial|600|||||||&#8221; text_font_size=&#8221;17px&#8221; background_layout=&#8221;light&#8221;]<\/p>\n<p style=\"text-align: center\">eUraohjauksen ohjaussarja<\/p>\n<p>[\/et_pb_text][\/et_pb_column][\/et_pb_row][et_pb_row _builder_version=&#8221;3.0.101&#8243; background_size=&#8221;initial&#8221; background_position=&#8221;top_left&#8221; background_repeat=&#8221;repeat&#8221; use_background_color_gradient=&#8221;on&#8221; background_color_gradient_start=&#8221;#ffffff&#8221; background_color_gradient_end=&#8221;#f4f4f4&#8243; background_color_gradient_direction=&#8221;120deg&#8221;][et_pb_column type=&#8221;1_3&#8243;][et_pb_blurb admin_label=&#8221;osa 1&#8243; title=&#8221;Tehoa ty\u00f6nhakuun -ohjaus&#8221; _builder_version=&#8221;3.0.101&#8243; header_level=&#8221;h2&#8243; header_font=&#8221;Arial|600|||||||&#8221; header_text_align=&#8221;center&#8221; header_font_size=&#8221;17&#8243; body_font=&#8221;Arial||||||||&#8221; body_text_align=&#8221;left&#8221; body_font_size=&#8221;15&#8243; url_new_window=&#8221;off&#8221; use_icon=&#8221;off&#8221; use_circle=&#8221;off&#8221; use_circle_border=&#8221;off&#8221; icon_placement=&#8221;top&#8221; use_icon_font_size=&#8221;off&#8221; background_layout=&#8221;light&#8221; filter_brightness=&#8221;119%&#8221; image_max_width=&#8221;80%&#8221; content_max_width=&#8221;1100px&#8221;]<\/p>\n<p><img loading=\"lazy\" decoding=\"async\" class=\"aligncenter size-medium wp-image-682\" src=\"https:\/\/blogi.eoppimispalvelut.fi\/ohjaustestaus\/files\/2018\/05\/eUraohjaus-pikkukuva-tehoa-ty\u00f6nhakuun-300x200.jpg\" alt=\"\" width=\"300\" height=\"200\" srcset=\"https:\/\/blogi.eoppimispalvelut.fi\/ohjaustestaus\/files\/2018\/05\/eUraohjaus-pikkukuva-tehoa-ty\u00f6nhakuun-300x200.jpg 300w, https:\/\/blogi.eoppimispalvelut.fi\/ohjaustestaus\/files\/2018\/05\/eUraohjaus-pikkukuva-tehoa-ty\u00f6nhakuun-768x512.jpg 768w, https:\/\/blogi.eoppimispalvelut.fi\/ohjaustestaus\/files\/2018\/05\/eUraohjaus-pikkukuva-tehoa-ty\u00f6nhakuun-1024x683.jpg 1024w, https:\/\/blogi.eoppimispalvelut.fi\/ohjaustestaus\/files\/2018\/05\/eUraohjaus-pikkukuva-tehoa-ty\u00f6nhakuun-1080x720.jpg 1080w\" sizes=\"(max-width: 300px) 100vw, 300px\" \/><\/p>\n<p><em><strong>Tehoa ty\u00f6nhakuun<\/strong> -ohjauksessa<\/em>\u00a0keskustellaan yhdess\u00e4 urasuunnittelusta teemoittain, kuten ty\u00f6nhaun asiakirjat, some ty\u00f6nhaussa, ty\u00f6haastattelut sek\u00e4 itsens\u00e4 yritt\u00e4j\u00e4m\u00e4inen ty\u00f6llist\u00e4minen.<\/p>\n<p>&nbsp;<\/p>\n<p>[\/et_pb_blurb][\/et_pb_column][et_pb_column type=&#8221;1_3&#8243;][et_pb_blurb admin_label=&#8221;osa 2&#8243; title=&#8221;Esiinny eduksesi -ohjaus&#8221; icon_placement=&#8221;left&#8221; content_max_width=&#8221;1100px&#8221; _builder_version=&#8221;3.0.101&#8243; header_level=&#8221;h2&#8243; header_font=&#8221;Arial|600|||||||&#8221; header_text_align=&#8221;center&#8221; header_font_size=&#8221;17&#8243; body_font=&#8221;Arial||||||||&#8221; body_text_align=&#8221;left&#8221; body_font_size=&#8221;15&#8243; url_new_window=&#8221;off&#8221; use_icon=&#8221;off&#8221; use_circle=&#8221;off&#8221; use_circle_border=&#8221;off&#8221; use_icon_font_size=&#8221;off&#8221; background_layout=&#8221;light&#8221; image_max_width=&#8221;80%&#8221;]<\/p>\n<p><img loading=\"lazy\" decoding=\"async\" class=\"aligncenter size-medium wp-image-683\" src=\"https:\/\/blogi.eoppimispalvelut.fi\/ohjaustestaus\/files\/2018\/05\/eUraohjaus-pikkukuva-esiinny-eduksesi-300x200.jpg\" alt=\"\" width=\"300\" height=\"200\" \/><\/p>\n<p><em><strong>Esiinny edukseksi<\/strong>\u00a0 -ohjauksessa<\/em> keskustellaan ja harjoitellaan mm. esiintymist\u00e4 ty\u00f6haastattelutilanteissa sek\u00e4 oman osaamisen markkinoinnissa.<\/p>\n<p>[\/et_pb_blurb][\/et_pb_column][et_pb_column type=&#8221;1_3&#8243;][et_pb_blurb admin_label=&#8221;osa 3&#8243; title=&#8221;Tule esiin verkossa -ohjaus&#8221; icon_placement=&#8221;left&#8221; content_max_width=&#8221;1100px&#8221; _builder_version=&#8221;3.0.101&#8243; header_level=&#8221;h2&#8243; header_font=&#8221;Arial|600|||||||&#8221; header_text_align=&#8221;center&#8221; header_font_size=&#8221;17&#8243; body_font=&#8221;Arial||||||||&#8221; body_text_align=&#8221;left&#8221; body_font_size=&#8221;15&#8243; url_new_window=&#8221;off&#8221; use_icon=&#8221;off&#8221; use_circle=&#8221;off&#8221; use_circle_border=&#8221;off&#8221; use_icon_font_size=&#8221;off&#8221; background_layout=&#8221;light&#8221;]<\/p>\n<p><img loading=\"lazy\" decoding=\"async\" class=\"aligncenter wp-image-289\" src=\"..\/files\/2018\/04\/laurakamera-300x225.jpg\" alt=\"\" width=\"267\" height=\"200\" \/><\/p>\n<p><em><strong>Tule esiin verkossa<\/strong> -ohjauksessa<\/em> tutustutaan erilaisiin ty\u00f6kaluihin, joiden avulla voidaan rakentaa, tallentaa ja julkaista esim. oma video-CV. Lis\u00e4ksi ohjauksen aikana tutustutaan erilaisiin verkostoitumisen kanaviin.<\/p>\n<p>[\/et_pb_blurb][\/et_pb_column][\/et_pb_row][et_pb_row][et_pb_column type=&#8221;4_4&#8243;][et_pb_text _builder_version=&#8221;3.0.101&#8243; background_layout=&#8221;light&#8221;]<\/p>\n<p>Kati Koivunen, henkil\u00f6br\u00e4nd\u00e4ys (kev\u00e4t 2017):<\/p>\n<p>[\/et_pb_text][et_pb_video _builder_version=&#8221;3.0.101&#8243; src=&#8221;https:\/\/www.youtube.com\/watch?v=lk2RGBxLEhk&#8221; max_width=&#8221;75%&#8221; \/][\/et_pb_column][\/et_pb_row][\/et_pb_section]<\/p>\n","protected":false},"excerpt":{"rendered":"<p>eUraohjaus voi olla sek\u00e4 yksil\u00f6- ett\u00e4 ryhm\u00e4ohjausta. Ohjaukseen voit osallistua joko kasvokkain tai et\u00e4yhteyden v\u00e4lityksell\u00e4, vaikkapa kotoa kahvikupin \u00e4\u00e4rest\u00e4. eUraohjaus voi kest\u00e4\u00e4 henkil\u00f6kohtaisen tarpeen mukaan tunnista useampaan kuukauteen. Sis\u00e4ll\u00f6t r\u00e4\u00e4t\u00e4l\u00f6id\u00e4\u00e4n tarpeidesi mukaan ja osallistut niihin osuuksiin, joista sinulle on eniten hy\u00f6ty\u00e4. eUraohjaus alkaa yksil\u00f6ohjauksella, jossa kartoitetaan\u00a0toiveesi eUraohjauksesta sek\u00e4 m\u00e4\u00e4ritet\u00e4\u00e4n tavoitteesi. Ryhm\u00e4ohjauksessa eUraohjaukseen toteutuu yhteisen keskustelun [&hellip;]<\/p>\n","protected":false},"author":2866,"featured_media":0,"parent":0,"menu_order":0,"comment_status":"closed","ping_status":"closed","template":"","meta":{"_et_pb_use_builder":"on","_et_pb_old_content":"","_et_gb_content_width":"","footnotes":""},"class_list":["post-186","page","type-page","status-publish","hentry"],"_links":{"self":[{"href":"https:\/\/blogi.eoppimispalvelut.fi\/ohjaustestaus\/wp-json\/wp\/v2\/pages\/186","targetHints":{"allow":["GET"]}}],"collection":[{"href":"https:\/\/blogi.eoppimispalvelut.fi\/ohjaustestaus\/wp-json\/wp\/v2\/pages"}],"about":[{"href":"https:\/\/blogi.eoppimispalvelut.fi\/ohjaustestaus\/wp-json\/wp\/v2\/types\/page"}],"author":[{"embeddable":true,"href":"https:\/\/blogi.eoppimispalvelut.fi\/ohjaustestaus\/wp-json\/wp\/v2\/users\/2866"}],"replies":[{"embeddable":true,"href":"https:\/\/blogi.eoppimispalvelut.fi\/ohjaustestaus\/wp-json\/wp\/v2\/comments?post=186"}],"version-history":[{"count":76,"href":"https:\/\/blogi.eoppimispalvelut.fi\/ohjaustestaus\/wp-json\/wp\/v2\/pages\/186\/revisions"}],"predecessor-version":[{"id":712,"href":"https:\/\/blogi.eoppimispalvelut.fi\/ohjaustestaus\/wp-json\/wp\/v2\/pages\/186\/revisions\/712"}],"wp:attachment":[{"href":"https:\/\/blogi.eoppimispalvelut.fi\/ohjaustestaus\/wp-json\/wp\/v2\/media?parent=186"}],"curies":[{"name":"wp","href":"https:\/\/api.w.org\/{rel}","templated":true}]}}