{"id":347,"date":"2022-06-03T12:16:49","date_gmt":"2022-06-03T09:16:49","guid":{"rendered":"https:\/\/blogi.eoppimispalvelut.fi\/ohjelmapalvelut\/?page_id=347"},"modified":"2022-06-06T11:10:39","modified_gmt":"2022-06-06T08:10:39","slug":"347-2","status":"publish","type":"page","link":"https:\/\/blogi.eoppimispalvelut.fi\/ohjelmapalvelut\/","title":{"rendered":""},"content":{"rendered":"[et_pb_section fb_built=&#8221;1&#8243; fullwidth=&#8221;on&#8221; _builder_version=&#8221;4.8.2&#8243; _module_preset=&#8221;default&#8221;][et_pb_fullwidth_image src=&#8221;https:\/\/blogi.eoppimispalvelut.fi\/ohjelmapalvelut\/files\/2022\/06\/Na\u0308ytto\u0308kuva-2022-6-3-kello-12.15.59-1280&#215;620.png&#8221; title_text=&#8221;Na\u0308ytto\u0308kuva 2022-6-3 kello 12.15.59&#8243; url=&#8221;https:\/\/blogi.eoppimispalvelut.fi\/ohjelmapalvelut\/yrittaja-kertoo-video\/&#8221; _builder_version=&#8221;4.8.2&#8243; _module_preset=&#8221;default&#8221; hover_enabled=&#8221;0&#8243; sticky_enabled=&#8221;0&#8243;][\/et_pb_fullwidth_image][\/et_pb_section][et_pb_section fb_built=&#8221;1&#8243; admin_label=&#8221;section&#8221; _builder_version=&#8221;3.22&#8243;][et_pb_row admin_label=&#8221;row&#8221; _builder_version=&#8221;3.25&#8243; background_size=&#8221;initial&#8221; background_position=&#8221;top_left&#8221; background_repeat=&#8221;repeat&#8221;][et_pb_column type=&#8221;4_4&#8243; _builder_version=&#8221;3.25&#8243; custom_padding=&#8221;|||&#8221; custom_padding__hover=&#8221;|||&#8221;][et_pb_text admin_label=&#8221;Text&#8221; _builder_version=&#8221;4.8.2&#8243; background_size=&#8221;initial&#8221; background_position=&#8221;top_left&#8221; background_repeat=&#8221;repeat&#8221;]<h1 style=\"text-align: center;\">\u00a0<a href=\"https:\/\/blogi.eoppimispalvelut.fi\/ohjelmapalvelut\/category\/ohjelmapalveluiden-turvallisuus\/\">OHJELMAPALVELUIDEN TURVALLISUUS<\/a><\/h1>\n<p><\/p>[\/et_pb_text][\/et_pb_column][\/et_pb_row][et_pb_row column_structure=&#8221;1_3,1_3,1_3&#8243; _builder_version=&#8221;4.8.2&#8243; _module_preset=&#8221;default&#8221;][et_pb_column type=&#8221;1_3&#8243; _builder_version=&#8221;4.8.2&#8243; _module_preset=&#8221;default&#8221;][et_pb_image src=&#8221;https:\/\/blogi.eoppimispalvelut.fi\/ohjelmapalvelut\/files\/2014\/10\/Ohjelmapalvelu-luvat.jpg&#8221; title_text=&#8221;Ohjelmapalvelu-luvat&#8221; url=&#8221;https:\/\/blogi.eoppimispalvelut.fi\/ohjelmapalvelut\/luvat-ja-ilmoitukset\/&#8221; _builder_version=&#8221;4.8.2&#8243; _module_preset=&#8221;default&#8221;][\/et_pb_image][et_pb_text _builder_version=&#8221;4.8.2&#8243; _module_preset=&#8221;default&#8221;]<h3 class=\"entry-title\"><a href=\"https:\/\/blogi.eoppimispalvelut.fi\/ohjelmapalvelut\/luvat-ja-ilmoitukset\/\" title=\"Permalink to Ohjelmapalveluissa sovelletut lait, luvat ja ilmoitukset\" rel=\"bookmark\">Ohjelmapalveluissa sovelletut lait, luvat ja ilmoitukset<\/a><\/h3>\n<p>T\u00e4st\u00e4 p\u00e4\u00e4set tutustumaan lakeihin ja niiden asettamiin vaatimuksiin, jotka s\u00e4\u00e4telev\u00e4t ohjelmapalvelutoimintaa.<\/p>[\/et_pb_text][\/et_pb_column][et_pb_column type=&#8221;1_3&#8243; _builder_version=&#8221;4.8.2&#8243; _module_preset=&#8221;default&#8221;][et_pb_image src=&#8221;https:\/\/blogi.eoppimispalvelut.fi\/ohjelmapalvelut\/files\/2014\/10\/ohjelmapalvelu-s\u00e4\u00e4olot.jpg&#8221; title_text=&#8221;ohjelmapalvelu-s\u00e4\u00e4olot&#8221; url=&#8221;https:\/\/blogi.eoppimispalvelut.fi\/ohjelmapalvelut\/turvallisuuskartta\/&#8221; _builder_version=&#8221;4.8.2&#8243; _module_preset=&#8221;default&#8221;][\/et_pb_image][et_pb_text _builder_version=&#8221;4.8.2&#8243; _module_preset=&#8221;default&#8221;]<h3 class=\"entry-title\"><a href=\"https:\/\/blogi.eoppimispalvelut.fi\/ohjelmapalvelut\/turvallisuuskartta\/\" title=\"Permalink to Ohjelmapalveluiden turvallisuuskartta\" rel=\"bookmark\">Ohjelmapalveluiden turvallisuuskartta<\/a><\/h3>\n<p>T\u00e4\u00e4lt\u00e4 l\u00f6yd\u00e4t turvallisuudessa huomioitavia asioita ohjelmapalveluyrityksiss\u00e4.<\/p>[\/et_pb_text][\/et_pb_column][et_pb_column type=&#8221;1_3&#8243; _builder_version=&#8221;4.8.2&#8243; _module_preset=&#8221;default&#8221;][et_pb_image src=&#8221;https:\/\/blogi.eoppimispalvelut.fi\/ohjelmapalvelut\/files\/2014\/10\/ohjelmapalvelu-tyokalut.jpg&#8221; title_text=&#8221;ohjelmapalvelu-tyokalut&#8221; url=&#8221;https:\/\/blogi.eoppimispalvelut.fi\/ohjelmapalvelut\/tyokalut\/&#8221; _builder_version=&#8221;4.8.2&#8243; _module_preset=&#8221;default&#8221;][\/et_pb_image][et_pb_text _builder_version=&#8221;4.8.2&#8243; _module_preset=&#8221;default&#8221;]<h3 class=\"entry-title\"><a href=\"https:\/\/blogi.eoppimispalvelut.fi\/ohjelmapalvelut\/tyokalut\/\" title=\"Permalink to Ty\u00f6kalut\" rel=\"bookmark\">Ty\u00f6kalut<\/a><\/h3>\n<p>Riskienhallinta- ja omavalvontaty\u00f6kalun avulla voidaan kehitt\u00e4\u00e4 ja seurata palvelujen laatua. Tavoitteena on varmistaa henkil\u00f6kunnan ja asiakkaiden turvallisuus.<\/p>[\/et_pb_text][\/et_pb_column][\/et_pb_row][et_pb_row _builder_version=&#8221;4.8.2&#8243; _module_preset=&#8221;default&#8221; border_width_top=&#8221;1px&#8221;][et_pb_column type=&#8221;4_4&#8243; _builder_version=&#8221;4.8.2&#8243; _module_preset=&#8221;default&#8221;][et_pb_image src=&#8221;https:\/\/blogi.eoppimispalvelut.fi\/ohjelmapalvelut\/files\/2022\/06\/footer-asettelu.jpeg&#8221; title_text=&#8221;footer-asettelu&#8221; align=&#8221;center&#8221; _builder_version=&#8221;4.8.2&#8243; _module_preset=&#8221;default&#8221;][\/et_pb_image][\/et_pb_column][\/et_pb_row][\/et_pb_section]","protected":false},"excerpt":{"rendered":"<p>\u00a0OHJELMAPALVELUIDEN TURVALLISUUS Ohjelmapalveluissa sovelletut lait, luvat ja ilmoitukset T\u00e4st\u00e4 p\u00e4\u00e4set tutustumaan lakeihin ja niiden asettamiin vaatimuksiin, jotka s\u00e4\u00e4telev\u00e4t ohjelmapalvelutoimintaa.Ohjelmapalveluiden turvallisuuskartta T\u00e4\u00e4lt\u00e4 l\u00f6yd\u00e4t turvallisuudessa huomioitavia asioita ohjelmapalveluyrityksiss\u00e4.Ty\u00f6kalut Riskienhallinta- ja omavalvontaty\u00f6kalun avulla voidaan kehitt\u00e4\u00e4 ja seurata palvelujen laatua. Tavoitteena on varmistaa henkil\u00f6kunnan ja asiakkaiden turvallisuus.<\/p>\n","protected":false},"author":31,"featured_media":0,"parent":0,"menu_order":0,"comment_status":"closed","ping_status":"closed","template":"","meta":{"_et_pb_use_builder":"on","_et_pb_old_content":"<!-- wp:paragraph -->\n<p> <\/p>\n<!-- \/wp:paragraph -->","_et_gb_content_width":"","jetpack_post_was_ever_published":false,"footnotes":""},"class_list":["post-347","page","type-page","status-publish","hentry"],"jetpack_sharing_enabled":true,"jetpack_shortlink":"https:\/\/wp.me\/P5SEhb-5B","_links":{"self":[{"href":"https:\/\/blogi.eoppimispalvelut.fi\/ohjelmapalvelut\/wp-json\/wp\/v2\/pages\/347","targetHints":{"allow":["GET"]}}],"collection":[{"href":"https:\/\/blogi.eoppimispalvelut.fi\/ohjelmapalvelut\/wp-json\/wp\/v2\/pages"}],"about":[{"href":"https:\/\/blogi.eoppimispalvelut.fi\/ohjelmapalvelut\/wp-json\/wp\/v2\/types\/page"}],"author":[{"embeddable":true,"href":"https:\/\/blogi.eoppimispalvelut.fi\/ohjelmapalvelut\/wp-json\/wp\/v2\/users\/31"}],"replies":[{"embeddable":true,"href":"https:\/\/blogi.eoppimispalvelut.fi\/ohjelmapalvelut\/wp-json\/wp\/v2\/comments?post=347"}],"version-history":[{"count":9,"href":"https:\/\/blogi.eoppimispalvelut.fi\/ohjelmapalvelut\/wp-json\/wp\/v2\/pages\/347\/revisions"}],"predecessor-version":[{"id":375,"href":"https:\/\/blogi.eoppimispalvelut.fi\/ohjelmapalvelut\/wp-json\/wp\/v2\/pages\/347\/revisions\/375"}],"wp:attachment":[{"href":"https:\/\/blogi.eoppimispalvelut.fi\/ohjelmapalvelut\/wp-json\/wp\/v2\/media?parent=347"}],"curies":[{"name":"wp","href":"https:\/\/api.w.org\/{rel}","templated":true}]}}