{"id":100,"date":"2023-05-25T19:54:36","date_gmt":"2023-05-25T16:54:36","guid":{"rendered":"https:\/\/blogi.eoppimispalvelut.fi\/testingminttutesting\/?page_id=100"},"modified":"2024-11-21T11:02:57","modified_gmt":"2024-11-21T09:02:57","slug":"viimeistelyvaiheen-arviointi","status":"publish","type":"page","link":"https:\/\/blogi.eoppimispalvelut.fi\/ont-ohjaajan-opas\/viimeistelyvaihe\/viimeistelyvaiheen-arviointi\/","title":{"rendered":"Viimeistelyvaiheen arviointi"},"content":{"rendered":"\n<p>Opinn\u00e4ytety\u00f6n viimeistelyvaihe (vaihe 3\/3) voidaan hyv\u00e4ksy\u00e4 Wihiss\u00e4, kun opiskelija on<\/p>\n\n\n\n<ul class=\"wp-block-list\">\n<li>tehnyt hyv\u00e4ksytysti plagiointitarkastuksen.<\/li>\n\n\n\n<li>palauttanut opinn\u00e4ytety\u00f6n arvioitavaksi ja ty\u00f6 on arvioitu hyv\u00e4ksytysti.<\/li>\n\n\n\n<li>kirjoittanut hyv\u00e4ksytysti kypsyysn\u00e4ytteen.<\/li>\n\n\n\n<li>arkistoinut ja julkaissut ty\u00f6n.<\/li>\n\n\n\n<li>suorittanut hyv\u00e4ksytysti mahdolliset muut koulutuskohtaiset suoritukset.<\/li>\n<\/ul>\n\n\n\n<p>Opinn\u00e4ytety\u00f6n viimeistelyvaiheen arvioinnissa on hyv\u00e4 huomioida, ett\u00e4<\/p>\n\n\n\n<ul class=\"wp-block-list\">\n<li>opiskelijalle kirjautuu 5\/10 opintopistett\u00e4 opinn\u00e4ytety\u00f6n viimeistelyvaiheesta automaattisesti my\u00f6s Peppiin, kun opinn\u00e4ytety\u00f6n arvosana on viety rekisteriin Wihiss\u00e4.<\/li>\n\n\n\n<li>suunnittelu-, toteutus- ja viimeistelyvaiheiden arviointi muuttuu samalla hyv\u00e4ksytyst\u00e4 arvioinnista opinn\u00e4ytety\u00f6n arviointia (1\u20135) vastaavaksi Pepiss\u00e4.<\/li>\n<\/ul>\n","protected":false},"excerpt":{"rendered":"<p>Opinn\u00e4ytety\u00f6n viimeistelyvaihe (vaihe 3\/3) voidaan hyv\u00e4ksy\u00e4 Wihiss\u00e4, kun opiskelija on Opinn\u00e4ytety\u00f6n viimeistelyvaiheen arvioinnissa on hyv\u00e4 huomioida, ett\u00e4<\/p>\n","protected":false},"author":36,"featured_media":0,"parent":13,"menu_order":8,"comment_status":"closed","ping_status":"closed","template":"","meta":{"footnotes":""},"class_list":["post-100","page","type-page","status-publish","hentry"],"_links":{"self":[{"href":"https:\/\/blogi.eoppimispalvelut.fi\/ont-ohjaajan-opas\/wp-json\/wp\/v2\/pages\/100","targetHints":{"allow":["GET"]}}],"collection":[{"href":"https:\/\/blogi.eoppimispalvelut.fi\/ont-ohjaajan-opas\/wp-json\/wp\/v2\/pages"}],"about":[{"href":"https:\/\/blogi.eoppimispalvelut.fi\/ont-ohjaajan-opas\/wp-json\/wp\/v2\/types\/page"}],"author":[{"embeddable":true,"href":"https:\/\/blogi.eoppimispalvelut.fi\/ont-ohjaajan-opas\/wp-json\/wp\/v2\/users\/36"}],"replies":[{"embeddable":true,"href":"https:\/\/blogi.eoppimispalvelut.fi\/ont-ohjaajan-opas\/wp-json\/wp\/v2\/comments?post=100"}],"version-history":[{"count":1,"href":"https:\/\/blogi.eoppimispalvelut.fi\/ont-ohjaajan-opas\/wp-json\/wp\/v2\/pages\/100\/revisions"}],"predecessor-version":[{"id":313,"href":"https:\/\/blogi.eoppimispalvelut.fi\/ont-ohjaajan-opas\/wp-json\/wp\/v2\/pages\/100\/revisions\/313"}],"up":[{"embeddable":true,"href":"https:\/\/blogi.eoppimispalvelut.fi\/ont-ohjaajan-opas\/wp-json\/wp\/v2\/pages\/13"}],"wp:attachment":[{"href":"https:\/\/blogi.eoppimispalvelut.fi\/ont-ohjaajan-opas\/wp-json\/wp\/v2\/media?parent=100"}],"curies":[{"name":"wp","href":"https:\/\/api.w.org\/{rel}","templated":true}]}}