{"id":18,"date":"2023-05-25T19:13:19","date_gmt":"2023-05-25T16:13:19","guid":{"rendered":"https:\/\/blogi.eoppimispalvelut.fi\/testingminttutesting\/?page_id=18"},"modified":"2023-05-25T19:13:19","modified_gmt":"2023-05-25T16:13:19","slug":"tavoitteet","status":"publish","type":"page","link":"https:\/\/blogi.eoppimispalvelut.fi\/ont-ohjaajan-opas\/ennen-opinnaytetyon-aloittamista\/tavoitteet\/","title":{"rendered":"Opinn\u00e4ytety\u00f6n tavoitteet"},"content":{"rendered":"\n<p>Opinn\u00e4ytety\u00f6 on ammattikorkeakoulututkintoon kuuluva opinto.<\/p>\n\n\n\n<p>Ammattikorkeakoulututkinnon opinn\u00e4ytety\u00f6n (15 op) tavoitteena on kehitt\u00e4\u00e4 ja osoittaa opiskelijan valmiuksia soveltaa tietojaan ja taitojaan ammattiopintoihin liittyv\u00e4ss\u00e4 k\u00e4yt\u00e4nn\u00f6n asiantuntijateht\u00e4v\u00e4ss\u00e4.<\/p>\n\n\n\n<p>Ylemm\u00e4n ammattikorkeakoulututkinnon opinn\u00e4ytety\u00f6n (30 op) tavoitteena on kehitt\u00e4\u00e4 ja osoittaa opiskelijan kyky\u00e4 soveltaa tutkimustietoa ja k\u00e4ytt\u00e4\u00e4 valittuja menetelmi\u00e4 ty\u00f6el\u00e4m\u00e4n ongelmien erittelyyn ja ratkaisemiseen sek\u00e4 valmiutta itsen\u00e4iseen vaativaan asiantuntijaty\u00f6h\u00f6n.<\/p>\n\n\n\n<p>Opinn\u00e4ytety\u00f6t\u00e4 voidaan tarkastella<\/p>\n\n\n\n<ul class=\"wp-block-list\">\n<li>opiskelijan asiantuntijuuden kehittymiseen liittyv\u00e4n\u00e4 oppimisprosessina ja -menetelm\u00e4n\u00e4 (<strong>opin<\/strong>n\u00e4ytety\u00f6)<\/li>\n\n\n\n<li>oppimisteht\u00e4v\u00e4n\u00e4, n\u00e4ytteen\u00e4 tai osoituksena opiskelijan oppimisesta ja osaamisesta (opin<strong>n\u00e4yte<\/strong>ty\u00f6)<\/li>\n\n\n\n<li>ammatillisena arjen tekona, alaan liittyv\u00e4n\u00e4 ja ty\u00f6el\u00e4m\u00e4\u00e4 kehitt\u00e4v\u00e4n\u00e4 ty\u00f6n\u00e4, opiskelijan tekem\u00e4n\u00e4 ty\u00f6n\u00e4 (opinn\u00e4yte<strong>ty\u00f6<\/strong>).<\/li>\n<\/ul>\n\n\n\n<p>Opinn\u00e4ytety\u00f6n tulee liitty\u00e4 koulutuksen keskeisiin sis\u00e4lt\u00f6ihin ja alan ammattik\u00e4yt\u00e4nt\u00f6ihin. Se voi olla my\u00f6s osa yksi- tai monialaista ryhm\u00e4ty\u00f6n\u00e4 teht\u00e4v\u00e4\u00e4 projektia tai tutkimusta, jolloin on kuitenkin voitava osoittaa kunkin opiskelijan itsen\u00e4inen panos opinn\u00e4ytety\u00f6st\u00e4. Opinn\u00e4ytety\u00f6n tulee osoittaa perehtyneisyytt\u00e4 opinn\u00e4ytety\u00f6n aihepiiriin sek\u00e4 valmiutta tarvittavien tutkimus- ja kehitt\u00e4mismenetelmien hallintaan ja ammatilliseen viestint\u00e4\u00e4n. Parhaimmillaan opinn\u00e4ytety\u00f6ss\u00e4 yhdistyv\u00e4t opiskelijan omat tavoitteet, koulutuksen tavoitteet sek\u00e4 ty\u00f6el\u00e4m\u00e4n tavoitteet.&nbsp;<\/p>\n","protected":false},"excerpt":{"rendered":"<p>Opinn\u00e4ytety\u00f6 on ammattikorkeakoulututkintoon kuuluva opinto. Ammattikorkeakoulututkinnon opinn\u00e4ytety\u00f6n (15 op) tavoitteena on kehitt\u00e4\u00e4 ja osoittaa opiskelijan valmiuksia soveltaa tietojaan ja taitojaan ammattiopintoihin liittyv\u00e4ss\u00e4 k\u00e4yt\u00e4nn\u00f6n asiantuntijateht\u00e4v\u00e4ss\u00e4. Ylemm\u00e4n ammattikorkeakoulututkinnon opinn\u00e4ytety\u00f6n (30 op) tavoitteena on kehitt\u00e4\u00e4 ja osoittaa opiskelijan kyky\u00e4 soveltaa tutkimustietoa ja k\u00e4ytt\u00e4\u00e4 valittuja menetelmi\u00e4 ty\u00f6el\u00e4m\u00e4n ongelmien erittelyyn ja ratkaisemiseen sek\u00e4 valmiutta itsen\u00e4iseen vaativaan asiantuntijaty\u00f6h\u00f6n. Opinn\u00e4ytety\u00f6t\u00e4 voidaan tarkastella [&hellip;]<\/p>\n","protected":false},"author":36,"featured_media":0,"parent":7,"menu_order":0,"comment_status":"closed","ping_status":"closed","template":"","meta":{"footnotes":""},"class_list":["post-18","page","type-page","status-publish","hentry"],"_links":{"self":[{"href":"https:\/\/blogi.eoppimispalvelut.fi\/ont-ohjaajan-opas\/wp-json\/wp\/v2\/pages\/18","targetHints":{"allow":["GET"]}}],"collection":[{"href":"https:\/\/blogi.eoppimispalvelut.fi\/ont-ohjaajan-opas\/wp-json\/wp\/v2\/pages"}],"about":[{"href":"https:\/\/blogi.eoppimispalvelut.fi\/ont-ohjaajan-opas\/wp-json\/wp\/v2\/types\/page"}],"author":[{"embeddable":true,"href":"https:\/\/blogi.eoppimispalvelut.fi\/ont-ohjaajan-opas\/wp-json\/wp\/v2\/users\/36"}],"replies":[{"embeddable":true,"href":"https:\/\/blogi.eoppimispalvelut.fi\/ont-ohjaajan-opas\/wp-json\/wp\/v2\/comments?post=18"}],"version-history":[{"count":0,"href":"https:\/\/blogi.eoppimispalvelut.fi\/ont-ohjaajan-opas\/wp-json\/wp\/v2\/pages\/18\/revisions"}],"up":[{"embeddable":true,"href":"https:\/\/blogi.eoppimispalvelut.fi\/ont-ohjaajan-opas\/wp-json\/wp\/v2\/pages\/7"}],"wp:attachment":[{"href":"https:\/\/blogi.eoppimispalvelut.fi\/ont-ohjaajan-opas\/wp-json\/wp\/v2\/media?parent=18"}],"curies":[{"name":"wp","href":"https:\/\/api.w.org\/{rel}","templated":true}]}}