{"id":186,"date":"2023-11-15T19:00:24","date_gmt":"2023-11-15T17:00:24","guid":{"rendered":"https:\/\/blogi.eoppimispalvelut.fi\/testingminttutesting\/?page_id=186"},"modified":"2023-11-15T19:00:24","modified_gmt":"2023-11-15T17:00:24","slug":"tiivistelma-ja-abstract","status":"publish","type":"page","link":"https:\/\/blogi.eoppimispalvelut.fi\/ont-ohjaajan-opas\/viimeistelyvaihe\/tiivistelma-ja-abstract\/","title":{"rendered":"Tiivistelm\u00e4 ja Abstract"},"content":{"rendered":"\n<p>Suomenkielisen tiivistelm\u00e4n sis\u00e4ll\u00f6st\u00e4 on esitetty tarkat ohjeet Lapin AMKin opinn\u00e4ytety\u00f6n raportointiohjeessa. Varmista koulutuksesi opinn\u00e4ytety\u00f6koordinaattorilta, onko tiivistelm\u00e4n kommentointi ja hyv\u00e4ksyminen ohjaajan vai kielenohjaajan vastuulla.<\/p>\n\n\n\n<p>Suomenkielisen tiivistelm\u00e4n pohjalta opiskelija laatii englanninkielisen Abstractin. Kun tiivistelm\u00e4 on hyv\u00e4ksytty, ohjaa opiskelija toimittamaan Abstract englannin kielen ja viestinn\u00e4n opettajan tarkistettavaksi.<\/p>\n","protected":false},"excerpt":{"rendered":"<p>Suomenkielisen tiivistelm\u00e4n sis\u00e4ll\u00f6st\u00e4 on esitetty tarkat ohjeet Lapin AMKin opinn\u00e4ytety\u00f6n raportointiohjeessa. Varmista koulutuksesi opinn\u00e4ytety\u00f6koordinaattorilta, onko tiivistelm\u00e4n kommentointi ja hyv\u00e4ksyminen ohjaajan vai kielenohjaajan vastuulla. Suomenkielisen tiivistelm\u00e4n pohjalta opiskelija laatii englanninkielisen Abstractin. Kun tiivistelm\u00e4 on hyv\u00e4ksytty, ohjaa opiskelija toimittamaan Abstract englannin kielen ja viestinn\u00e4n opettajan tarkistettavaksi.<\/p>\n","protected":false},"author":36,"featured_media":0,"parent":13,"menu_order":1,"comment_status":"closed","ping_status":"closed","template":"","meta":{"footnotes":""},"class_list":["post-186","page","type-page","status-publish","hentry"],"_links":{"self":[{"href":"https:\/\/blogi.eoppimispalvelut.fi\/ont-ohjaajan-opas\/wp-json\/wp\/v2\/pages\/186","targetHints":{"allow":["GET"]}}],"collection":[{"href":"https:\/\/blogi.eoppimispalvelut.fi\/ont-ohjaajan-opas\/wp-json\/wp\/v2\/pages"}],"about":[{"href":"https:\/\/blogi.eoppimispalvelut.fi\/ont-ohjaajan-opas\/wp-json\/wp\/v2\/types\/page"}],"author":[{"embeddable":true,"href":"https:\/\/blogi.eoppimispalvelut.fi\/ont-ohjaajan-opas\/wp-json\/wp\/v2\/users\/36"}],"replies":[{"embeddable":true,"href":"https:\/\/blogi.eoppimispalvelut.fi\/ont-ohjaajan-opas\/wp-json\/wp\/v2\/comments?post=186"}],"version-history":[{"count":0,"href":"https:\/\/blogi.eoppimispalvelut.fi\/ont-ohjaajan-opas\/wp-json\/wp\/v2\/pages\/186\/revisions"}],"up":[{"embeddable":true,"href":"https:\/\/blogi.eoppimispalvelut.fi\/ont-ohjaajan-opas\/wp-json\/wp\/v2\/pages\/13"}],"wp:attachment":[{"href":"https:\/\/blogi.eoppimispalvelut.fi\/ont-ohjaajan-opas\/wp-json\/wp\/v2\/media?parent=186"}],"curies":[{"name":"wp","href":"https:\/\/api.w.org\/{rel}","templated":true}]}}