{"id":20,"date":"2023-05-25T19:13:41","date_gmt":"2023-05-25T16:13:41","guid":{"rendered":"https:\/\/blogi.eoppimispalvelut.fi\/testingminttutesting\/?page_id=20"},"modified":"2023-05-25T19:13:41","modified_gmt":"2023-05-25T16:13:41","slug":"vastuut","status":"publish","type":"page","link":"https:\/\/blogi.eoppimispalvelut.fi\/ont-ohjaajan-opas\/ennen-opinnaytetyon-aloittamista\/vastuut\/","title":{"rendered":"Opiskelijan vastuut"},"content":{"rendered":"\n<p>Opiskelija vastaa opinn\u00e4ytety\u00f6prosessin etenemisest\u00e4 (asiantuntijaty\u00f6st\u00e4 suoriutuminen).<\/p>\n\n\n\n<p>Ohjaaja(t) auttaa ja ohjaa prosessin eri vaiheissa ja huolehtii, ett\u00e4 tarvittava dokumentaatio on huolehdittu ja lis\u00e4tty Wihiin.<\/p>\n\n\n\n<figure class=\"wp-block-image size-large\"><img decoding=\"async\" src=\"https:\/\/blogi.eoppimispalvelut.fi\/testingminttutesting\/files\/2023\/05\/ont-prosessi2-1-1280x905.jpg\" alt=\"\" class=\"wp-image-61\" \/><\/figure>\n","protected":false},"excerpt":{"rendered":"<p>Opiskelija vastaa opinn\u00e4ytety\u00f6prosessin etenemisest\u00e4 (asiantuntijaty\u00f6st\u00e4 suoriutuminen). Ohjaaja(t) auttaa ja ohjaa prosessin eri vaiheissa ja huolehtii, ett\u00e4 tarvittava dokumentaatio on huolehdittu ja lis\u00e4tty Wihiin.<\/p>\n","protected":false},"author":36,"featured_media":0,"parent":7,"menu_order":4,"comment_status":"closed","ping_status":"closed","template":"","meta":{"footnotes":""},"class_list":["post-20","page","type-page","status-publish","hentry"],"_links":{"self":[{"href":"https:\/\/blogi.eoppimispalvelut.fi\/ont-ohjaajan-opas\/wp-json\/wp\/v2\/pages\/20","targetHints":{"allow":["GET"]}}],"collection":[{"href":"https:\/\/blogi.eoppimispalvelut.fi\/ont-ohjaajan-opas\/wp-json\/wp\/v2\/pages"}],"about":[{"href":"https:\/\/blogi.eoppimispalvelut.fi\/ont-ohjaajan-opas\/wp-json\/wp\/v2\/types\/page"}],"author":[{"embeddable":true,"href":"https:\/\/blogi.eoppimispalvelut.fi\/ont-ohjaajan-opas\/wp-json\/wp\/v2\/users\/36"}],"replies":[{"embeddable":true,"href":"https:\/\/blogi.eoppimispalvelut.fi\/ont-ohjaajan-opas\/wp-json\/wp\/v2\/comments?post=20"}],"version-history":[{"count":0,"href":"https:\/\/blogi.eoppimispalvelut.fi\/ont-ohjaajan-opas\/wp-json\/wp\/v2\/pages\/20\/revisions"}],"up":[{"embeddable":true,"href":"https:\/\/blogi.eoppimispalvelut.fi\/ont-ohjaajan-opas\/wp-json\/wp\/v2\/pages\/7"}],"wp:attachment":[{"href":"https:\/\/blogi.eoppimispalvelut.fi\/ont-ohjaajan-opas\/wp-json\/wp\/v2\/media?parent=20"}],"curies":[{"name":"wp","href":"https:\/\/api.w.org\/{rel}","templated":true}]}}