{"id":23,"date":"2023-05-25T19:19:07","date_gmt":"2023-05-25T16:19:07","guid":{"rendered":"https:\/\/blogi.eoppimispalvelut.fi\/testingminttutesting\/?page_id=23"},"modified":"2024-06-13T19:33:52","modified_gmt":"2024-06-13T16:33:52","slug":"ohjaajan-opas","status":"publish","type":"page","link":"https:\/\/blogi.eoppimispalvelut.fi\/ont-ohjaajan-opas\/","title":{"rendered":"Ohjaajan opas"},"content":{"rendered":"\n<p class=\"has-text-align-left\">T\u00e4m\u00e4 opas on tarkoitettu Lapin AMKin opinn\u00e4ytety\u00f6ohjaajille. Ohjaajan oppaan tarkoituksena on varmistaa ohjauksen tasalaatuisuus ja yhdenmukaisuus koko korkeakoulussa. Ohje perustuu opinn\u00e4ytety\u00f6prosessiin, jossa on eritelty niin opiskelijan kuin ohjaajankin roolit ja vastuut:<\/p>\n\n\n\n<figure data-wp-context=\"{&quot;imageId&quot;:&quot;69d4bcd222bd5&quot;}\" data-wp-interactive=\"core\/image\" data-wp-key=\"69d4bcd222bd5\" class=\"wp-block-image size-large wp-lightbox-container\"><img decoding=\"async\" data-wp-class--hide=\"state.isContentHidden\" data-wp-class--show=\"state.isContentVisible\" data-wp-init=\"callbacks.setButtonStyles\" data-wp-on--click=\"actions.showLightbox\" data-wp-on--load=\"callbacks.setButtonStyles\" data-wp-on-window--resize=\"callbacks.setButtonStyles\" src=\"https:\/\/blogi.eoppimispalvelut.fi\/testingminttutesting\/files\/2023\/05\/ont-prosessi2-1280x905.jpg\" alt=\"\" class=\"wp-image-24\" \/><button\n\t\t\tclass=\"lightbox-trigger\"\n\t\t\ttype=\"button\"\n\t\t\taria-haspopup=\"dialog\"\n\t\t\taria-label=\"Enlarge\"\n\t\t\tdata-wp-init=\"callbacks.initTriggerButton\"\n\t\t\tdata-wp-on--click=\"actions.showLightbox\"\n\t\t\tdata-wp-style--right=\"state.imageButtonRight\"\n\t\t\tdata-wp-style--top=\"state.imageButtonTop\"\n\t\t>\n\t\t\t<svg xmlns=\"http:\/\/www.w3.org\/2000\/svg\" width=\"12\" height=\"12\" fill=\"none\" viewBox=\"0 0 12 12\">\n\t\t\t\t<path fill=\"#fff\" d=\"M2 0a2 2 0 0 0-2 2v2h1.5V2a.5.5 0 0 1 .5-.5h2V0H2Zm2 10.5H2a.5.5 0 0 1-.5-.5V8H0v2a2 2 0 0 0 2 2h2v-1.5ZM8 12v-1.5h2a.5.5 0 0 0 .5-.5V8H12v2a2 2 0 0 1-2 2H8Zm2-12a2 2 0 0 1 2 2v2h-1.5V2a.5.5 0 0 0-.5-.5H8V0h2Z\" \/>\n\t\t\t<\/svg>\n\t\t<\/button><\/figure>\n","protected":false},"excerpt":{"rendered":"<p>T\u00e4m\u00e4 opas on tarkoitettu Lapin AMKin opinn\u00e4ytety\u00f6ohjaajille. Ohjaajan oppaan tarkoituksena on varmistaa ohjauksen tasalaatuisuus ja yhdenmukaisuus koko korkeakoulussa. Ohje perustuu opinn\u00e4ytety\u00f6prosessiin, jossa on eritelty niin opiskelijan kuin ohjaajankin roolit ja vastuut:<\/p>\n","protected":false},"author":36,"featured_media":0,"parent":0,"menu_order":0,"comment_status":"closed","ping_status":"closed","template":"","meta":{"footnotes":""},"class_list":["post-23","page","type-page","status-publish","hentry"],"_links":{"self":[{"href":"https:\/\/blogi.eoppimispalvelut.fi\/ont-ohjaajan-opas\/wp-json\/wp\/v2\/pages\/23","targetHints":{"allow":["GET"]}}],"collection":[{"href":"https:\/\/blogi.eoppimispalvelut.fi\/ont-ohjaajan-opas\/wp-json\/wp\/v2\/pages"}],"about":[{"href":"https:\/\/blogi.eoppimispalvelut.fi\/ont-ohjaajan-opas\/wp-json\/wp\/v2\/types\/page"}],"author":[{"embeddable":true,"href":"https:\/\/blogi.eoppimispalvelut.fi\/ont-ohjaajan-opas\/wp-json\/wp\/v2\/users\/36"}],"replies":[{"embeddable":true,"href":"https:\/\/blogi.eoppimispalvelut.fi\/ont-ohjaajan-opas\/wp-json\/wp\/v2\/comments?post=23"}],"version-history":[{"count":2,"href":"https:\/\/blogi.eoppimispalvelut.fi\/ont-ohjaajan-opas\/wp-json\/wp\/v2\/pages\/23\/revisions"}],"predecessor-version":[{"id":311,"href":"https:\/\/blogi.eoppimispalvelut.fi\/ont-ohjaajan-opas\/wp-json\/wp\/v2\/pages\/23\/revisions\/311"}],"wp:attachment":[{"href":"https:\/\/blogi.eoppimispalvelut.fi\/ont-ohjaajan-opas\/wp-json\/wp\/v2\/media?parent=23"}],"curies":[{"name":"wp","href":"https:\/\/api.w.org\/{rel}","templated":true}]}}