{"id":32,"date":"2023-05-25T19:23:31","date_gmt":"2023-05-25T16:23:31","guid":{"rendered":"https:\/\/blogi.eoppimispalvelut.fi\/testingminttutesting\/?page_id=32"},"modified":"2023-05-25T19:23:31","modified_gmt":"2023-05-25T16:23:31","slug":"opinnaytetyokoordinaattori","status":"publish","type":"page","link":"https:\/\/blogi.eoppimispalvelut.fi\/ont-ohjaajan-opas\/ennen-opinnaytetyon-aloittamista\/opinnaytetyokoordinaattori\/","title":{"rendered":"Opinn\u00e4ytety\u00f6koordinaattorin rooli"},"content":{"rendered":"\n<p>Opinn\u00e4ytety\u00f6koordinaattorin rooli opinn\u00e4ytety\u00f6prosessissa on<\/p>\n\n\n\n<ul class=\"wp-block-list\">\n<li>yll\u00e4pit\u00e4\u00e4 ja kehitt\u00e4\u00e4 koulutuksen opinn\u00e4ytety\u00f6n oppimis- ja ohjausprosessia yhdess\u00e4 koulutuksen opinn\u00e4ytety\u00f6ohjaajien kanssa.<\/li>\n\n\n\n<li>tiedottaa opiskelijoita keskeisist\u00e4 prosessiin liittyvist\u00e4 asioista.<\/li>\n\n\n\n<li>toimia koulutuksen Wihi-koordinaattorina, johon kuuluu mm. aihe-ehdotuksien k\u00e4sittely ja e-lomakkeiden k\u00e4sittelij\u00f6iden lis\u00e4\u00e4minen opinn\u00e4ytety\u00f6projektiin.<\/li>\n\n\n\n<li>osallistua AMKin yhteisiin opinn\u00e4ytety\u00f6t\u00e4 koskeviin koulutuksiin sek\u00e4 informoida ja perehdytt\u00e4\u00e4 ohjaajia esim. uusista k\u00e4yt\u00e4nteist\u00e4.<\/li>\n<\/ul>\n","protected":false},"excerpt":{"rendered":"<p>Opinn\u00e4ytety\u00f6koordinaattorin rooli opinn\u00e4ytety\u00f6prosessissa on<\/p>\n","protected":false},"author":36,"featured_media":0,"parent":7,"menu_order":2,"comment_status":"closed","ping_status":"closed","template":"","meta":{"footnotes":""},"class_list":["post-32","page","type-page","status-publish","hentry"],"_links":{"self":[{"href":"https:\/\/blogi.eoppimispalvelut.fi\/ont-ohjaajan-opas\/wp-json\/wp\/v2\/pages\/32","targetHints":{"allow":["GET"]}}],"collection":[{"href":"https:\/\/blogi.eoppimispalvelut.fi\/ont-ohjaajan-opas\/wp-json\/wp\/v2\/pages"}],"about":[{"href":"https:\/\/blogi.eoppimispalvelut.fi\/ont-ohjaajan-opas\/wp-json\/wp\/v2\/types\/page"}],"author":[{"embeddable":true,"href":"https:\/\/blogi.eoppimispalvelut.fi\/ont-ohjaajan-opas\/wp-json\/wp\/v2\/users\/36"}],"replies":[{"embeddable":true,"href":"https:\/\/blogi.eoppimispalvelut.fi\/ont-ohjaajan-opas\/wp-json\/wp\/v2\/comments?post=32"}],"version-history":[{"count":0,"href":"https:\/\/blogi.eoppimispalvelut.fi\/ont-ohjaajan-opas\/wp-json\/wp\/v2\/pages\/32\/revisions"}],"up":[{"embeddable":true,"href":"https:\/\/blogi.eoppimispalvelut.fi\/ont-ohjaajan-opas\/wp-json\/wp\/v2\/pages\/7"}],"wp:attachment":[{"href":"https:\/\/blogi.eoppimispalvelut.fi\/ont-ohjaajan-opas\/wp-json\/wp\/v2\/media?parent=32"}],"curies":[{"name":"wp","href":"https:\/\/api.w.org\/{rel}","templated":true}]}}