{"id":34,"date":"2023-05-25T19:23:44","date_gmt":"2023-05-25T16:23:44","guid":{"rendered":"https:\/\/blogi.eoppimispalvelut.fi\/testingminttutesting\/?page_id=34"},"modified":"2023-05-25T19:23:44","modified_gmt":"2023-05-25T16:23:44","slug":"opinnaytetyoprosessi-2","status":"publish","type":"page","link":"https:\/\/blogi.eoppimispalvelut.fi\/ont-ohjaajan-opas\/ennen-opinnaytetyon-aloittamista\/opinnaytetyoprosessi-2\/","title":{"rendered":"Opinn\u00e4ytety\u00f6prosessi"},"content":{"rendered":"\n<p>Opinn\u00e4ytety\u00f6prosessilla tarkoitetaan opinn\u00e4ytety\u00f6n suunnitteluun, toteutukseen ja raportointiin liittyvi\u00e4 oppimisen ja ohjauksen tekoja, joita opetusviranomaiset, ammattikorkeakoulu ja koulutus s\u00e4\u00e4ntelev\u00e4t, m\u00e4\u00e4rittelev\u00e4t ja toteuttavat.<\/p>\n\n\n\n<ul class=\"wp-block-list\">\n<li><a href=\"https:\/\/www.finlex.fi\/fi\/laki\/alkup\/2014\/20141129\" target=\"_blank\" rel=\"noreferrer noopener\">Ammattikorkeakouluasetus<\/a> s\u00e4\u00e4ntelee opinn\u00e4ytety\u00f6n osaksi ammattikorkeakoulututkinnon rakennetta sek\u00e4 kypsyysn\u00e4ytteen kirjoittamisen.<\/li>\n\n\n\n<li><a href=\"https:\/\/www.lapinamk.fi\/fi\/Opiskelijalle\/Oppaat-ja-ohjeet\/Opinnaytetyo\" target=\"_blank\" rel=\"noreferrer noopener\">Ammattikorkeakoulu<\/a> ohjaa opinn\u00e4ytety\u00f6t\u00e4 m\u00e4\u00e4rittelem\u00e4ll\u00e4 opinn\u00e4ytety\u00f6n laajuuden ja vaiheet sek\u00e4 antamalla ohjeita mm. opinn\u00e4ytety\u00f6n muodoista, raportoinnista, ty\u00f6v\u00e4lineist\u00e4, sopimuksista ja arvioinnista.<\/li>\n\n\n\n<li>Koulutusala ohjaa opinn\u00e4ytety\u00f6t\u00e4 antamalla ohjeita mm. yleisten ohjeiden soveltamisesta, toteutusaikataulutusta ja ohjauksesta, eli opinn\u00e4ytety\u00f6n oppimis- ja ohjausprosessista.<\/li>\n\n\n\n<li>Ohjaaja ohjaa opinn\u00e4ytety\u00f6prosessia sek\u00e4 opinn\u00e4ytety\u00f6n sis\u00e4lt\u00f6\u00e4 ja raportointia mm. antamalla opiskelijalle tietoa siit\u00e4, miten h\u00e4nen oppimisprosessinsa etenee suhteessa tavoitteisiin ja opinn\u00e4ytety\u00f6lle asetettuihin kriteereihin.<\/li>\n<\/ul>\n","protected":false},"excerpt":{"rendered":"<p>Opinn\u00e4ytety\u00f6prosessilla tarkoitetaan opinn\u00e4ytety\u00f6n suunnitteluun, toteutukseen ja raportointiin liittyvi\u00e4 oppimisen ja ohjauksen tekoja, joita opetusviranomaiset, ammattikorkeakoulu ja koulutus s\u00e4\u00e4ntelev\u00e4t, m\u00e4\u00e4rittelev\u00e4t ja toteuttavat.<\/p>\n","protected":false},"author":36,"featured_media":0,"parent":7,"menu_order":1,"comment_status":"closed","ping_status":"closed","template":"","meta":{"footnotes":""},"class_list":["post-34","page","type-page","status-publish","hentry"],"_links":{"self":[{"href":"https:\/\/blogi.eoppimispalvelut.fi\/ont-ohjaajan-opas\/wp-json\/wp\/v2\/pages\/34","targetHints":{"allow":["GET"]}}],"collection":[{"href":"https:\/\/blogi.eoppimispalvelut.fi\/ont-ohjaajan-opas\/wp-json\/wp\/v2\/pages"}],"about":[{"href":"https:\/\/blogi.eoppimispalvelut.fi\/ont-ohjaajan-opas\/wp-json\/wp\/v2\/types\/page"}],"author":[{"embeddable":true,"href":"https:\/\/blogi.eoppimispalvelut.fi\/ont-ohjaajan-opas\/wp-json\/wp\/v2\/users\/36"}],"replies":[{"embeddable":true,"href":"https:\/\/blogi.eoppimispalvelut.fi\/ont-ohjaajan-opas\/wp-json\/wp\/v2\/comments?post=34"}],"version-history":[{"count":0,"href":"https:\/\/blogi.eoppimispalvelut.fi\/ont-ohjaajan-opas\/wp-json\/wp\/v2\/pages\/34\/revisions"}],"up":[{"embeddable":true,"href":"https:\/\/blogi.eoppimispalvelut.fi\/ont-ohjaajan-opas\/wp-json\/wp\/v2\/pages\/7"}],"wp:attachment":[{"href":"https:\/\/blogi.eoppimispalvelut.fi\/ont-ohjaajan-opas\/wp-json\/wp\/v2\/media?parent=34"}],"curies":[{"name":"wp","href":"https:\/\/api.w.org\/{rel}","templated":true}]}}