{"id":36,"date":"2023-05-25T19:24:17","date_gmt":"2023-05-25T16:24:17","guid":{"rendered":"https:\/\/blogi.eoppimispalvelut.fi\/testingminttutesting\/?page_id=36"},"modified":"2023-05-25T19:24:17","modified_gmt":"2023-05-25T16:24:17","slug":"ohjaajan-rooli","status":"publish","type":"page","link":"https:\/\/blogi.eoppimispalvelut.fi\/ont-ohjaajan-opas\/ennen-opinnaytetyon-aloittamista\/ohjaajan-rooli\/","title":{"rendered":"Ohjaajan rooli"},"content":{"rendered":"\n<p><strong>Ohjaajan<\/strong> rooli opinn\u00e4ytety\u00f6prosessissa on<\/p>\n\n\n\n<ul class=\"wp-block-list\">\n<li>tunnistaa, millaista asiantuntijuutta tutkinnossa, koulutuksessa ja opinn\u00e4ytety\u00f6ss\u00e4 tavoitellaan, eli mik\u00e4 on koulutuksen osaamisprofiili, alan ty\u00f6el\u00e4m\u00e4n ilmi\u00f6t, k\u00e4sitteet, k\u00e4yt\u00e4nn\u00f6t ja ongelmanratkaisustrategiat sek\u00e4 mit\u00e4 osaamista opinn\u00e4ytety\u00f6ss\u00e4 hankitaan ja arvioidaan.<\/li>\n\n\n\n<li>ohjata opinn\u00e4ytety\u00f6prosessille asetettujen ohjeiden huomioimista ja soveltamista, eli mit\u00e4 opiskelijalta odotetaan ja miten h\u00e4nen tulisi toimia prosessin eri vaiheissa.<\/li>\n\n\n\n<li>ohjata opinn\u00e4ytety\u00f6n sis\u00e4ll\u00f6llisi\u00e4 osa-alueita sek\u00e4 kehitt\u00e4mis-\/tutkimusty\u00f6n tekemist\u00e4.<\/li>\n\n\n\n<li>vahvistaa yhteistoiminnallisuutta, vuorovaikutteista keskustelua ja avoimuutta.<\/li>\n\n\n\n<li>edist\u00e4\u00e4 ja tukea opiskelijan oman toiminnan reflektiota ja kehitt\u00e4mist\u00e4 sek\u00e4 kriittist\u00e4 ajattelua.<\/li>\n\n\n\n<li>antaa ohjaavaa palautetta ja kehitt\u00e4v\u00e4\u00e4 arviointia opinn\u00e4ytety\u00f6prosessin eri vaiheissa siit\u00e4, miten opiskelijan ty\u00f6 vastaa ja etenee suhteessa tavoitteisiin sek\u00e4 mihin h\u00e4nen kannattaa seuraavaksi keskitty\u00e4, jotta ty\u00f6 etenee ja valmistuu.<\/li>\n\n\n\n<li>arvioida opinn\u00e4ytety\u00f6n vaiheet, opinn\u00e4ytety\u00f6n ja kypsyysn\u00e4ytteen arviointikriteerist\u00f6n mukaisesti.<\/li>\n<\/ul>\n\n\n\n<p><strong>Kielenohjaajan<\/strong> rooli opinn\u00e4ytety\u00f6prosessissa on<\/p>\n\n\n\n<ul class=\"wp-block-list\">\n<li>antaa ohjausta opinn\u00e4ytety\u00f6prosessin eri vaiheissa kirjalliseen raportointiin liittyen.<\/li>\n\n\n\n<li>antaa palautetta ja viimeistelyohjeita kirjallisen raportoinnin osalta.<\/li>\n\n\n\n<li>arvioida kirjallisen raportoinnin osa-alue opinn\u00e4ytety\u00f6st\u00e4 arviointikriteerist\u00f6n perusteella (AMK-opinn\u00e4ytet\u00f6iss\u00e4).<\/li>\n\n\n\n<li>arvioida kypsyysn\u00e4yte kielen osalta (AMK-opinn\u00e4ytet\u00f6iss\u00e4).<\/li>\n<\/ul>\n\n\n\n<p>Ohjaajan rooli on moniulotteinen, sill\u00e4 ohjaaja on sek\u00e4 itse oppijana ett\u00e4 arvioimassa opiskelijan tuotosta ja oppimisen lopputuloksia. Parhaimmillaan opinn\u00e4ytety\u00f6n ohjaaminen on vastavuoroista ja reflektoivaa yhteist\u00e4 oppimista ja jaettua asiantuntijuutta opiskelijan, ohjaajan ja yhteisty\u00f6tahon kesken.<\/p>\n","protected":false},"excerpt":{"rendered":"<p>Ohjaajan rooli opinn\u00e4ytety\u00f6prosessissa on Kielenohjaajan rooli opinn\u00e4ytety\u00f6prosessissa on Ohjaajan rooli on moniulotteinen, sill\u00e4 ohjaaja on sek\u00e4 itse oppijana ett\u00e4 arvioimassa opiskelijan tuotosta ja oppimisen lopputuloksia. Parhaimmillaan opinn\u00e4ytety\u00f6n ohjaaminen on vastavuoroista ja reflektoivaa yhteist\u00e4 oppimista ja jaettua asiantuntijuutta opiskelijan, ohjaajan ja yhteisty\u00f6tahon kesken.<\/p>\n","protected":false},"author":36,"featured_media":0,"parent":7,"menu_order":3,"comment_status":"closed","ping_status":"closed","template":"","meta":{"footnotes":""},"class_list":["post-36","page","type-page","status-publish","hentry"],"_links":{"self":[{"href":"https:\/\/blogi.eoppimispalvelut.fi\/ont-ohjaajan-opas\/wp-json\/wp\/v2\/pages\/36","targetHints":{"allow":["GET"]}}],"collection":[{"href":"https:\/\/blogi.eoppimispalvelut.fi\/ont-ohjaajan-opas\/wp-json\/wp\/v2\/pages"}],"about":[{"href":"https:\/\/blogi.eoppimispalvelut.fi\/ont-ohjaajan-opas\/wp-json\/wp\/v2\/types\/page"}],"author":[{"embeddable":true,"href":"https:\/\/blogi.eoppimispalvelut.fi\/ont-ohjaajan-opas\/wp-json\/wp\/v2\/users\/36"}],"replies":[{"embeddable":true,"href":"https:\/\/blogi.eoppimispalvelut.fi\/ont-ohjaajan-opas\/wp-json\/wp\/v2\/comments?post=36"}],"version-history":[{"count":0,"href":"https:\/\/blogi.eoppimispalvelut.fi\/ont-ohjaajan-opas\/wp-json\/wp\/v2\/pages\/36\/revisions"}],"up":[{"embeddable":true,"href":"https:\/\/blogi.eoppimispalvelut.fi\/ont-ohjaajan-opas\/wp-json\/wp\/v2\/pages\/7"}],"wp:attachment":[{"href":"https:\/\/blogi.eoppimispalvelut.fi\/ont-ohjaajan-opas\/wp-json\/wp\/v2\/media?parent=36"}],"curies":[{"name":"wp","href":"https:\/\/api.w.org\/{rel}","templated":true}]}}