{"id":39,"date":"2023-05-25T19:30:18","date_gmt":"2023-05-25T16:30:18","guid":{"rendered":"https:\/\/blogi.eoppimispalvelut.fi\/testingminttutesting\/?page_id=39"},"modified":"2023-05-25T19:30:18","modified_gmt":"2023-05-25T16:30:18","slug":"opinnaytetyon-aihe-ehdotus","status":"publish","type":"page","link":"https:\/\/blogi.eoppimispalvelut.fi\/ont-ohjaajan-opas\/suunnitteluvaihe\/opinnaytetyon-aihe-ehdotus\/","title":{"rendered":"Opinn\u00e4ytety\u00f6n aihe-ehdotus"},"content":{"rendered":"\n<p>Aihe-ehdotuksessa on keskeist\u00e4 ohjata opiskelijaa kuvaamaan opinn\u00e4ytety\u00f6n tavoitteita ja toteutusta sek\u00e4 k\u00e4ynnist\u00e4m\u00e4\u00e4n opinn\u00e4ytety\u00f6projekti Wihi-opinn\u00e4ytety\u00f6j\u00e4rjestelm\u00e4ss\u00e4.<\/p>\n\n\n\n<p>Aihe-ehdotuksessa on hyv\u00e4 huomioida seuraavat:<\/p>\n\n\n\n<ul class=\"wp-block-list\">\n<li>Aihe-ehdotus on alustava suunnitelma opinn\u00e4ytety\u00f6lle ja se tehd\u00e4\u00e4n koulutuksen k\u00e4yt\u00e4nteen mukaisesti esim. opinn\u00e4ytety\u00f6t\u00e4 edelt\u00e4v\u00e4ll\u00e4 opintojaksolla tai opinn\u00e4ytety\u00f6prosessin alussa.<\/li>\n\n\n\n<li>Opiskelija tekee aihe-ehdotuksen Wihin aihe-ehdotuslomakkeella.<\/li>\n\n\n\n<li>L\u00e4hetetyt aihe-ehdotukset n\u00e4kyv\u00e4t Wihiss\u00e4 koulutuksen opinn\u00e4ytety\u00f6koordinaattorilla tai osaamisp\u00e4\u00e4llik\u00f6ll\u00e4, joka ehdottaa\/lis\u00e4\u00e4 opinn\u00e4ytety\u00f6lle ohjaajat. Ohjaajat saavat automaattisen s\u00e4hk\u00f6postiviestin ohjaajaksi nime\u00e4misest\u00e4.<\/li>\n\n\n\n<li>Koordinaattori tai ohjaaja voi tarvittaessa pyyt\u00e4\u00e4 opiskelijaa t\u00e4ydent\u00e4m\u00e4\u00e4n aihe-ehdotustaan ennen hyv\u00e4ksynt\u00e4\u00e4.<\/li>\n<\/ul>\n","protected":false},"excerpt":{"rendered":"<p>Aihe-ehdotuksessa on keskeist\u00e4 ohjata opiskelijaa kuvaamaan opinn\u00e4ytety\u00f6n tavoitteita ja toteutusta sek\u00e4 k\u00e4ynnist\u00e4m\u00e4\u00e4n opinn\u00e4ytety\u00f6projekti Wihi-opinn\u00e4ytety\u00f6j\u00e4rjestelm\u00e4ss\u00e4. Aihe-ehdotuksessa on hyv\u00e4 huomioida seuraavat:<\/p>\n","protected":false},"author":36,"featured_media":0,"parent":9,"menu_order":0,"comment_status":"closed","ping_status":"closed","template":"","meta":{"footnotes":""},"class_list":["post-39","page","type-page","status-publish","hentry"],"_links":{"self":[{"href":"https:\/\/blogi.eoppimispalvelut.fi\/ont-ohjaajan-opas\/wp-json\/wp\/v2\/pages\/39","targetHints":{"allow":["GET"]}}],"collection":[{"href":"https:\/\/blogi.eoppimispalvelut.fi\/ont-ohjaajan-opas\/wp-json\/wp\/v2\/pages"}],"about":[{"href":"https:\/\/blogi.eoppimispalvelut.fi\/ont-ohjaajan-opas\/wp-json\/wp\/v2\/types\/page"}],"author":[{"embeddable":true,"href":"https:\/\/blogi.eoppimispalvelut.fi\/ont-ohjaajan-opas\/wp-json\/wp\/v2\/users\/36"}],"replies":[{"embeddable":true,"href":"https:\/\/blogi.eoppimispalvelut.fi\/ont-ohjaajan-opas\/wp-json\/wp\/v2\/comments?post=39"}],"version-history":[{"count":0,"href":"https:\/\/blogi.eoppimispalvelut.fi\/ont-ohjaajan-opas\/wp-json\/wp\/v2\/pages\/39\/revisions"}],"up":[{"embeddable":true,"href":"https:\/\/blogi.eoppimispalvelut.fi\/ont-ohjaajan-opas\/wp-json\/wp\/v2\/pages\/9"}],"wp:attachment":[{"href":"https:\/\/blogi.eoppimispalvelut.fi\/ont-ohjaajan-opas\/wp-json\/wp\/v2\/media?parent=39"}],"curies":[{"name":"wp","href":"https:\/\/api.w.org\/{rel}","templated":true}]}}