{"id":43,"date":"2023-05-25T19:31:41","date_gmt":"2023-05-25T16:31:41","guid":{"rendered":"https:\/\/blogi.eoppimispalvelut.fi\/testingminttutesting\/?page_id=43"},"modified":"2023-05-25T19:31:41","modified_gmt":"2023-05-25T16:31:41","slug":"opinnaytetyon-tavoitteiden-ja-aiheen-rajaus","status":"publish","type":"page","link":"https:\/\/blogi.eoppimispalvelut.fi\/ont-ohjaajan-opas\/suunnitteluvaihe\/opinnaytetyon-tavoitteiden-ja-aiheen-rajaus\/","title":{"rendered":"Opinn\u00e4ytety\u00f6n tavoitteiden ja aiheen rajaus"},"content":{"rendered":"\n<p>Tavoitteiden ja aiheen rajauksessa on keskeist\u00e4 ohjata opiskelijaa asettamaan ty\u00f6lleen tarkoituksenmukaiset (relevantit) tavoitteet ja rajaamaan aihetta (n\u00e4k\u00f6kulman rajaus).<\/p>\n\n\n\n<p>Tavoitteiden ja aiheen rajauksessa on hyv\u00e4 ohjata opiskelijaa<\/p>\n\n\n\n<ul class=\"wp-block-list\">\n<li>liitt\u00e4m\u00e4\u00e4n aihe koulutuksensa keskeisiin sis\u00e4lt\u00f6ihin ja alan ammattik\u00e4yt\u00e4nt\u00f6ihin.<\/li>\n\n\n\n<li>perustamaan aihe ty\u00f6el\u00e4m\u00e4n kehitt\u00e4mistarpeeseen, ilmi\u00f6\u00f6n tai ongelmaan.<\/li>\n\n\n\n<li>m\u00e4\u00e4rittelem\u00e4\u00e4n, mit\u00e4 ty\u00f6ll\u00e4 tavoitellaan, mik\u00e4 on sen p\u00e4\u00e4m\u00e4\u00e4r\u00e4 ja mit\u00e4 hy\u00f6ty\u00e4 siit\u00e4 tulee olemaan eri tahoille.<\/li>\n\n\n\n<li>rajaamaan aihetta eli asettamaan rajattu kehitt\u00e4misteht\u00e4v\u00e4 tai tutkimusongelma, joka ilmaisee, mihin ty\u00f6ss\u00e4 keskityt\u00e4\u00e4n ja mist\u00e4 n\u00e4k\u00f6kulmasta asiaa tarkastellaan.<\/li>\n<\/ul>\n\n\n\n<p>Opinn\u00e4ytety\u00f6n ohjaajan teht\u00e4v\u00e4n\u00e4 on ohjata ja antaa palautetta ty\u00f6n tavoitteista ja rajauksesta, mutta opiskelija on itse vastuussa ty\u00f6n tavoitteiden asettamisesta, m\u00e4\u00e4rittelyst\u00e4 ja rajauksesta.<\/p>\n","protected":false},"excerpt":{"rendered":"<p>Tavoitteiden ja aiheen rajauksessa on keskeist\u00e4 ohjata opiskelijaa asettamaan ty\u00f6lleen tarkoituksenmukaiset (relevantit) tavoitteet ja rajaamaan aihetta (n\u00e4k\u00f6kulman rajaus). Tavoitteiden ja aiheen rajauksessa on hyv\u00e4 ohjata opiskelijaa Opinn\u00e4ytety\u00f6n ohjaajan teht\u00e4v\u00e4n\u00e4 on ohjata ja antaa palautetta ty\u00f6n tavoitteista ja rajauksesta, mutta opiskelija on itse vastuussa ty\u00f6n tavoitteiden asettamisesta, m\u00e4\u00e4rittelyst\u00e4 ja rajauksesta.<\/p>\n","protected":false},"author":36,"featured_media":0,"parent":9,"menu_order":2,"comment_status":"closed","ping_status":"closed","template":"","meta":{"footnotes":""},"class_list":["post-43","page","type-page","status-publish","hentry"],"_links":{"self":[{"href":"https:\/\/blogi.eoppimispalvelut.fi\/ont-ohjaajan-opas\/wp-json\/wp\/v2\/pages\/43","targetHints":{"allow":["GET"]}}],"collection":[{"href":"https:\/\/blogi.eoppimispalvelut.fi\/ont-ohjaajan-opas\/wp-json\/wp\/v2\/pages"}],"about":[{"href":"https:\/\/blogi.eoppimispalvelut.fi\/ont-ohjaajan-opas\/wp-json\/wp\/v2\/types\/page"}],"author":[{"embeddable":true,"href":"https:\/\/blogi.eoppimispalvelut.fi\/ont-ohjaajan-opas\/wp-json\/wp\/v2\/users\/36"}],"replies":[{"embeddable":true,"href":"https:\/\/blogi.eoppimispalvelut.fi\/ont-ohjaajan-opas\/wp-json\/wp\/v2\/comments?post=43"}],"version-history":[{"count":0,"href":"https:\/\/blogi.eoppimispalvelut.fi\/ont-ohjaajan-opas\/wp-json\/wp\/v2\/pages\/43\/revisions"}],"up":[{"embeddable":true,"href":"https:\/\/blogi.eoppimispalvelut.fi\/ont-ohjaajan-opas\/wp-json\/wp\/v2\/pages\/9"}],"wp:attachment":[{"href":"https:\/\/blogi.eoppimispalvelut.fi\/ont-ohjaajan-opas\/wp-json\/wp\/v2\/media?parent=43"}],"curies":[{"name":"wp","href":"https:\/\/api.w.org\/{rel}","templated":true}]}}