{"id":47,"date":"2023-05-25T19:32:44","date_gmt":"2023-05-25T16:32:44","guid":{"rendered":"https:\/\/blogi.eoppimispalvelut.fi\/testingminttutesting\/?page_id=47"},"modified":"2023-05-25T19:32:44","modified_gmt":"2023-05-25T16:32:44","slug":"opinnaytetyotyypin-valinta","status":"publish","type":"page","link":"https:\/\/blogi.eoppimispalvelut.fi\/ont-ohjaajan-opas\/suunnitteluvaihe\/opinnaytetyotyypin-valinta\/","title":{"rendered":"Opinn\u00e4ytety\u00f6tyypin valinta"},"content":{"rendered":"\n<p>Opinn\u00e4ytety\u00f6tyyppien osalta on keskeist\u00e4 ohjata opiskelijaa huomioimaan opinn\u00e4ytety\u00f6n l\u00e4ht\u00f6kohtia sek\u00e4 tekemiseen ja raportointiin liittyvi\u00e4 mahdollisuuksia.<\/p>\n\n\n\n<p>Opinn\u00e4ytety\u00f6tyypin valinnassa on hyv\u00e4 ohjata opiskelijaa<\/p>\n\n\n\n<ul class=\"wp-block-list\">\n<li>perehtym\u00e4\u00e4n Lapin AMKin kuvauksiin erilaisista opinn\u00e4ytety\u00f6tyypeist\u00e4 ja niiden raportointitavoista (kehitt\u00e4mis- ja tutkimuspainotteinen opinn\u00e4ytety\u00f6, p\u00e4iv\u00e4kirja- ja portfoliomuotoinen opinn\u00e4ytety\u00f6, taiteellinen tutkimus).<\/li>\n\n\n\n<li>pohtimaan, millainen opinn\u00e4ytety\u00f6tyyppi ja raportointitapa sopii parhaiten t\u00e4m\u00e4n omaan ty\u00f6h\u00f6n.<\/li>\n<\/ul>\n\n\n\n<p>Ohjaajan teht\u00e4v\u00e4n\u00e4 on ohjata erilaisten opinn\u00e4ytety\u00f6tyyppien soveltuvuuden tarkasteluun ja hy\u00f6dynt\u00e4miseen. Opiskelija on kuitenkin itse vastuussa opinn\u00e4ytety\u00f6tyypin ja raportointitavan valinnasta sek\u00e4 sen soveltuvuudesta omaan kehitt\u00e4misteht\u00e4v\u00e4\u00e4n tai tutkimusongelmaan.<\/p>\n","protected":false},"excerpt":{"rendered":"<p>Opinn\u00e4ytety\u00f6tyyppien osalta on keskeist\u00e4 ohjata opiskelijaa huomioimaan opinn\u00e4ytety\u00f6n l\u00e4ht\u00f6kohtia sek\u00e4 tekemiseen ja raportointiin liittyvi\u00e4 mahdollisuuksia. Opinn\u00e4ytety\u00f6tyypin valinnassa on hyv\u00e4 ohjata opiskelijaa Ohjaajan teht\u00e4v\u00e4n\u00e4 on ohjata erilaisten opinn\u00e4ytety\u00f6tyyppien soveltuvuuden tarkasteluun ja hy\u00f6dynt\u00e4miseen. Opiskelija on kuitenkin itse vastuussa opinn\u00e4ytety\u00f6tyypin ja raportointitavan valinnasta sek\u00e4 sen soveltuvuudesta omaan kehitt\u00e4misteht\u00e4v\u00e4\u00e4n tai tutkimusongelmaan.<\/p>\n","protected":false},"author":36,"featured_media":0,"parent":9,"menu_order":3,"comment_status":"closed","ping_status":"closed","template":"","meta":{"footnotes":""},"class_list":["post-47","page","type-page","status-publish","hentry"],"_links":{"self":[{"href":"https:\/\/blogi.eoppimispalvelut.fi\/ont-ohjaajan-opas\/wp-json\/wp\/v2\/pages\/47","targetHints":{"allow":["GET"]}}],"collection":[{"href":"https:\/\/blogi.eoppimispalvelut.fi\/ont-ohjaajan-opas\/wp-json\/wp\/v2\/pages"}],"about":[{"href":"https:\/\/blogi.eoppimispalvelut.fi\/ont-ohjaajan-opas\/wp-json\/wp\/v2\/types\/page"}],"author":[{"embeddable":true,"href":"https:\/\/blogi.eoppimispalvelut.fi\/ont-ohjaajan-opas\/wp-json\/wp\/v2\/users\/36"}],"replies":[{"embeddable":true,"href":"https:\/\/blogi.eoppimispalvelut.fi\/ont-ohjaajan-opas\/wp-json\/wp\/v2\/comments?post=47"}],"version-history":[{"count":0,"href":"https:\/\/blogi.eoppimispalvelut.fi\/ont-ohjaajan-opas\/wp-json\/wp\/v2\/pages\/47\/revisions"}],"up":[{"embeddable":true,"href":"https:\/\/blogi.eoppimispalvelut.fi\/ont-ohjaajan-opas\/wp-json\/wp\/v2\/pages\/9"}],"wp:attachment":[{"href":"https:\/\/blogi.eoppimispalvelut.fi\/ont-ohjaajan-opas\/wp-json\/wp\/v2\/media?parent=47"}],"curies":[{"name":"wp","href":"https:\/\/api.w.org\/{rel}","templated":true}]}}