{"id":51,"date":"2023-05-25T19:33:57","date_gmt":"2023-05-25T16:33:57","guid":{"rendered":"https:\/\/blogi.eoppimispalvelut.fi\/testingminttutesting\/?page_id=51"},"modified":"2023-05-25T19:33:57","modified_gmt":"2023-05-25T16:33:57","slug":"opinnaytetyosopimus-ja-valmistelulomake","status":"publish","type":"page","link":"https:\/\/blogi.eoppimispalvelut.fi\/ont-ohjaajan-opas\/suunnitteluvaihe\/opinnaytetyosopimus-ja-valmistelulomake\/","title":{"rendered":"Opinn\u00e4ytety\u00f6sopimus ja valmistelulomake"},"content":{"rendered":"\n<p>Opinn\u00e4ytety\u00f6sopimuksen osalta on keskeist\u00e4 ohjata opiskelijaa valitsemaan ja t\u00e4ydent\u00e4m\u00e4\u00e4n opinn\u00e4ytety\u00f6n yhteisty\u00f6tahoa (ulkoinen yhteisty\u00f6taho, Lapin AMKin ulkoisen rahoituksen hanke tai ammattikorkeakoulu) vastaava opinn\u00e4ytety\u00f6sopimus.<\/p>\n\n\n\n<p>Opinn\u00e4ytety\u00f6sopimuksen osalta on hyv\u00e4 ohjata opiskelijaa<\/p>\n\n\n\n<ul class=\"wp-block-list\">\n<li>tutustumaan opinn\u00e4ytety\u00f6sopimuksen ohjeeseen ja sopimusehtoihin.<\/li>\n\n\n\n<li>keskustelemaan sopimuksen sis\u00e4ll\u00f6st\u00e4 yhteisty\u00f6tahon kanssa sek\u00e4 huomioimaan alan ja koulutuksen k\u00e4yt\u00e4nteet (mm. tutkimus- ja julkaisulupa, eettinen ennakkoarviointi).<\/li>\n\n\n\n<li>m\u00e4\u00e4rittelem\u00e4\u00e4n sopimukseen ammattikorkeakoulun sopijaosapuoleksi koulutuksen osaamisp\u00e4\u00e4llik\u00f6n sek\u00e4 ohjaajiksi opinn\u00e4ytety\u00f6n p\u00e4\u00e4ohjaajan ja kielenohjaajan.<\/li>\n\n\n\n<li>tekem\u00e4\u00e4n julkistettavia tuloksia.<\/li>\n\n\n\n<li>huomioimaan sopimuksen sitovuuden ja vastuut.<\/li>\n\n\n\n<li>palauttamaan opinn\u00e4ytety\u00f6sopimus ja valmistelulomake tarkastettavaksi Wihiss\u00e4 ennen s\u00e4hk\u00f6ist\u00e4 allekirjoitusta.<\/li>\n<\/ul>\n\n\n\n<p>Valmistelulomakkeen osalta on keskeist\u00e4 ohjata opiskelijaa huomioimaan opinn\u00e4ytety\u00f6h\u00f6n ja sen toteutukseen liittyvi\u00e4 tietosuojalains\u00e4\u00e4d\u00e4nn\u00f6n ja eettisten normien vaikutuksia samoin kuin opinn\u00e4ytety\u00f6n julkistamista ja aineiston avaamista koskevia, tarvittaessa erikseen sovittavia asioita.<\/p>\n\n\n\n<p>Valmistelulomakkeen osalta on hyv\u00e4 ohjata opiskelijaa<\/p>\n\n\n\n<ul class=\"wp-block-list\">\n<li>varmistamaan, ett\u00e4 aiheesta on mahdollista laatia opinn\u00e4ytety\u00f6n\u00e4 hyv\u00e4ksytt\u00e4v\u00e4 ja julkistettava\/julkinen opinn\u00e4ytety\u00f6.<\/li>\n\n\n\n<li>perehtym\u00e4\u00e4n, mit\u00e4 tutkimuslupa tarkoittaa, ja arvioimaan, tarvitaanko opinn\u00e4ytety\u00f6h\u00f6n tutkimuslupa tutkimuksen\/kehitt\u00e4misen kohteena olevalta organisaatiolta tai ammattikorkeakoululta.<\/li>\n\n\n\n<li>perehtym\u00e4\u00e4n, mit\u00e4 eettinen ennakkoarviointi tarkoittaa, ja arvioimaan, tarvitseeko opinn\u00e4ytety\u00f6h\u00f6n tehd\u00e4 eettinen ennakkoarviointi.<\/li>\n\n\n\n<li>perehtym\u00e4\u00e4n, mit\u00e4 julkaisulupa tarkoittaa, ja arvioimaan, tarvitseeko opinn\u00e4ytety\u00f6 julkaisulupaa yhteisteoksen tekemiseen osallistuneilta tai tuotoksen tekij\u00e4lt\u00e4.<\/li>\n\n\n\n<li>huomioimaan henkil\u00f6tietojen k\u00e4sittelyperusteena olevan suostumuksen sek\u00e4 tietosuojan eli tekem\u00e4\u00e4n aineistonhallintasuunnitelman.<\/li>\n\n\n\n<li>pohtimaan ja keskustelemaan tarvittaessa ohjaajan kanssa, onko ammattikorkeakoululla tarvetta opinn\u00e4ytety\u00f6n (tutkimus)aineiston jatkok\u00e4ytt\u00f6\u00f6n, ja tekem\u00e4\u00e4n tarvittaessa aineistonluovutussopimuksen.<\/li>\n<\/ul>\n\n\n\n<p>Ohjaajan teht\u00e4v\u00e4n\u00e4 on ohjata ja antaa palautetta opinn\u00e4ytety\u00f6sopimuksesta ja valmistelulomakkeesta, mutta opiskelija on itse vastuussa n\u00e4iden t\u00e4ydent\u00e4misest\u00e4 sek\u00e4 ty\u00f6ns\u00e4 eettisyydest\u00e4.<\/p>\n\n\n\n<p>Kun sek\u00e4 opinn\u00e4ytety\u00f6sopimus ett\u00e4 valmistelulomake on t\u00e4ydennetty hyv\u00e4ksytysti, ohjaaja antaa opiskelijalle luvan l\u00e4hett\u00e4\u00e4 sopimus s\u00e4hk\u00f6iseen allekirjoitukseen ja arkistoitavaksi Wihiss\u00e4.<\/p>\n\n\n\n<p>Kun sopimus on k\u00e4sitelty, sopijaosapuolet saavat s\u00e4hk\u00f6postiinsa linkin allekirjoitukseen. Ohjaaja allekirjoittaa sopimuksen mobiilivarmenteella. Kun kaikki sopijaosapuolet ovat allekirjoittaneet sopimuksen, sopijaosapuolet saavat s\u00e4hk\u00f6postiinsa automaattisen viestin, ett\u00e4 asiakirja on valmis. Opinn\u00e4ytety\u00f6sopimus arkistoidaan samassa yhteydess\u00e4.<\/p>\n","protected":false},"excerpt":{"rendered":"<p>Opinn\u00e4ytety\u00f6sopimuksen osalta on keskeist\u00e4 ohjata opiskelijaa valitsemaan ja t\u00e4ydent\u00e4m\u00e4\u00e4n opinn\u00e4ytety\u00f6n yhteisty\u00f6tahoa (ulkoinen yhteisty\u00f6taho, Lapin AMKin ulkoisen rahoituksen hanke tai ammattikorkeakoulu) vastaava opinn\u00e4ytety\u00f6sopimus. Opinn\u00e4ytety\u00f6sopimuksen osalta on hyv\u00e4 ohjata opiskelijaa Valmistelulomakkeen osalta on keskeist\u00e4 ohjata opiskelijaa huomioimaan opinn\u00e4ytety\u00f6h\u00f6n ja sen toteutukseen liittyvi\u00e4 tietosuojalains\u00e4\u00e4d\u00e4nn\u00f6n ja eettisten normien vaikutuksia samoin kuin opinn\u00e4ytety\u00f6n julkistamista ja aineiston avaamista koskevia, tarvittaessa erikseen [&hellip;]<\/p>\n","protected":false},"author":36,"featured_media":0,"parent":9,"menu_order":4,"comment_status":"closed","ping_status":"closed","template":"","meta":{"footnotes":""},"class_list":["post-51","page","type-page","status-publish","hentry"],"_links":{"self":[{"href":"https:\/\/blogi.eoppimispalvelut.fi\/ont-ohjaajan-opas\/wp-json\/wp\/v2\/pages\/51","targetHints":{"allow":["GET"]}}],"collection":[{"href":"https:\/\/blogi.eoppimispalvelut.fi\/ont-ohjaajan-opas\/wp-json\/wp\/v2\/pages"}],"about":[{"href":"https:\/\/blogi.eoppimispalvelut.fi\/ont-ohjaajan-opas\/wp-json\/wp\/v2\/types\/page"}],"author":[{"embeddable":true,"href":"https:\/\/blogi.eoppimispalvelut.fi\/ont-ohjaajan-opas\/wp-json\/wp\/v2\/users\/36"}],"replies":[{"embeddable":true,"href":"https:\/\/blogi.eoppimispalvelut.fi\/ont-ohjaajan-opas\/wp-json\/wp\/v2\/comments?post=51"}],"version-history":[{"count":0,"href":"https:\/\/blogi.eoppimispalvelut.fi\/ont-ohjaajan-opas\/wp-json\/wp\/v2\/pages\/51\/revisions"}],"up":[{"embeddable":true,"href":"https:\/\/blogi.eoppimispalvelut.fi\/ont-ohjaajan-opas\/wp-json\/wp\/v2\/pages\/9"}],"wp:attachment":[{"href":"https:\/\/blogi.eoppimispalvelut.fi\/ont-ohjaajan-opas\/wp-json\/wp\/v2\/media?parent=51"}],"curies":[{"name":"wp","href":"https:\/\/api.w.org\/{rel}","templated":true}]}}