{"id":53,"date":"2023-05-25T19:34:15","date_gmt":"2023-05-25T16:34:15","guid":{"rendered":"https:\/\/blogi.eoppimispalvelut.fi\/testingminttutesting\/?page_id=53"},"modified":"2023-05-25T19:34:15","modified_gmt":"2023-05-25T16:34:15","slug":"suunnitteluvaiheen-arviointi","status":"publish","type":"page","link":"https:\/\/blogi.eoppimispalvelut.fi\/ont-ohjaajan-opas\/suunnitteluvaihe\/suunnitteluvaiheen-arviointi\/","title":{"rendered":"Suunnitteluvaiheen arviointi"},"content":{"rendered":"\n<p>Opinn\u00e4ytety\u00f6n suunnitteluvaihe (vaihe 1\/3) voidaan hyv\u00e4ksy\u00e4 Wihiss\u00e4, kun opiskelija on<\/p>\n\n\n\n<ul class=\"wp-block-list\">\n<li>laatinut hyv\u00e4ksytysti opinn\u00e4ytety\u00f6suunnitelman. &nbsp;<\/li>\n\n\n\n<li>t\u00e4ydent\u00e4nyt hyv\u00e4ksytysti opinn\u00e4ytety\u00f6sopimuksen ja valmistelulomakkeen sek\u00e4 l\u00e4hett\u00e4nyt sopimuksen allekirjoitettavaksi.<\/li>\n\n\n\n<li>hakenut opinn\u00e4ytety\u00f6lle tarvittavat luvat.<\/li>\n\n\n\n<li><a>suorittanut hyv\u00e4ksytysti mahdolliset muut koulutuskohtaiset suoritukset<\/a>.<\/li>\n<\/ul>\n\n\n\n<p>Opinn\u00e4ytety\u00f6n suunnitteluvaiheen arvioinnissa on hyv\u00e4 huomioida, ett\u00e4<\/p>\n\n\n\n<ul class=\"wp-block-list\">\n<li>TKI-pisteet kirjataan Wihiin koko opinn\u00e4ytety\u00f6n osalta eli<ul><li>AMK-opinn\u00e4ytety\u00f6ss\u00e4 15 op<\/li><\/ul>\n<ul class=\"wp-block-list\">\n<li>YAMK-opinn\u00e4ytety\u00f6ss\u00e4 30 op.<\/li>\n<\/ul>\n<\/li>\n\n\n\n<li>opiskelijalle kirjautuu hyv\u00e4ksytty suoritus ja 5\/10 opintopistett\u00e4 opinn\u00e4ytety\u00f6n suunnitteluvaiheesta automaattisesti my\u00f6s Peppiin, kun vaihe on hyv\u00e4ksytty Wihiss\u00e4.<\/li>\n<\/ul>\n","protected":false},"excerpt":{"rendered":"<p>Opinn\u00e4ytety\u00f6n suunnitteluvaihe (vaihe 1\/3) voidaan hyv\u00e4ksy\u00e4 Wihiss\u00e4, kun opiskelija on Opinn\u00e4ytety\u00f6n suunnitteluvaiheen arvioinnissa on hyv\u00e4 huomioida, ett\u00e4<\/p>\n","protected":false},"author":36,"featured_media":0,"parent":9,"menu_order":8,"comment_status":"closed","ping_status":"closed","template":"","meta":{"footnotes":""},"class_list":["post-53","page","type-page","status-publish","hentry"],"_links":{"self":[{"href":"https:\/\/blogi.eoppimispalvelut.fi\/ont-ohjaajan-opas\/wp-json\/wp\/v2\/pages\/53","targetHints":{"allow":["GET"]}}],"collection":[{"href":"https:\/\/blogi.eoppimispalvelut.fi\/ont-ohjaajan-opas\/wp-json\/wp\/v2\/pages"}],"about":[{"href":"https:\/\/blogi.eoppimispalvelut.fi\/ont-ohjaajan-opas\/wp-json\/wp\/v2\/types\/page"}],"author":[{"embeddable":true,"href":"https:\/\/blogi.eoppimispalvelut.fi\/ont-ohjaajan-opas\/wp-json\/wp\/v2\/users\/36"}],"replies":[{"embeddable":true,"href":"https:\/\/blogi.eoppimispalvelut.fi\/ont-ohjaajan-opas\/wp-json\/wp\/v2\/comments?post=53"}],"version-history":[{"count":0,"href":"https:\/\/blogi.eoppimispalvelut.fi\/ont-ohjaajan-opas\/wp-json\/wp\/v2\/pages\/53\/revisions"}],"up":[{"embeddable":true,"href":"https:\/\/blogi.eoppimispalvelut.fi\/ont-ohjaajan-opas\/wp-json\/wp\/v2\/pages\/9"}],"wp:attachment":[{"href":"https:\/\/blogi.eoppimispalvelut.fi\/ont-ohjaajan-opas\/wp-json\/wp\/v2\/media?parent=53"}],"curies":[{"name":"wp","href":"https:\/\/api.w.org\/{rel}","templated":true}]}}