{"id":66,"date":"2023-05-25T19:44:36","date_gmt":"2023-05-25T16:44:36","guid":{"rendered":"https:\/\/blogi.eoppimispalvelut.fi\/testingminttutesting\/?page_id=66"},"modified":"2023-05-25T19:44:36","modified_gmt":"2023-05-25T16:44:36","slug":"opinnaytetyon-toteutus","status":"publish","type":"page","link":"https:\/\/blogi.eoppimispalvelut.fi\/ont-ohjaajan-opas\/toteutusvaihe\/opinnaytetyon-toteutus\/","title":{"rendered":"Opinn\u00e4ytety\u00f6n toteutus"},"content":{"rendered":"\n<p>Opinn\u00e4ytety\u00f6n toteutusvaiheessa on keskeist\u00e4 ohjata opinn\u00e4ytety\u00f6n toteutusta ja raportointia opinn\u00e4ytety\u00f6suunnitelman ja toimeksiannon mukaisesti kohti tavoiteltua lopputulosta.<\/p>\n\n\n\n<p>Toteutusvaiheessa on hyv\u00e4 ohjata opiskelijaa<\/p>\n\n\n\n<ul class=\"wp-block-list\">\n<li>hankkimaan ja hy\u00f6dynt\u00e4m\u00e4\u00e4n tietoa monipuolisista tietol\u00e4hteist\u00e4.<\/li>\n\n\n\n<li>rakentamaan aiemman tiedon pohjalta tietoperustaa.<\/li>\n\n\n\n<li>valitsemaan ja k\u00e4ytt\u00e4m\u00e4\u00e4n omaan ty\u00f6h\u00f6n soveltuvia menetelmi\u00e4 ja ty\u00f6v\u00e4lineit\u00e4.<\/li>\n\n\n\n<li>hallitsemaan ajank\u00e4ytt\u00f6\u00e4 sek\u00e4 toteuttamaan prosessia suunnitelmallisesti ja perustellusti.<\/li>\n\n\n\n<li>kirjoittamaan ja raportoimaan ty\u00f6t\u00e4 Lapin AMKin opinn\u00e4ytety\u00f6n raportointiohjeen mukaisesti.<\/li>\n<\/ul>\n\n\n\n<p>Ohjaajan teht\u00e4v\u00e4n\u00e4 on ohjata toteutusta, mutta opiskelija on itse vastuussa ty\u00f6n toteutuksesta.<\/p>\n","protected":false},"excerpt":{"rendered":"<p>Opinn\u00e4ytety\u00f6n toteutusvaiheessa on keskeist\u00e4 ohjata opinn\u00e4ytety\u00f6n toteutusta ja raportointia opinn\u00e4ytety\u00f6suunnitelman ja toimeksiannon mukaisesti kohti tavoiteltua lopputulosta. Toteutusvaiheessa on hyv\u00e4 ohjata opiskelijaa Ohjaajan teht\u00e4v\u00e4n\u00e4 on ohjata toteutusta, mutta opiskelija on itse vastuussa ty\u00f6n toteutuksesta.<\/p>\n","protected":false},"author":36,"featured_media":0,"parent":11,"menu_order":0,"comment_status":"closed","ping_status":"closed","template":"","meta":{"footnotes":""},"class_list":["post-66","page","type-page","status-publish","hentry"],"_links":{"self":[{"href":"https:\/\/blogi.eoppimispalvelut.fi\/ont-ohjaajan-opas\/wp-json\/wp\/v2\/pages\/66","targetHints":{"allow":["GET"]}}],"collection":[{"href":"https:\/\/blogi.eoppimispalvelut.fi\/ont-ohjaajan-opas\/wp-json\/wp\/v2\/pages"}],"about":[{"href":"https:\/\/blogi.eoppimispalvelut.fi\/ont-ohjaajan-opas\/wp-json\/wp\/v2\/types\/page"}],"author":[{"embeddable":true,"href":"https:\/\/blogi.eoppimispalvelut.fi\/ont-ohjaajan-opas\/wp-json\/wp\/v2\/users\/36"}],"replies":[{"embeddable":true,"href":"https:\/\/blogi.eoppimispalvelut.fi\/ont-ohjaajan-opas\/wp-json\/wp\/v2\/comments?post=66"}],"version-history":[{"count":0,"href":"https:\/\/blogi.eoppimispalvelut.fi\/ont-ohjaajan-opas\/wp-json\/wp\/v2\/pages\/66\/revisions"}],"up":[{"embeddable":true,"href":"https:\/\/blogi.eoppimispalvelut.fi\/ont-ohjaajan-opas\/wp-json\/wp\/v2\/pages\/11"}],"wp:attachment":[{"href":"https:\/\/blogi.eoppimispalvelut.fi\/ont-ohjaajan-opas\/wp-json\/wp\/v2\/media?parent=66"}],"curies":[{"name":"wp","href":"https:\/\/api.w.org\/{rel}","templated":true}]}}