{"id":68,"date":"2023-05-25T19:44:59","date_gmt":"2023-05-25T16:44:59","guid":{"rendered":"https:\/\/blogi.eoppimispalvelut.fi\/testingminttutesting\/?page_id=68"},"modified":"2023-05-25T19:44:59","modified_gmt":"2023-05-25T16:44:59","slug":"tiedonhankinta","status":"publish","type":"page","link":"https:\/\/blogi.eoppimispalvelut.fi\/ont-ohjaajan-opas\/toteutusvaihe\/tiedonhankinta\/","title":{"rendered":"Tiedonhankinta"},"content":{"rendered":"\n<p>Tiedonhankinnan ohjauksessa on keskeist\u00e4 ohjata opiskelijaa <a href=\"https:\/\/libguides.luc.fi\/fi\" target=\"_blank\" rel=\"noreferrer noopener\">Lapin korkeakoulukirjaston tiedonhankinnan oppaiden<\/a> ja ohjauksen pariin sek\u00e4 l\u00e4hdekriittisyyteen.<\/p>\n\n\n\n<p>Tiedonhankinnassa on hyv\u00e4 ohjata opiskelijaa<\/p>\n\n\n\n<ul class=\"wp-block-list\">\n<li>hankkimaan ja hy\u00f6dynt\u00e4m\u00e4\u00e4n <a href=\"https:\/\/ulapland.libwizard.com\/f\/tiedonhankinnanohjaus\" target=\"_blank\" rel=\"noreferrer noopener\">Lapin korkeakoulukirjaston tietoasiantuntijoiden tiedonhankinnan ohjausta<\/a> (tiedonhaun oppaat, ohjaustapaamiset, chat, botti).<\/li>\n\n\n\n<li>hankkimaan ja hy\u00f6dynt\u00e4m\u00e4\u00e4n aiheeseen liittyv\u00e4\u00e4 tietoa monipuolisesti erilaisia l\u00e4hdetyyppej\u00e4 k\u00e4ytt\u00e4en.<\/li>\n\n\n\n<li>l\u00e4hdekriittisyyteen eli arvioimaan tiedon luotettavuutta ja hy\u00f6dynnett\u00e4vyytt\u00e4 oman opinn\u00e4ytety\u00f6n aiheen n\u00e4k\u00f6kulmasta (ks. my\u00f6s Lapin AMKin opinn\u00e4ytety\u00f6n raportointiohjeen luku 4.3).<\/li>\n<\/ul>\n\n\n\n<p>Opinn\u00e4ytety\u00f6n ohjaajan teht\u00e4v\u00e4n\u00e4 on antaa palautetta l\u00e4hteiden k\u00e4yt\u00f6st\u00e4 ja laadusta, mutta opiskelija on itse vastuussa aiheeseen liittyv\u00e4n l\u00e4hdemateriaalin hankinnasta, valinnasta ja hy\u00f6dynt\u00e4misest\u00e4.<\/p>\n","protected":false},"excerpt":{"rendered":"<p>Tiedonhankinnan ohjauksessa on keskeist\u00e4 ohjata opiskelijaa Lapin korkeakoulukirjaston tiedonhankinnan oppaiden ja ohjauksen pariin sek\u00e4 l\u00e4hdekriittisyyteen. Tiedonhankinnassa on hyv\u00e4 ohjata opiskelijaa Opinn\u00e4ytety\u00f6n ohjaajan teht\u00e4v\u00e4n\u00e4 on antaa palautetta l\u00e4hteiden k\u00e4yt\u00f6st\u00e4 ja laadusta, mutta opiskelija on itse vastuussa aiheeseen liittyv\u00e4n l\u00e4hdemateriaalin hankinnasta, valinnasta ja hy\u00f6dynt\u00e4misest\u00e4.<\/p>\n","protected":false},"author":36,"featured_media":0,"parent":11,"menu_order":1,"comment_status":"closed","ping_status":"closed","template":"","meta":{"footnotes":""},"class_list":["post-68","page","type-page","status-publish","hentry"],"_links":{"self":[{"href":"https:\/\/blogi.eoppimispalvelut.fi\/ont-ohjaajan-opas\/wp-json\/wp\/v2\/pages\/68","targetHints":{"allow":["GET"]}}],"collection":[{"href":"https:\/\/blogi.eoppimispalvelut.fi\/ont-ohjaajan-opas\/wp-json\/wp\/v2\/pages"}],"about":[{"href":"https:\/\/blogi.eoppimispalvelut.fi\/ont-ohjaajan-opas\/wp-json\/wp\/v2\/types\/page"}],"author":[{"embeddable":true,"href":"https:\/\/blogi.eoppimispalvelut.fi\/ont-ohjaajan-opas\/wp-json\/wp\/v2\/users\/36"}],"replies":[{"embeddable":true,"href":"https:\/\/blogi.eoppimispalvelut.fi\/ont-ohjaajan-opas\/wp-json\/wp\/v2\/comments?post=68"}],"version-history":[{"count":0,"href":"https:\/\/blogi.eoppimispalvelut.fi\/ont-ohjaajan-opas\/wp-json\/wp\/v2\/pages\/68\/revisions"}],"up":[{"embeddable":true,"href":"https:\/\/blogi.eoppimispalvelut.fi\/ont-ohjaajan-opas\/wp-json\/wp\/v2\/pages\/11"}],"wp:attachment":[{"href":"https:\/\/blogi.eoppimispalvelut.fi\/ont-ohjaajan-opas\/wp-json\/wp\/v2\/media?parent=68"}],"curies":[{"name":"wp","href":"https:\/\/api.w.org\/{rel}","templated":true}]}}