{"id":76,"date":"2023-05-25T19:47:49","date_gmt":"2023-05-25T16:47:49","guid":{"rendered":"https:\/\/blogi.eoppimispalvelut.fi\/testingminttutesting\/?page_id=76"},"modified":"2023-05-25T19:47:49","modified_gmt":"2023-05-25T16:47:49","slug":"yhteistoiminnallisuus-ja-asiantuntijatehtavasta-suoriutuminen","status":"publish","type":"page","link":"https:\/\/blogi.eoppimispalvelut.fi\/ont-ohjaajan-opas\/toteutusvaihe\/yhteistoiminnallisuus-ja-asiantuntijatehtavasta-suoriutuminen\/","title":{"rendered":"Yhteistoiminnallisuus ja asiantuntijateht\u00e4v\u00e4st\u00e4 suoriutuminen"},"content":{"rendered":"\n<p><strong>J\u00c4TET\u00c4\u00c4NK\u00d6 T\u00c4M\u00c4 SIS\u00c4LT\u00d6 KOKONAAN POIS?<\/strong><\/p>\n\n\n\n<p>Yhteistoiminnallisuuden ja asiantuntijateht\u00e4v\u00e4ss\u00e4 suoriutumisen ohjauksessa on keskeist\u00e4 ohjata opiskelijaa tekem\u00e4\u00e4n yhteisty\u00f6t\u00e4 opinn\u00e4ytety\u00f6prosessiin osallistuvien kanssa sek\u00e4 toteuttamaan (toimeksiannettu) kehitt\u00e4misteht\u00e4v\u00e4.<\/p>\n\n\n\n<p>Yhteistoiminnallisuudessa ja asiantuntijateht\u00e4v\u00e4st\u00e4 suoriutumisessa on hyv\u00e4 ohjata opiskelijaa<\/p>\n\n\n\n<ul class=\"wp-block-list\">\n<li>tekem\u00e4\u00e4n aktiivista yhteisty\u00f6t\u00e4 yhteisty\u00f6tahon ja opinn\u00e4ytety\u00f6tiimin kanssa<\/li>\n\n\n\n<li>toimimaan aloitteellisesti ja itseohjautuvasti<\/li>\n\n\n\n<li>hankkimaan ja hy\u00f6dynt\u00e4m\u00e4\u00e4n opinn\u00e4ytety\u00f6n ohjausta sek\u00e4 vertaispalautetta koulutuksen k\u00e4yt\u00e4nt\u00f6jen mukaisesti<\/li>\n\n\n\n<li>saattamaan loppuun toimeksiannetun teht\u00e4v\u00e4n \/ opinn\u00e4ytety\u00f6n<\/li>\n\n\n\n<li>osoittamaan ammatillista osaamista ja sen kehittymist\u00e4.<\/li>\n<\/ul>\n\n\n\n<p>Opinn\u00e4ytety\u00f6n ohjaajan teht\u00e4v\u00e4n\u00e4 on kannustaa yhteistoiminnallisuuteen ja asiantuntijateht\u00e4v\u00e4ss\u00e4 suoriutumiseen, mutta opiskelija on itse vastuussa yhteistoiminnallisuudesta ja teht\u00e4v\u00e4n loppuun saattamisesta.<\/p>\n","protected":false},"excerpt":{"rendered":"<p>J\u00c4TET\u00c4\u00c4NK\u00d6 T\u00c4M\u00c4 SIS\u00c4LT\u00d6 KOKONAAN POIS? Yhteistoiminnallisuuden ja asiantuntijateht\u00e4v\u00e4ss\u00e4 suoriutumisen ohjauksessa on keskeist\u00e4 ohjata opiskelijaa tekem\u00e4\u00e4n yhteisty\u00f6t\u00e4 opinn\u00e4ytety\u00f6prosessiin osallistuvien kanssa sek\u00e4 toteuttamaan (toimeksiannettu) kehitt\u00e4misteht\u00e4v\u00e4. Yhteistoiminnallisuudessa ja asiantuntijateht\u00e4v\u00e4st\u00e4 suoriutumisessa on hyv\u00e4 ohjata opiskelijaa Opinn\u00e4ytety\u00f6n ohjaajan teht\u00e4v\u00e4n\u00e4 on kannustaa yhteistoiminnallisuuteen ja asiantuntijateht\u00e4v\u00e4ss\u00e4 suoriutumiseen, mutta opiskelija on itse vastuussa yhteistoiminnallisuudesta ja teht\u00e4v\u00e4n loppuun saattamisesta.<\/p>\n","protected":false},"author":36,"featured_media":0,"parent":11,"menu_order":5,"comment_status":"closed","ping_status":"closed","template":"","meta":{"footnotes":""},"class_list":["post-76","page","type-page","status-publish","hentry"],"_links":{"self":[{"href":"https:\/\/blogi.eoppimispalvelut.fi\/ont-ohjaajan-opas\/wp-json\/wp\/v2\/pages\/76","targetHints":{"allow":["GET"]}}],"collection":[{"href":"https:\/\/blogi.eoppimispalvelut.fi\/ont-ohjaajan-opas\/wp-json\/wp\/v2\/pages"}],"about":[{"href":"https:\/\/blogi.eoppimispalvelut.fi\/ont-ohjaajan-opas\/wp-json\/wp\/v2\/types\/page"}],"author":[{"embeddable":true,"href":"https:\/\/blogi.eoppimispalvelut.fi\/ont-ohjaajan-opas\/wp-json\/wp\/v2\/users\/36"}],"replies":[{"embeddable":true,"href":"https:\/\/blogi.eoppimispalvelut.fi\/ont-ohjaajan-opas\/wp-json\/wp\/v2\/comments?post=76"}],"version-history":[{"count":0,"href":"https:\/\/blogi.eoppimispalvelut.fi\/ont-ohjaajan-opas\/wp-json\/wp\/v2\/pages\/76\/revisions"}],"up":[{"embeddable":true,"href":"https:\/\/blogi.eoppimispalvelut.fi\/ont-ohjaajan-opas\/wp-json\/wp\/v2\/pages\/11"}],"wp:attachment":[{"href":"https:\/\/blogi.eoppimispalvelut.fi\/ont-ohjaajan-opas\/wp-json\/wp\/v2\/media?parent=76"}],"curies":[{"name":"wp","href":"https:\/\/api.w.org\/{rel}","templated":true}]}}