{"id":78,"date":"2023-05-25T19:48:15","date_gmt":"2023-05-25T16:48:15","guid":{"rendered":"https:\/\/blogi.eoppimispalvelut.fi\/testingminttutesting\/?page_id=78"},"modified":"2023-05-25T19:48:15","modified_gmt":"2023-05-25T16:48:15","slug":"tyon-tulokset-ja-tuotokset","status":"publish","type":"page","link":"https:\/\/blogi.eoppimispalvelut.fi\/ont-ohjaajan-opas\/toteutusvaihe\/tyon-tulokset-ja-tuotokset\/","title":{"rendered":"Ty\u00f6n tulokset ja tuotokset"},"content":{"rendered":"\n<p>Ty\u00f6n tuloksien ja tuotoksien ohjauksessa on keskeist\u00e4 ohjata opiskelijaa tekem\u00e4\u00e4n asetettuihin tavoitteisiin liittyvi\u00e4, hy\u00f6dynnett\u00e4viss\u00e4 olevia tuloksia\/tuotoksia sek\u00e4 raportoimaan tulokset ja\/tai tuotokset.<\/p>\n\n\n\n<p>Tuloksissa ja tuotoksissa on hyv\u00e4 ohjata opiskelijaa<\/p>\n\n\n\n<ul class=\"wp-block-list\">\n<li>huomioimaan, ett\u00e4 tulokset\/tuotokset perustuvat toteutuneeseen opinn\u00e4ytety\u00f6prosessiin.<\/li>\n\n\n\n<li>raportoimaan tulokset\/tuotokset.<\/li>\n\n\n\n<li>huomioimaan tuloksien\/tuotoksien k\u00e4ytt\u00f6- ja uutuusarvo sek\u00e4 hy\u00f6dynnett\u00e4vyys.<\/li>\n<\/ul>\n\n\n\n<p>Opinn\u00e4ytety\u00f6n ohjaajan teht\u00e4v\u00e4n\u00e4 on ohjata ja antaa palautetta tuloksista ja tuotoksista, mutta opiskelija on itse vastuussa tuloksien\/tuotoksien tekemisest\u00e4 ja raportoinnista.<\/p>\n","protected":false},"excerpt":{"rendered":"<p>Ty\u00f6n tuloksien ja tuotoksien ohjauksessa on keskeist\u00e4 ohjata opiskelijaa tekem\u00e4\u00e4n asetettuihin tavoitteisiin liittyvi\u00e4, hy\u00f6dynnett\u00e4viss\u00e4 olevia tuloksia\/tuotoksia sek\u00e4 raportoimaan tulokset ja\/tai tuotokset. Tuloksissa ja tuotoksissa on hyv\u00e4 ohjata opiskelijaa Opinn\u00e4ytety\u00f6n ohjaajan teht\u00e4v\u00e4n\u00e4 on ohjata ja antaa palautetta tuloksista ja tuotoksista, mutta opiskelija on itse vastuussa tuloksien\/tuotoksien tekemisest\u00e4 ja raportoinnista.<\/p>\n","protected":false},"author":36,"featured_media":0,"parent":11,"menu_order":6,"comment_status":"closed","ping_status":"closed","template":"","meta":{"footnotes":""},"class_list":["post-78","page","type-page","status-publish","hentry"],"_links":{"self":[{"href":"https:\/\/blogi.eoppimispalvelut.fi\/ont-ohjaajan-opas\/wp-json\/wp\/v2\/pages\/78","targetHints":{"allow":["GET"]}}],"collection":[{"href":"https:\/\/blogi.eoppimispalvelut.fi\/ont-ohjaajan-opas\/wp-json\/wp\/v2\/pages"}],"about":[{"href":"https:\/\/blogi.eoppimispalvelut.fi\/ont-ohjaajan-opas\/wp-json\/wp\/v2\/types\/page"}],"author":[{"embeddable":true,"href":"https:\/\/blogi.eoppimispalvelut.fi\/ont-ohjaajan-opas\/wp-json\/wp\/v2\/users\/36"}],"replies":[{"embeddable":true,"href":"https:\/\/blogi.eoppimispalvelut.fi\/ont-ohjaajan-opas\/wp-json\/wp\/v2\/comments?post=78"}],"version-history":[{"count":0,"href":"https:\/\/blogi.eoppimispalvelut.fi\/ont-ohjaajan-opas\/wp-json\/wp\/v2\/pages\/78\/revisions"}],"up":[{"embeddable":true,"href":"https:\/\/blogi.eoppimispalvelut.fi\/ont-ohjaajan-opas\/wp-json\/wp\/v2\/pages\/11"}],"wp:attachment":[{"href":"https:\/\/blogi.eoppimispalvelut.fi\/ont-ohjaajan-opas\/wp-json\/wp\/v2\/media?parent=78"}],"curies":[{"name":"wp","href":"https:\/\/api.w.org\/{rel}","templated":true}]}}