{"id":82,"date":"2023-05-25T19:49:16","date_gmt":"2023-05-25T16:49:16","guid":{"rendered":"https:\/\/blogi.eoppimispalvelut.fi\/testingminttutesting\/?page_id=82"},"modified":"2024-06-04T17:57:43","modified_gmt":"2024-06-04T14:57:43","slug":"toteutusvaiheen-arviointi","status":"publish","type":"page","link":"https:\/\/blogi.eoppimispalvelut.fi\/ont-ohjaajan-opas\/toteutusvaihe\/toteutusvaiheen-arviointi\/","title":{"rendered":"Toteutusvaiheen arviointi"},"content":{"rendered":"\n<p>Opinn\u00e4ytety\u00f6n toteutusvaihe (vaihe 2\/3) voidaan hyv\u00e4ksy\u00e4 Wihiss\u00e4, kun opiskelija on<\/p>\n\n\n\n<ul class=\"wp-block-list\">\n<li>toteuttanut ja raportoinut ty\u00f6t\u00e4 opinn\u00e4ytety\u00f6suunnitelman sek\u00e4 opinn\u00e4ytety\u00f6- ja raportointiohjeiden mukaisesti niin, ett\u00e4 se vastaa opinn\u00e4ytety\u00f6lle asetettuja tavoitteita ja kriteerej\u00e4, eli ty\u00f6 on viimeistely\u00e4 vaille valmis.<\/li>\n\n\n\n<li>suorittanut hyv\u00e4ksytysti mahdolliset muut koulutuskohtaiset suoritukset.<\/li>\n<\/ul>\n\n\n\n<p>Opinn\u00e4ytety\u00f6n toteutusvaiheen arvioinnissa on hyv\u00e4 huomioida, ett\u00e4<\/p>\n\n\n\n<ul class=\"wp-block-list\">\n<li>opiskelijalle kirjautuu hyv\u00e4ksytty suoritus ja 5\/10 opintopistett\u00e4 opinn\u00e4ytety\u00f6n toteutusvaiheesta automaattisesti my\u00f6s Peppiin, kun vaihe on hyv\u00e4ksytty Wihiss\u00e4.<\/li>\n<\/ul>\n","protected":false},"excerpt":{"rendered":"<p>Opinn\u00e4ytety\u00f6n toteutusvaihe (vaihe 2\/3) voidaan hyv\u00e4ksy\u00e4 Wihiss\u00e4, kun opiskelija on Opinn\u00e4ytety\u00f6n toteutusvaiheen arvioinnissa on hyv\u00e4 huomioida, ett\u00e4<\/p>\n","protected":false},"author":36,"featured_media":0,"parent":11,"menu_order":8,"comment_status":"closed","ping_status":"closed","template":"","meta":{"footnotes":""},"class_list":["post-82","page","type-page","status-publish","hentry"],"_links":{"self":[{"href":"https:\/\/blogi.eoppimispalvelut.fi\/ont-ohjaajan-opas\/wp-json\/wp\/v2\/pages\/82","targetHints":{"allow":["GET"]}}],"collection":[{"href":"https:\/\/blogi.eoppimispalvelut.fi\/ont-ohjaajan-opas\/wp-json\/wp\/v2\/pages"}],"about":[{"href":"https:\/\/blogi.eoppimispalvelut.fi\/ont-ohjaajan-opas\/wp-json\/wp\/v2\/types\/page"}],"author":[{"embeddable":true,"href":"https:\/\/blogi.eoppimispalvelut.fi\/ont-ohjaajan-opas\/wp-json\/wp\/v2\/users\/36"}],"replies":[{"embeddable":true,"href":"https:\/\/blogi.eoppimispalvelut.fi\/ont-ohjaajan-opas\/wp-json\/wp\/v2\/comments?post=82"}],"version-history":[{"count":1,"href":"https:\/\/blogi.eoppimispalvelut.fi\/ont-ohjaajan-opas\/wp-json\/wp\/v2\/pages\/82\/revisions"}],"predecessor-version":[{"id":276,"href":"https:\/\/blogi.eoppimispalvelut.fi\/ont-ohjaajan-opas\/wp-json\/wp\/v2\/pages\/82\/revisions\/276"}],"up":[{"embeddable":true,"href":"https:\/\/blogi.eoppimispalvelut.fi\/ont-ohjaajan-opas\/wp-json\/wp\/v2\/pages\/11"}],"wp:attachment":[{"href":"https:\/\/blogi.eoppimispalvelut.fi\/ont-ohjaajan-opas\/wp-json\/wp\/v2\/media?parent=82"}],"curies":[{"name":"wp","href":"https:\/\/api.w.org\/{rel}","templated":true}]}}