{"id":84,"date":"2023-05-25T19:50:11","date_gmt":"2023-05-25T16:50:11","guid":{"rendered":"https:\/\/blogi.eoppimispalvelut.fi\/testingminttutesting\/?page_id=84"},"modified":"2023-05-25T19:50:11","modified_gmt":"2023-05-25T16:50:11","slug":"kielenohjaus","status":"publish","type":"page","link":"https:\/\/blogi.eoppimispalvelut.fi\/ont-ohjaajan-opas\/viimeistelyvaihe\/kielenohjaus\/","title":{"rendered":"Kielenohjaus"},"content":{"rendered":"\n<p>Opinn\u00e4ytety\u00f6h\u00f6n liittyy kiinte\u00e4sti kielenohjaus, jossa suomen kielen ja viestinn\u00e4n opettaja antaa opiskelijalle palautetta ja ohjausta ty\u00f6n kirjallisesta raportoinnista. AMK-opinn\u00e4ytet\u00f6iss\u00e4 kirjallisen raportoinnin arvosanan antaa aina suomen kielen ja viestinn\u00e4n opettaja, joten my\u00f6s kielenohjausvastuu on arvioivalla opettajalla.<\/p>\n\n\n\n<p>Kielenohjaukseen liittyv\u00e4t k\u00e4yt\u00e4nn\u00f6t (esim. ryhm\u00e4ohjaus, yksil\u00f6ohjaus, ohjauspisteet prosessin aikana) vaihtelevat koulutuksittain, joten varmista oman koulutuksesi kielenohjausk\u00e4yt\u00e4nn\u00f6t opinn\u00e4ytety\u00f6koordinaattoriltasi.<\/p>\n\n\n\n<p>Kielenohjaus perustuu Lapin AMKin opinn\u00e4ytety\u00f6n raportointiohjeeseen, joka toimii my\u00f6s opiskelijan itseopiskelupakettina.<\/p>\n\n\n\n<p>Ohjaajan kannattaa tutustua erityisesti opinn\u00e4ytety\u00f6n raportointiohjeen ohjeistuksiin tiivistelm\u00e4n sek\u00e4 Johdanto- ja Pohdinta-lukujen sis\u00e4ll\u00f6ist\u00e4. Lis\u00e4ksi on hyv\u00e4 huomioida, ett\u00e4 opinn\u00e4ytety\u00f6n raportointiohjeen liittein\u00e4 on opiskelijan ty\u00f6t\u00e4 tukevia ohjeita (esimerkkisis\u00e4llysluettelot ja kielenhuoltoon liittyv\u00e4t linkit).<\/p>\n","protected":false},"excerpt":{"rendered":"<p>Opinn\u00e4ytety\u00f6h\u00f6n liittyy kiinte\u00e4sti kielenohjaus, jossa suomen kielen ja viestinn\u00e4n opettaja antaa opiskelijalle palautetta ja ohjausta ty\u00f6n kirjallisesta raportoinnista. AMK-opinn\u00e4ytet\u00f6iss\u00e4 kirjallisen raportoinnin arvosanan antaa aina suomen kielen ja viestinn\u00e4n opettaja, joten my\u00f6s kielenohjausvastuu on arvioivalla opettajalla. Kielenohjaukseen liittyv\u00e4t k\u00e4yt\u00e4nn\u00f6t (esim. ryhm\u00e4ohjaus, yksil\u00f6ohjaus, ohjauspisteet prosessin aikana) vaihtelevat koulutuksittain, joten varmista oman koulutuksesi kielenohjausk\u00e4yt\u00e4nn\u00f6t opinn\u00e4ytety\u00f6koordinaattoriltasi. Kielenohjaus perustuu Lapin [&hellip;]<\/p>\n","protected":false},"author":36,"featured_media":0,"parent":13,"menu_order":0,"comment_status":"closed","ping_status":"closed","template":"","meta":{"footnotes":""},"class_list":["post-84","page","type-page","status-publish","hentry"],"_links":{"self":[{"href":"https:\/\/blogi.eoppimispalvelut.fi\/ont-ohjaajan-opas\/wp-json\/wp\/v2\/pages\/84","targetHints":{"allow":["GET"]}}],"collection":[{"href":"https:\/\/blogi.eoppimispalvelut.fi\/ont-ohjaajan-opas\/wp-json\/wp\/v2\/pages"}],"about":[{"href":"https:\/\/blogi.eoppimispalvelut.fi\/ont-ohjaajan-opas\/wp-json\/wp\/v2\/types\/page"}],"author":[{"embeddable":true,"href":"https:\/\/blogi.eoppimispalvelut.fi\/ont-ohjaajan-opas\/wp-json\/wp\/v2\/users\/36"}],"replies":[{"embeddable":true,"href":"https:\/\/blogi.eoppimispalvelut.fi\/ont-ohjaajan-opas\/wp-json\/wp\/v2\/comments?post=84"}],"version-history":[{"count":0,"href":"https:\/\/blogi.eoppimispalvelut.fi\/ont-ohjaajan-opas\/wp-json\/wp\/v2\/pages\/84\/revisions"}],"up":[{"embeddable":true,"href":"https:\/\/blogi.eoppimispalvelut.fi\/ont-ohjaajan-opas\/wp-json\/wp\/v2\/pages\/13"}],"wp:attachment":[{"href":"https:\/\/blogi.eoppimispalvelut.fi\/ont-ohjaajan-opas\/wp-json\/wp\/v2\/media?parent=84"}],"curies":[{"name":"wp","href":"https:\/\/api.w.org\/{rel}","templated":true}]}}