{"id":86,"date":"2023-05-25T19:50:40","date_gmt":"2023-05-25T16:50:40","guid":{"rendered":"https:\/\/blogi.eoppimispalvelut.fi\/testingminttutesting\/?page_id=86"},"modified":"2023-05-25T19:50:40","modified_gmt":"2023-05-25T16:50:40","slug":"plagioinnin-tarkastus","status":"publish","type":"page","link":"https:\/\/blogi.eoppimispalvelut.fi\/ont-ohjaajan-opas\/viimeistelyvaihe\/plagioinnin-tarkastus\/","title":{"rendered":"Plagioinnin tarkastus"},"content":{"rendered":"\n<p>Plagioinnin tarkastuksen ohjauksessa on keskeist\u00e4 ohjata opiskelijaa huomioimaan hyv\u00e4n tieteellisen k\u00e4yt\u00e4nn\u00f6n periaatteet.<\/p>\n\n\n\n<p>Plagiointitarkastuksessa on hyv\u00e4 ohjata opiskelijaa<\/p>\n\n\n\n<ul class=\"wp-block-list\">\n<li>tarkistamaan teksti avoimessa plagioinnin tarkastuksessa ennen varsinaista\/lopullista plagiointitarkastusta. Kaikille avoin Moodle-ty\u00f6tila l\u00f6ytyy nimell\u00e4 \u201cAvoin plagioinnin tarkastus LUC-opiskelijoille\u201d. Tarkastuksen voi tehd\u00e4 useaan kertaan kirjoitusprosessin aikana.<\/li>\n\n\n\n<li>l\u00e4hett\u00e4m\u00e4\u00e4n ty\u00f6ns\u00e4 viralliseen plagiointitarkastukseen Wihiss\u00e4 koulutuksen k\u00e4yt\u00e4nteiden mukaisesti.<\/li>\n\n\n\n<li>huomioimaan analyysin tulos ja palaute opinn\u00e4ytety\u00f6n viimeistelyss\u00e4.<\/li>\n<\/ul>\n\n\n\n<p>Opinn\u00e4ytety\u00f6n ohjaajan teht\u00e4v\u00e4n\u00e4 on tutustua plagiointitarkastuksen analyysiraporttiin, antaa opiskelijalle palautetta sek\u00e4 hyv\u00e4ksy\u00e4 tai hyl\u00e4t\u00e4 plagiointitarkastus.<\/p>\n\n\n\n<p>Plagiointitarkastuksessa on hyv\u00e4 huomioida seuraavat:<\/p>\n\n\n\n<ul class=\"wp-block-list\">\n<li>Tavoitteena on tunnistaa mahdollinen <strong>plagiointi eli toisen<\/strong> tekstin luvaton lainaaminen tai anastaminen (my\u00f6s itseplagiointi).<\/li>\n\n\n\n<li>Analyysin tulos ja analyysiraportti n\u00e4kyv\u00e4t Wihiss\u00e4 ainoastaan vastuuarvioijalle. Tarvittaessa analyysiraportin voi tallentaa ja jakaa opiskelijalle ja\/tai kielenohjaajalle.<\/li>\n\n\n\n<li>Prosenttiluku itsess\u00e4\u00e4n ei kerro plagioinnista, vaan samankaltaisuuksien prosentuaalisen m\u00e4\u00e4r\u00e4n eli kuinka paljon opinn\u00e4ytety\u00f6ss\u00e4 ja tekstiss\u00e4 on yht\u00e4l\u00e4isyyksi\u00e4 muiden l\u00e4hteiden kanssa.<\/li>\n\n\n\n<li>Plagioinnin tunnistaminen edellytt\u00e4\u00e4 analyysiraporttiin tutustumista ja tunnistettujen samankaltaisuuksien vertailua.<\/li>\n\n\n\n<li>Analyysiraportin tuloksista voi suodattaa pois mm. l\u00e4hdeluettelon, sitaatit, suorat lainaukset ja pienet samankaltaisuudet. Voit valita tarkastettavat kohteet analyysiraportin asetuksista.<\/li>\n\n\n\n<li>Opinn\u00e4ytety\u00f6raportin mallipohjasta tulee v\u00e4ist\u00e4m\u00e4tt\u00e4 samankaltaisuuksia.<\/li>\n<\/ul>\n\n\n\n<p>Katso UKK-osiosta, miten tulee toimia, jos ep\u00e4ilet opinn\u00e4ytety\u00f6ss\u00e4 vilppi\u00e4 tai huomaat plagiointia.<\/p>\n\n\n\n<p>Ohjaa opiskelijaa perehtym\u00e4\u00e4n plagioinnin eri muotoihin esimerkiksi <a href=\"https:\/\/teaching.helsinki.fi\/ohjeet\/artikkeli\/vilppi-ja-plagiointi\" target=\"_blank\" rel=\"noreferrer noopener\">Helsingin yliopiston Vilppi ja plagiointi -sivun kautta<\/a>, ks. kohta \u201dPlagioinnin muotoja\u201d.<\/p>\n","protected":false},"excerpt":{"rendered":"<p>Plagioinnin tarkastuksen ohjauksessa on keskeist\u00e4 ohjata opiskelijaa huomioimaan hyv\u00e4n tieteellisen k\u00e4yt\u00e4nn\u00f6n periaatteet. Plagiointitarkastuksessa on hyv\u00e4 ohjata opiskelijaa Opinn\u00e4ytety\u00f6n ohjaajan teht\u00e4v\u00e4n\u00e4 on tutustua plagiointitarkastuksen analyysiraporttiin, antaa opiskelijalle palautetta sek\u00e4 hyv\u00e4ksy\u00e4 tai hyl\u00e4t\u00e4 plagiointitarkastus. Plagiointitarkastuksessa on hyv\u00e4 huomioida seuraavat: Katso UKK-osiosta, miten tulee toimia, jos ep\u00e4ilet opinn\u00e4ytety\u00f6ss\u00e4 vilppi\u00e4 tai huomaat plagiointia. Ohjaa opiskelijaa perehtym\u00e4\u00e4n plagioinnin eri muotoihin [&hellip;]<\/p>\n","protected":false},"author":36,"featured_media":0,"parent":13,"menu_order":2,"comment_status":"closed","ping_status":"closed","template":"","meta":{"footnotes":""},"class_list":["post-86","page","type-page","status-publish","hentry"],"_links":{"self":[{"href":"https:\/\/blogi.eoppimispalvelut.fi\/ont-ohjaajan-opas\/wp-json\/wp\/v2\/pages\/86","targetHints":{"allow":["GET"]}}],"collection":[{"href":"https:\/\/blogi.eoppimispalvelut.fi\/ont-ohjaajan-opas\/wp-json\/wp\/v2\/pages"}],"about":[{"href":"https:\/\/blogi.eoppimispalvelut.fi\/ont-ohjaajan-opas\/wp-json\/wp\/v2\/types\/page"}],"author":[{"embeddable":true,"href":"https:\/\/blogi.eoppimispalvelut.fi\/ont-ohjaajan-opas\/wp-json\/wp\/v2\/users\/36"}],"replies":[{"embeddable":true,"href":"https:\/\/blogi.eoppimispalvelut.fi\/ont-ohjaajan-opas\/wp-json\/wp\/v2\/comments?post=86"}],"version-history":[{"count":0,"href":"https:\/\/blogi.eoppimispalvelut.fi\/ont-ohjaajan-opas\/wp-json\/wp\/v2\/pages\/86\/revisions"}],"up":[{"embeddable":true,"href":"https:\/\/blogi.eoppimispalvelut.fi\/ont-ohjaajan-opas\/wp-json\/wp\/v2\/pages\/13"}],"wp:attachment":[{"href":"https:\/\/blogi.eoppimispalvelut.fi\/ont-ohjaajan-opas\/wp-json\/wp\/v2\/media?parent=86"}],"curies":[{"name":"wp","href":"https:\/\/api.w.org\/{rel}","templated":true}]}}