{"id":88,"date":"2023-05-25T19:51:06","date_gmt":"2023-05-25T16:51:06","guid":{"rendered":"https:\/\/blogi.eoppimispalvelut.fi\/testingminttutesting\/?page_id=88"},"modified":"2023-05-25T19:51:06","modified_gmt":"2023-05-25T16:51:06","slug":"opinnaytetyon-suullinen-esitys","status":"publish","type":"page","link":"https:\/\/blogi.eoppimispalvelut.fi\/ont-ohjaajan-opas\/viimeistelyvaihe\/opinnaytetyon-suullinen-esitys\/","title":{"rendered":"Opinn\u00e4ytety\u00f6n suullinen esitys"},"content":{"rendered":"\n<p>Opinn\u00e4ytety\u00f6n suullisen esityksen ohjauksessa on keskeist\u00e4 ohjata opiskelijaa esitt\u00e4m\u00e4\u00e4n opinn\u00e4ytety\u00f6ns\u00e4 suullisesti koulutuksen k\u00e4yt\u00e4nteiden mukaisesti.<\/p>\n\n\n\n<p>Opinn\u00e4ytety\u00f6n suullisessa esityksess\u00e4 on hyv\u00e4 ohjata opiskelijaa<\/p>\n\n\n\n<ul class=\"wp-block-list\">\n<li>huomioimaan, ett\u00e4 kyseess\u00e4 on <strong>asiantuntijaesitys<\/strong> eik\u00e4 pelk\u00e4st\u00e4\u00e4n tehdyn ty\u00f6n suullinen raportointi.<\/li>\n\n\n\n<li>kertomaan tiivistetysti opinn\u00e4ytety\u00f6n tietoperustan, aineistonhankinnan ja menetelm\u00e4lliset valinnat sek\u00e4 keskittym\u00e4\u00e4n opinn\u00e4ytety\u00f6n\/kehitt\u00e4misteht\u00e4v\u00e4n tulosten ja tuotosten esittelyyn sek\u00e4 opinn\u00e4ytety\u00f6prosessin arviointiin.<\/li>\n\n\n\n<li>valmistautumaan esitykseen etuk\u00e4teen ja k\u00e4ytt\u00e4m\u00e4\u00e4n esityksess\u00e4 tukena visuaalista havainnollistamista.<\/li>\n\n\n\n<li>kutsumaan yhteisty\u00f6taho kuuntelemaan esityst\u00e4.<\/li>\n<\/ul>\n\n\n\n<p>Opinn\u00e4ytety\u00f6n ohjaajan teht\u00e4v\u00e4n\u00e4 on antaa palautetta ja arvioida opinn\u00e4ytety\u00f6n suullinen esitys arviointikriteereiden mukaisesti.<\/p>\n","protected":false},"excerpt":{"rendered":"<p>Opinn\u00e4ytety\u00f6n suullisen esityksen ohjauksessa on keskeist\u00e4 ohjata opiskelijaa esitt\u00e4m\u00e4\u00e4n opinn\u00e4ytety\u00f6ns\u00e4 suullisesti koulutuksen k\u00e4yt\u00e4nteiden mukaisesti. Opinn\u00e4ytety\u00f6n suullisessa esityksess\u00e4 on hyv\u00e4 ohjata opiskelijaa Opinn\u00e4ytety\u00f6n ohjaajan teht\u00e4v\u00e4n\u00e4 on antaa palautetta ja arvioida opinn\u00e4ytety\u00f6n suullinen esitys arviointikriteereiden mukaisesti.<\/p>\n","protected":false},"author":36,"featured_media":0,"parent":13,"menu_order":3,"comment_status":"closed","ping_status":"closed","template":"","meta":{"footnotes":""},"class_list":["post-88","page","type-page","status-publish","hentry"],"_links":{"self":[{"href":"https:\/\/blogi.eoppimispalvelut.fi\/ont-ohjaajan-opas\/wp-json\/wp\/v2\/pages\/88","targetHints":{"allow":["GET"]}}],"collection":[{"href":"https:\/\/blogi.eoppimispalvelut.fi\/ont-ohjaajan-opas\/wp-json\/wp\/v2\/pages"}],"about":[{"href":"https:\/\/blogi.eoppimispalvelut.fi\/ont-ohjaajan-opas\/wp-json\/wp\/v2\/types\/page"}],"author":[{"embeddable":true,"href":"https:\/\/blogi.eoppimispalvelut.fi\/ont-ohjaajan-opas\/wp-json\/wp\/v2\/users\/36"}],"replies":[{"embeddable":true,"href":"https:\/\/blogi.eoppimispalvelut.fi\/ont-ohjaajan-opas\/wp-json\/wp\/v2\/comments?post=88"}],"version-history":[{"count":0,"href":"https:\/\/blogi.eoppimispalvelut.fi\/ont-ohjaajan-opas\/wp-json\/wp\/v2\/pages\/88\/revisions"}],"up":[{"embeddable":true,"href":"https:\/\/blogi.eoppimispalvelut.fi\/ont-ohjaajan-opas\/wp-json\/wp\/v2\/pages\/13"}],"wp:attachment":[{"href":"https:\/\/blogi.eoppimispalvelut.fi\/ont-ohjaajan-opas\/wp-json\/wp\/v2\/media?parent=88"}],"curies":[{"name":"wp","href":"https:\/\/api.w.org\/{rel}","templated":true}]}}