{"id":9,"date":"2023-05-25T19:09:53","date_gmt":"2023-05-25T16:09:53","guid":{"rendered":"https:\/\/blogi.eoppimispalvelut.fi\/testingminttutesting\/?page_id=9"},"modified":"2023-05-25T19:09:53","modified_gmt":"2023-05-25T16:09:53","slug":"suunnitteluvaihe","status":"publish","type":"page","link":"https:\/\/blogi.eoppimispalvelut.fi\/ont-ohjaajan-opas\/suunnitteluvaihe\/","title":{"rendered":"Suunnitteluvaihe"},"content":{"rendered":"\n<p>T\u00e4ss\u00e4 osiossa esitell\u00e4\u00e4n ohjaajan roolia opinn\u00e4ytety\u00f6prosessin suunnitteluvaiheessa.<\/p>\n\n\n\n<p>Opiskelijalle tarkoitettu <a href=\"https:\/\/www.lapinamk.fi\/fi\/Opiskelijalle\/Oppaat-ja-ohjeet\/Opinnaytetyo\" target=\"_blank\" rel=\"noreferrer noopener\">Lapin AMKin opinn\u00e4ytety\u00f6opas<\/a> l\u00f6ytyy verkkosivuiltamme. T\u00e4m\u00e4n vaiheen aikana ohjaat opiskelijaa tutustumaan opinn\u00e4ytety\u00f6oppaan osioon <a href=\"https:\/\/www.lapinamk.fi\/fi\/Opiskelijalle\/Oppaat-ja-ohjeet\/Opinnaytetyo\/Opinnaytetyon-suunnitteluvaihe\" target=\"_blank\" rel=\"noreferrer noopener\">&#8221;Opinn\u00e4ytety\u00f6n suunnitteluvaihe&#8221;<\/a>.<\/p>\n","protected":false},"excerpt":{"rendered":"<p>T\u00e4ss\u00e4 osiossa esitell\u00e4\u00e4n ohjaajan roolia opinn\u00e4ytety\u00f6prosessin suunnitteluvaiheessa. Opiskelijalle tarkoitettu Lapin AMKin opinn\u00e4ytety\u00f6opas l\u00f6ytyy verkkosivuiltamme. T\u00e4m\u00e4n vaiheen aikana ohjaat opiskelijaa tutustumaan opinn\u00e4ytety\u00f6oppaan osioon &#8221;Opinn\u00e4ytety\u00f6n suunnitteluvaihe&#8221;.<\/p>\n","protected":false},"author":36,"featured_media":0,"parent":0,"menu_order":2,"comment_status":"closed","ping_status":"closed","template":"","meta":{"footnotes":""},"class_list":["post-9","page","type-page","status-publish","hentry"],"_links":{"self":[{"href":"https:\/\/blogi.eoppimispalvelut.fi\/ont-ohjaajan-opas\/wp-json\/wp\/v2\/pages\/9","targetHints":{"allow":["GET"]}}],"collection":[{"href":"https:\/\/blogi.eoppimispalvelut.fi\/ont-ohjaajan-opas\/wp-json\/wp\/v2\/pages"}],"about":[{"href":"https:\/\/blogi.eoppimispalvelut.fi\/ont-ohjaajan-opas\/wp-json\/wp\/v2\/types\/page"}],"author":[{"embeddable":true,"href":"https:\/\/blogi.eoppimispalvelut.fi\/ont-ohjaajan-opas\/wp-json\/wp\/v2\/users\/36"}],"replies":[{"embeddable":true,"href":"https:\/\/blogi.eoppimispalvelut.fi\/ont-ohjaajan-opas\/wp-json\/wp\/v2\/comments?post=9"}],"version-history":[{"count":0,"href":"https:\/\/blogi.eoppimispalvelut.fi\/ont-ohjaajan-opas\/wp-json\/wp\/v2\/pages\/9\/revisions"}],"wp:attachment":[{"href":"https:\/\/blogi.eoppimispalvelut.fi\/ont-ohjaajan-opas\/wp-json\/wp\/v2\/media?parent=9"}],"curies":[{"name":"wp","href":"https:\/\/api.w.org\/{rel}","templated":true}]}}