{"id":90,"date":"2023-05-25T19:51:35","date_gmt":"2023-05-25T16:51:35","guid":{"rendered":"https:\/\/blogi.eoppimispalvelut.fi\/testingminttutesting\/?page_id=90"},"modified":"2023-05-25T19:51:35","modified_gmt":"2023-05-25T16:51:35","slug":"kypsyysnayte","status":"publish","type":"page","link":"https:\/\/blogi.eoppimispalvelut.fi\/ont-ohjaajan-opas\/viimeistelyvaihe\/kypsyysnayte\/","title":{"rendered":"Kypsyysn\u00e4yte"},"content":{"rendered":"\n<p>Kypsyysn\u00e4ytteen ohjauksessa on keskeist\u00e4 ohjata opiskelijaa kypsyysn\u00e4ytteen kirjoittamiseen ammattikorkeakoulun ja koulutuksen k\u00e4yt\u00e4nteiden mukaisesti.<\/p>\n\n\n\n<p>Kypsyysn\u00e4ytteen osalta on hyv\u00e4 ohjata opiskelijaa<\/p>\n\n\n\n<ul class=\"wp-block-list\">\n<li>perehtym\u00e4\u00e4n <a href=\"https:\/\/www.lapinamk.fi\/fi\/Opiskelijalle\/Oppaat-ja-ohjeet\/Opinnaytetyo\/Opinnaytetyon-viimeistelyvaihe\" target=\"_blank\" rel=\"noreferrer noopener\">kypsyysn\u00e4ytteen yleisiin ohjeisiin ja arviointikriteereihin<\/a> (sis\u00e4lt\u00f6 ja teksti)<\/li>\n\n\n\n<li>kirjoittamaan kypsyysn\u00e4yte koulutuksen k\u00e4yt\u00e4nteiden mukaisesti EXAMissa tai Moodlessa.<\/li>\n<\/ul>\n\n\n\n<p>Ohjaaja vastaa kypsyysn\u00e4ytetilanteen j\u00e4rjest\u00e4misest\u00e4. Ohjaaja my\u00f6s huolehtii, ett\u00e4 kypsyysn\u00e4yte k\u00e4y kielenohjaajan arvioitavana AMK-opinn\u00e4ytet\u00f6iss\u00e4. Opinn\u00e4ytety\u00f6n ohjaajien teht\u00e4v\u00e4n\u00e4 on arvioida kypsyysn\u00e4yte sis\u00e4ll\u00f6n ja tekstin osalta kypsyysn\u00e4ytteen arviointikriteereiden mukaisesti (ks. yll\u00e4 oleva linkki).<\/p>\n\n\n\n<p>AMK-opinn\u00e4ytety\u00f6n kypsyysn\u00e4ytteen tekstin arvioi aina kielenohjaaja. YAMK-opinn\u00e4ytety\u00f6n kypsyysn\u00e4ytteen sis\u00e4ll\u00f6n ja tekstin arvioi ohjaaja.<\/p>\n","protected":false},"excerpt":{"rendered":"<p>Kypsyysn\u00e4ytteen ohjauksessa on keskeist\u00e4 ohjata opiskelijaa kypsyysn\u00e4ytteen kirjoittamiseen ammattikorkeakoulun ja koulutuksen k\u00e4yt\u00e4nteiden mukaisesti. Kypsyysn\u00e4ytteen osalta on hyv\u00e4 ohjata opiskelijaa Ohjaaja vastaa kypsyysn\u00e4ytetilanteen j\u00e4rjest\u00e4misest\u00e4. Ohjaaja my\u00f6s huolehtii, ett\u00e4 kypsyysn\u00e4yte k\u00e4y kielenohjaajan arvioitavana AMK-opinn\u00e4ytet\u00f6iss\u00e4. Opinn\u00e4ytety\u00f6n ohjaajien teht\u00e4v\u00e4n\u00e4 on arvioida kypsyysn\u00e4yte sis\u00e4ll\u00f6n ja tekstin osalta kypsyysn\u00e4ytteen arviointikriteereiden mukaisesti (ks. yll\u00e4 oleva linkki). AMK-opinn\u00e4ytety\u00f6n kypsyysn\u00e4ytteen tekstin arvioi aina kielenohjaaja. [&hellip;]<\/p>\n","protected":false},"author":36,"featured_media":0,"parent":13,"menu_order":4,"comment_status":"closed","ping_status":"closed","template":"","meta":{"footnotes":""},"class_list":["post-90","page","type-page","status-publish","hentry"],"_links":{"self":[{"href":"https:\/\/blogi.eoppimispalvelut.fi\/ont-ohjaajan-opas\/wp-json\/wp\/v2\/pages\/90","targetHints":{"allow":["GET"]}}],"collection":[{"href":"https:\/\/blogi.eoppimispalvelut.fi\/ont-ohjaajan-opas\/wp-json\/wp\/v2\/pages"}],"about":[{"href":"https:\/\/blogi.eoppimispalvelut.fi\/ont-ohjaajan-opas\/wp-json\/wp\/v2\/types\/page"}],"author":[{"embeddable":true,"href":"https:\/\/blogi.eoppimispalvelut.fi\/ont-ohjaajan-opas\/wp-json\/wp\/v2\/users\/36"}],"replies":[{"embeddable":true,"href":"https:\/\/blogi.eoppimispalvelut.fi\/ont-ohjaajan-opas\/wp-json\/wp\/v2\/comments?post=90"}],"version-history":[{"count":0,"href":"https:\/\/blogi.eoppimispalvelut.fi\/ont-ohjaajan-opas\/wp-json\/wp\/v2\/pages\/90\/revisions"}],"up":[{"embeddable":true,"href":"https:\/\/blogi.eoppimispalvelut.fi\/ont-ohjaajan-opas\/wp-json\/wp\/v2\/pages\/13"}],"wp:attachment":[{"href":"https:\/\/blogi.eoppimispalvelut.fi\/ont-ohjaajan-opas\/wp-json\/wp\/v2\/media?parent=90"}],"curies":[{"name":"wp","href":"https:\/\/api.w.org\/{rel}","templated":true}]}}