{"id":92,"date":"2023-05-25T19:52:01","date_gmt":"2023-05-25T16:52:01","guid":{"rendered":"https:\/\/blogi.eoppimispalvelut.fi\/testingminttutesting\/?page_id=92"},"modified":"2023-05-25T19:52:01","modified_gmt":"2023-05-25T16:52:01","slug":"itsearviointi-ja-toimeksiantajan-palaute","status":"publish","type":"page","link":"https:\/\/blogi.eoppimispalvelut.fi\/ont-ohjaajan-opas\/viimeistelyvaihe\/itsearviointi-ja-toimeksiantajan-palaute\/","title":{"rendered":"Itsearviointi ja toimeksiantajan palaute"},"content":{"rendered":"\n<p>Itsearvioinnin ohjauksessa on keskeist\u00e4 ohjata opiskelijaa tekem\u00e4\u00e4n itsearviointi sek\u00e4 pyyt\u00e4m\u00e4\u00e4n yhteisty\u00f6taholta palaute opinn\u00e4ytety\u00f6st\u00e4.<\/p>\n\n\n\n<p>Itsearvioinnissa ja toimeksiantajan palautteessa on hyv\u00e4 huomioida, ett\u00e4<\/p>\n\n\n\n<ul class=\"wp-block-list\">\n<li>itsearviointi ja toimeksiantajan palaute tehd\u00e4\u00e4n s\u00e4hk\u00f6isill\u00e4 lomakkeilla, jotka l\u00f6ytyv\u00e4t Lapin AMKin <a href=\"https:\/\/www.lapinamk.fi\/fi\/Opiskelijalle\/Oppaat-ja-ohjeet\/Opinnaytetyo\" target=\"_blank\" rel=\"noreferrer noopener\">Opinn\u00e4ytety\u00f6n ohje -sivustolta<\/a>.<\/li>\n\n\n\n<li>s\u00e4hk\u00f6inen lomake tulee opiskelijan ja ohjaajien n\u00e4ht\u00e4ville Wihiin sen j\u00e4lkeen, kun e-lomakkeiden k\u00e4sittelij\u00e4 on tallentanut sen Wihiin.<\/li>\n\n\n\n<li>itsearviointi ja toimeksiantajan palaute ovat suositeltavia, mutta ei pakollisia, eli opinn\u00e4ytety\u00f6 voidaan hyv\u00e4ksy\u00e4 my\u00f6s ilman itsearviointia ja\/tai toimeksiantajan palautetta.<\/li>\n<\/ul>\n","protected":false},"excerpt":{"rendered":"<p>Itsearvioinnin ohjauksessa on keskeist\u00e4 ohjata opiskelijaa tekem\u00e4\u00e4n itsearviointi sek\u00e4 pyyt\u00e4m\u00e4\u00e4n yhteisty\u00f6taholta palaute opinn\u00e4ytety\u00f6st\u00e4. Itsearvioinnissa ja toimeksiantajan palautteessa on hyv\u00e4 huomioida, ett\u00e4<\/p>\n","protected":false},"author":36,"featured_media":0,"parent":13,"menu_order":5,"comment_status":"closed","ping_status":"closed","template":"","meta":{"footnotes":""},"class_list":["post-92","page","type-page","status-publish","hentry"],"_links":{"self":[{"href":"https:\/\/blogi.eoppimispalvelut.fi\/ont-ohjaajan-opas\/wp-json\/wp\/v2\/pages\/92","targetHints":{"allow":["GET"]}}],"collection":[{"href":"https:\/\/blogi.eoppimispalvelut.fi\/ont-ohjaajan-opas\/wp-json\/wp\/v2\/pages"}],"about":[{"href":"https:\/\/blogi.eoppimispalvelut.fi\/ont-ohjaajan-opas\/wp-json\/wp\/v2\/types\/page"}],"author":[{"embeddable":true,"href":"https:\/\/blogi.eoppimispalvelut.fi\/ont-ohjaajan-opas\/wp-json\/wp\/v2\/users\/36"}],"replies":[{"embeddable":true,"href":"https:\/\/blogi.eoppimispalvelut.fi\/ont-ohjaajan-opas\/wp-json\/wp\/v2\/comments?post=92"}],"version-history":[{"count":0,"href":"https:\/\/blogi.eoppimispalvelut.fi\/ont-ohjaajan-opas\/wp-json\/wp\/v2\/pages\/92\/revisions"}],"up":[{"embeddable":true,"href":"https:\/\/blogi.eoppimispalvelut.fi\/ont-ohjaajan-opas\/wp-json\/wp\/v2\/pages\/13"}],"wp:attachment":[{"href":"https:\/\/blogi.eoppimispalvelut.fi\/ont-ohjaajan-opas\/wp-json\/wp\/v2\/media?parent=92"}],"curies":[{"name":"wp","href":"https:\/\/api.w.org\/{rel}","templated":true}]}}