{"id":94,"date":"2023-05-25T19:52:37","date_gmt":"2023-05-25T16:52:37","guid":{"rendered":"https:\/\/blogi.eoppimispalvelut.fi\/testingminttutesting\/?page_id=94"},"modified":"2023-05-25T19:52:37","modified_gmt":"2023-05-25T16:52:37","slug":"opinnaytetyon-arkistointi","status":"publish","type":"page","link":"https:\/\/blogi.eoppimispalvelut.fi\/ont-ohjaajan-opas\/viimeistelyvaihe\/opinnaytetyon-arkistointi\/","title":{"rendered":"Opinn\u00e4ytety\u00f6n arkistointi"},"content":{"rendered":"\n<p>Opinn\u00e4ytety\u00f6n arkistoinnin ohjauksessa on keskeist\u00e4 ohjata opiskelijaa tallentamaan opinn\u00e4ytety\u00f6 YKSA-arkistopalveluun.<\/p>\n\n\n\n<p>Opinn\u00e4ytety\u00f6n arkistoinnissa on hyv\u00e4 huomioida, ett\u00e4<\/p>\n\n\n\n<ul class=\"wp-block-list\">\n<li>ammattikorkeakoulujen opinn\u00e4ytety\u00f6t ovat arkistoitavia asiakirjoja, eli arkistointi YKSAan on pakollinen.<\/li>\n\n\n\n<li>YKSAan arkistointi ei ole sama asia kuin ty\u00f6n julkaiseminen.<\/li>\n\n\n\n<li>opinn\u00e4ytety\u00f6 arkistoidaan s\u00e4hk\u00f6isesti.<\/li>\n\n\n\n<li>YKSAsta l\u00f6ytyy ohjeet tallentamiseen, ja tallentamisesta vastaa opiskelija.<\/li>\n\n\n\n<li>ohjaaja saa tallennuksesta vahvistuksen s\u00e4hk\u00f6postiinsa.<\/li>\n\n\n\n<li>YKSAan arkistoinnin lis\u00e4ksi ohjaaja arkistoi opinn\u00e4ytety\u00f6n Wihiss\u00e4, kun opinn\u00e4ytety\u00f6n arvosana vied\u00e4\u00e4n rekisteriin.<\/li>\n<\/ul>\n\n\n\n<p>Opinn\u00e4ytety\u00f6n ohjaajan teht\u00e4v\u00e4n\u00e4 on varmistaa, ett\u00e4 opinn\u00e4ytety\u00f6 on arkistoitu YKSAan.<\/p>\n","protected":false},"excerpt":{"rendered":"<p>Opinn\u00e4ytety\u00f6n arkistoinnin ohjauksessa on keskeist\u00e4 ohjata opiskelijaa tallentamaan opinn\u00e4ytety\u00f6 YKSA-arkistopalveluun. Opinn\u00e4ytety\u00f6n arkistoinnissa on hyv\u00e4 huomioida, ett\u00e4 Opinn\u00e4ytety\u00f6n ohjaajan teht\u00e4v\u00e4n\u00e4 on varmistaa, ett\u00e4 opinn\u00e4ytety\u00f6 on arkistoitu YKSAan.<\/p>\n","protected":false},"author":36,"featured_media":0,"parent":13,"menu_order":5,"comment_status":"closed","ping_status":"closed","template":"","meta":{"footnotes":""},"class_list":["post-94","page","type-page","status-publish","hentry"],"_links":{"self":[{"href":"https:\/\/blogi.eoppimispalvelut.fi\/ont-ohjaajan-opas\/wp-json\/wp\/v2\/pages\/94","targetHints":{"allow":["GET"]}}],"collection":[{"href":"https:\/\/blogi.eoppimispalvelut.fi\/ont-ohjaajan-opas\/wp-json\/wp\/v2\/pages"}],"about":[{"href":"https:\/\/blogi.eoppimispalvelut.fi\/ont-ohjaajan-opas\/wp-json\/wp\/v2\/types\/page"}],"author":[{"embeddable":true,"href":"https:\/\/blogi.eoppimispalvelut.fi\/ont-ohjaajan-opas\/wp-json\/wp\/v2\/users\/36"}],"replies":[{"embeddable":true,"href":"https:\/\/blogi.eoppimispalvelut.fi\/ont-ohjaajan-opas\/wp-json\/wp\/v2\/comments?post=94"}],"version-history":[{"count":0,"href":"https:\/\/blogi.eoppimispalvelut.fi\/ont-ohjaajan-opas\/wp-json\/wp\/v2\/pages\/94\/revisions"}],"up":[{"embeddable":true,"href":"https:\/\/blogi.eoppimispalvelut.fi\/ont-ohjaajan-opas\/wp-json\/wp\/v2\/pages\/13"}],"wp:attachment":[{"href":"https:\/\/blogi.eoppimispalvelut.fi\/ont-ohjaajan-opas\/wp-json\/wp\/v2\/media?parent=94"}],"curies":[{"name":"wp","href":"https:\/\/api.w.org\/{rel}","templated":true}]}}