{"id":96,"date":"2023-05-25T19:53:21","date_gmt":"2023-05-25T16:53:21","guid":{"rendered":"https:\/\/blogi.eoppimispalvelut.fi\/testingminttutesting\/?page_id=96"},"modified":"2023-05-25T19:53:21","modified_gmt":"2023-05-25T16:53:21","slug":"opinnaytetyon-arviointi","status":"publish","type":"page","link":"https:\/\/blogi.eoppimispalvelut.fi\/ont-ohjaajan-opas\/viimeistelyvaihe\/opinnaytetyon-arviointi\/","title":{"rendered":"Opinn\u00e4ytety\u00f6n arviointi"},"content":{"rendered":"\n<p>Opinn\u00e4ytety\u00f6n arvioinnissa on keskeist\u00e4, ett\u00e4 arviointi perustuu <a href=\"https:\/\/lucit.sharepoint.com\/sites\/Julkisettiedostot\/Julkiset%20tiedostot\/Forms\/AllItems.aspx?id=%2Fsites%2FJulkisettiedostot%2FJulkiset%20tiedostot%2FAMKin%20opiskelijoille%20julkaistavat%2FOpinn%C3%A4ytety%C3%B6n%20dokumentit%2FArviointikriteerit%2Epdf&amp;parent=%2Fsites%2FJulkisettiedostot%2FJulkiset%20tiedostot%2FAMKin%20opiskelijoille%20julkaistavat%2FOpinn%C3%A4ytety%C3%B6n%20dokumentit&amp;p=true&amp;ga=1\" target=\"_blank\" rel=\"noreferrer noopener\">opinn\u00e4ytety\u00f6n arviointikriteereihin<\/a>.<\/p>\n\n\n\n<p>Opinn\u00e4ytety\u00f6n arvioinnissa on hyv\u00e4 huomioida seuraavat:<\/p>\n\n\n\n<ul class=\"wp-block-list\">\n<li>Opinn\u00e4ytety\u00f6 arvioidaan s\u00e4hk\u00f6isell\u00e4 arviointilomakkeella Wihiss\u00e4 vaiheessa 3\/3.<\/li>\n\n\n\n<li>Tarkista, ett\u00e4 arviointilomakkeella olevat opinn\u00e4ytety\u00f6n tiedot vastaavat arvioitavaa opinn\u00e4ytety\u00f6t\u00e4. Pyyd\u00e4 tarvittaessa opiskelijaa p\u00e4ivitt\u00e4m\u00e4\u00e4n opinn\u00e4ytety\u00f6n nimi suomeksi ja englanniksi Wihin aihe-ehdotukseen.<\/li>\n\n\n\n<li>Lapin AMKissa on k\u00e4yt\u00f6ss\u00e4 yksi arviointikriteerist\u00f6 AMK-opinn\u00e4ytety\u00f6lle ja yksi YAMK-opinn\u00e4ytety\u00f6lle ja n\u00e4ill\u00e4 arvioidaan kaikki opinn\u00e4ytety\u00f6tyypit.<\/li>\n\n\n\n<li>Arvioinnissa k\u00e4ytet\u00e4\u00e4n ainoastaan kokonaislukuja (ei plussia, puolikkaita tai miinuksia).<\/li>\n\n\n\n<li>Arvioinnin voi tallentaa luonnoksena, jolloin se on muiden ohjaajien\/tarkastajien n\u00e4ht\u00e4vill\u00e4.<\/li>\n\n\n\n<li>Opinn\u00e4ytety\u00f6ll\u00e4 voi olla useampia ohjaajia ja arvioijia, ja arvioinnista on hyv\u00e4 keskustella muiden ohjaajien kanssa.<\/li>\n\n\n\n<li>AMK-opinn\u00e4ytety\u00f6ss\u00e4 opinn\u00e4ytety\u00f6n ohjaaja ei arvioi kirjallista raportointia, vaan sen arvioi aina kielenohjaaja. Vastuuarvioija kopioi kielenohjaajan antaman arvosanan kirjallisesta raportoinnista omaan arviointisarakkeeseensa.<\/li>\n\n\n\n<li>Opiskelijan itsearviointi sek\u00e4 toimeksiantajan palaute vaikuttavat osaltaan joihinkin arviointikohteisiin.<\/li>\n\n\n\n<li>Opinn\u00e4ytety\u00f6n lopullinen arvosana muodostuu vastuuarvioijan kullekin arvioinnin kohteelle antamien arviointien painotetun keskiarvon perusteella.<\/li>\n\n\n\n<li>Joissain koulutuksissa voi olla tapana antaa Wihiin my\u00f6s kirjallinen palaute eli arviointilausunto, mutta t\u00e4m\u00e4 ei ole pakollista.<\/li>\n\n\n\n<li>Hyv\u00e4ksytty arviointilomake tallentuu Wihiin, mutta se n\u00e4kyy opiskelijalle vasta kun<ul><li>opiskelija on lis\u00e4nnyt opinn\u00e4ytety\u00f6ns\u00e4 julkaisulinkin Wihiin.<\/li><\/ul><ul><li>ohjaaja on hyv\u00e4ksynyt julkaisulinkin tai sen julkaisematta j\u00e4tt\u00e4misen.<\/li><\/ul>\n<ul class=\"wp-block-list\">\n<li>opinn\u00e4ytety\u00f6n arvosanan vienti rekisteriin on tehty Wihiss\u00e4.<\/li>\n<\/ul>\n<\/li>\n<\/ul>\n","protected":false},"excerpt":{"rendered":"<p>Opinn\u00e4ytety\u00f6n arvioinnissa on keskeist\u00e4, ett\u00e4 arviointi perustuu opinn\u00e4ytety\u00f6n arviointikriteereihin. Opinn\u00e4ytety\u00f6n arvioinnissa on hyv\u00e4 huomioida seuraavat:<\/p>\n","protected":false},"author":36,"featured_media":0,"parent":13,"menu_order":6,"comment_status":"closed","ping_status":"closed","template":"","meta":{"footnotes":""},"class_list":["post-96","page","type-page","status-publish","hentry"],"_links":{"self":[{"href":"https:\/\/blogi.eoppimispalvelut.fi\/ont-ohjaajan-opas\/wp-json\/wp\/v2\/pages\/96","targetHints":{"allow":["GET"]}}],"collection":[{"href":"https:\/\/blogi.eoppimispalvelut.fi\/ont-ohjaajan-opas\/wp-json\/wp\/v2\/pages"}],"about":[{"href":"https:\/\/blogi.eoppimispalvelut.fi\/ont-ohjaajan-opas\/wp-json\/wp\/v2\/types\/page"}],"author":[{"embeddable":true,"href":"https:\/\/blogi.eoppimispalvelut.fi\/ont-ohjaajan-opas\/wp-json\/wp\/v2\/users\/36"}],"replies":[{"embeddable":true,"href":"https:\/\/blogi.eoppimispalvelut.fi\/ont-ohjaajan-opas\/wp-json\/wp\/v2\/comments?post=96"}],"version-history":[{"count":0,"href":"https:\/\/blogi.eoppimispalvelut.fi\/ont-ohjaajan-opas\/wp-json\/wp\/v2\/pages\/96\/revisions"}],"up":[{"embeddable":true,"href":"https:\/\/blogi.eoppimispalvelut.fi\/ont-ohjaajan-opas\/wp-json\/wp\/v2\/pages\/13"}],"wp:attachment":[{"href":"https:\/\/blogi.eoppimispalvelut.fi\/ont-ohjaajan-opas\/wp-json\/wp\/v2\/media?parent=96"}],"curies":[{"name":"wp","href":"https:\/\/api.w.org\/{rel}","templated":true}]}}