{"id":2,"date":"2018-05-23T13:53:05","date_gmt":"2018-05-23T10:53:05","guid":{"rendered":"https:\/\/blogi.eoppimispalvelut.fi\/opintojenaloitus\/?page_id=2"},"modified":"2019-06-03T11:25:40","modified_gmt":"2019-06-03T08:25:40","slug":"kayttaja","status":"publish","type":"page","link":"https:\/\/blogi.eoppimispalvelut.fi\/opintojenaloitus\/kayttaja\/","title":{"rendered":"1. K\u00e4ytt\u00e4j\u00e4tunnukset"},"content":{"rendered":"<p>[et_pb_section fb_built=&#8221;1&#8243; admin_label=&#8221;section&#8221; _builder_version=&#8221;3.0.47&#8243; custom_padding=&#8221;54px|0px|1px|0px|false|false&#8221;][et_pb_row admin_label=&#8221;row&#8221; _builder_version=&#8221;3.0.48&#8243; background_size=&#8221;initial&#8221; background_position=&#8221;top_left&#8221; background_repeat=&#8221;repeat&#8221;][et_pb_column type=&#8221;4_4&#8243; _builder_version=&#8221;3.0.47&#8243;][et_pb_text admin_label=&#8221;Text&#8221; _builder_version=&#8221;3.0.74&#8243; background_size=&#8221;initial&#8221; background_position=&#8221;top_left&#8221; background_repeat=&#8221;repeat&#8221;]\t\t\t\t\t<\/p>\n<header class=\"entry-header\"><\/header>\n<div class=\"entry-content\">\n<p>Kaikille Lapin AMKn opiskelijoille luodaan k\u00e4ytt\u00e4j\u00e4tunnus ja s\u00e4hk\u00f6postitili. T\u00e4ll\u00e4 k\u00e4ytt\u00e4j\u00e4tunnuksella kirjaudut l\u00e4hes kaikkiin koulun palveluihin mm. Moodleen, s\u00e4hk\u00f6postiin, SoleOpsiin\u00a0ja koulun langattomaan verkkoon.<\/p>\n<p><strong>Voidaksesi k\u00e4ytt\u00e4\u00e4 Lapin ammattikorkeakoulun palveluita, sinun t\u00e4ytyy aktivoida ensimm\u00e4iseksi k\u00e4ytt\u00e4j\u00e4tunnukset!<\/strong><\/p>\n<p><strong>K\u00e4ytt\u00e4j\u00e4tunnuksen k\u00e4ytt\u00f6\u00f6notto eli aktivointi<\/strong><strong><br \/>\n<\/strong><\/p>\n<ol>\n<li>Lue Lapin AMK IT palveluiden k\u00e4ytt\u00f6s\u00e4\u00e4nn\u00f6t\u00a0<a href=\"http:\/\/lucitinfo.luc.fi\/lapinamk\/SitePages\/Lapin-AMK-IT-palvelujen-k%C3%A4ytt%C3%B6s%C3%A4%C3%A4nn%C3%B6t.aspx\" target=\"_blank\" rel=\"noopener noreferrer\">t\u00e4st\u00e4<\/a><\/li>\n<li>Siirry tunnusten k\u00e4ytt\u00f6\u00f6noton ohjeisiin\u00a0<a href=\"http:\/\/lucitinfo.luc.fi\/lapinamk\/_layouts\/15\/start.aspx#\/SitePages\/Tunnukset.aspx\">t\u00e4st\u00e4<\/a><\/li>\n<li>Tunnuksen voi aktivoida henkil\u00f6kohtaisilla verkkopankkitunnuksilla tai mobiilivarmenteella osoitteessa\u00a0<a href=\"https:\/\/identity.luc.fi\/\" target=\"_blank\" rel=\"noopener noreferrer\">https:\/\/identity.luc.fi<br \/>\n<\/a><a href=\"https:\/\/identity.luc.fi\/\" target=\"_blank\" rel=\"noopener noreferrer\"><br \/>\n<\/a>*\u00a0\u00c4l\u00e4 k\u00e4yt\u00e4 salasanassa merkkej\u00e4:\u00a0 \u20ac, @, \u00a7, \u00e5, \u00e4, \u00f6 , *<\/li>\n<\/ol>\n<p>Mik\u00e4li k\u00e4ytt\u00e4j\u00e4ll\u00e4 ei ole henkil\u00f6kohtaisia verkkopankkitunnuksia tai mobiilivarmennetta, k\u00e4ytt\u00e4j\u00e4 voi saada tunnukset soittamalla IT-palvelupisteeseen\u00a0p. 020 798 5800.<\/p>\n<\/div>\n<p>[\/et_pb_text][\/et_pb_column][\/et_pb_row][\/et_pb_section][et_pb_section fb_built=&#8221;1&#8243; _builder_version=&#8221;3.20.2&#8243;][et_pb_row _builder_version=&#8221;3.20.2&#8243; custom_padding=&#8221;0|0px|27px|0px|false|false&#8221;][et_pb_column type=&#8221;4_4&#8243; _builder_version=&#8221;3.20.2&#8243;][et_pb_video src=&#8221;https:\/\/youtu.be\/ipgAxojFSrM&#8221; _builder_version=&#8221;3.20.2&#8243;][\/et_pb_video][\/et_pb_column][\/et_pb_row][\/et_pb_section]<\/p>\n","protected":false},"excerpt":{"rendered":"<p>Kaikille Lapin AMKn opiskelijoille luodaan k\u00e4ytt\u00e4j\u00e4tunnus ja s\u00e4hk\u00f6postitili. T\u00e4ll\u00e4 k\u00e4ytt\u00e4j\u00e4tunnuksella kirjaudut l\u00e4hes kaikkiin koulun palveluihin mm. Moodleen, s\u00e4hk\u00f6postiin, SoleOpsiin\u00a0ja koulun langattomaan verkkoon. Voidaksesi k\u00e4ytt\u00e4\u00e4 Lapin ammattikorkeakoulun palveluita, sinun t\u00e4ytyy aktivoida ensimm\u00e4iseksi k\u00e4ytt\u00e4j\u00e4tunnukset! K\u00e4ytt\u00e4j\u00e4tunnuksen k\u00e4ytt\u00f6\u00f6notto eli aktivointi Lue Lapin AMK IT palveluiden k\u00e4ytt\u00f6s\u00e4\u00e4nn\u00f6t\u00a0t\u00e4st\u00e4 Siirry tunnusten k\u00e4ytt\u00f6\u00f6noton ohjeisiin\u00a0t\u00e4st\u00e4 Tunnuksen voi aktivoida henkil\u00f6kohtaisilla verkkopankkitunnuksilla tai mobiilivarmenteella osoitteessa\u00a0https:\/\/identity.luc.fi *\u00a0\u00c4l\u00e4 [&hellip;]<\/p>\n","protected":false},"author":36,"featured_media":0,"parent":0,"menu_order":0,"comment_status":"closed","ping_status":"open","template":"","meta":{"_et_pb_use_builder":"on","_et_pb_old_content":"<header class=\"entry-header\"><\/header>\r\n<div class=\"entry-content\">\r\n\r\nKaikille Lapin AMKn opiskelijoille luodaan k\u00e4ytt\u00e4j\u00e4tunnus ja s\u00e4hk\u00f6postitili. T\u00e4ll\u00e4 k\u00e4ytt\u00e4j\u00e4tunnuksella kirjaudut l\u00e4hes kaikkiin koulun palveluihin mm. Moodleen, s\u00e4hk\u00f6postiin, SoleOpsiin\u00a0ja koulun langattomaan verkkoon.\r\n\r\n<strong>Voidaksesi k\u00e4ytt\u00e4\u00e4 Lapin ammattikorkeakoulun palveluita, sinun t\u00e4ytyy aktivoida ensimm\u00e4iseksi k\u00e4ytt\u00e4j\u00e4tunnukset!<\/strong>\r\n\r\n<strong>K\u00e4ytt\u00e4j\u00e4tunnuksen k\u00e4ytt\u00f6\u00f6notto eli aktivointi<\/strong><strong>\r\n<\/strong>\r\n<ol>\r\n \t<li>Lue Lapin AMK IT palveluiden k\u00e4ytt\u00f6s\u00e4\u00e4nn\u00f6t\u00a0<a href=\"http:\/\/lucitinfo.luc.fi\/lapinamk\/SitePages\/Lapin-AMK-IT-palvelujen-k%C3%A4ytt%C3%B6s%C3%A4%C3%A4nn%C3%B6t.aspx\" target=\"_blank\" rel=\"noopener\">t\u00e4st\u00e4<\/a><\/li>\r\n \t<li>Siirry tunnusten k\u00e4ytt\u00f6\u00f6noton ohjeisiin\u00a0<a href=\"http:\/\/lucitinfo.luc.fi\/lapinamk\/_layouts\/15\/start.aspx#\/SitePages\/Tunnukset.aspx\">t\u00e4st\u00e4<\/a><\/li>\r\n \t<li>Tunnuksen voi aktivoida henkil\u00f6kohtaisilla verkkopankkitunnuksilla tai mobiilivarmenteella osoitteessa\u00a0<a href=\"https:\/\/identity.luc.fi\/\" target=\"_blank\" rel=\"noopener\">https:\/\/identity.luc.fi\r\n<\/a><a href=\"https:\/\/identity.luc.fi\/\" target=\"_blank\" rel=\"noopener\">\r\n<\/a>*\u00a0\u00c4l\u00e4 k\u00e4yt\u00e4 salasanassa merkkej\u00e4:\u00a0 \u20ac, @, \u00a7, \u00e5, \u00e4, \u00f6 , *<\/li>\r\n<\/ol>\r\nMik\u00e4li k\u00e4ytt\u00e4j\u00e4ll\u00e4 ei ole henkil\u00f6kohtaisia verkkopankkitunnuksia tai mobiilivarmennetta, k\u00e4ytt\u00e4j\u00e4 voi saada tunnukset soittamalla IT-palvelupisteeseen\u00a0p. 020 798 5800.\r\n\r\n<\/div>","_et_gb_content_width":"","footnotes":""},"class_list":["post-2","page","type-page","status-publish","hentry"],"_links":{"self":[{"href":"https:\/\/blogi.eoppimispalvelut.fi\/opintojenaloitus\/wp-json\/wp\/v2\/pages\/2","targetHints":{"allow":["GET"]}}],"collection":[{"href":"https:\/\/blogi.eoppimispalvelut.fi\/opintojenaloitus\/wp-json\/wp\/v2\/pages"}],"about":[{"href":"https:\/\/blogi.eoppimispalvelut.fi\/opintojenaloitus\/wp-json\/wp\/v2\/types\/page"}],"author":[{"embeddable":true,"href":"https:\/\/blogi.eoppimispalvelut.fi\/opintojenaloitus\/wp-json\/wp\/v2\/users\/36"}],"replies":[{"embeddable":true,"href":"https:\/\/blogi.eoppimispalvelut.fi\/opintojenaloitus\/wp-json\/wp\/v2\/comments?post=2"}],"version-history":[{"count":5,"href":"https:\/\/blogi.eoppimispalvelut.fi\/opintojenaloitus\/wp-json\/wp\/v2\/pages\/2\/revisions"}],"predecessor-version":[{"id":101,"href":"https:\/\/blogi.eoppimispalvelut.fi\/opintojenaloitus\/wp-json\/wp\/v2\/pages\/2\/revisions\/101"}],"wp:attachment":[{"href":"https:\/\/blogi.eoppimispalvelut.fi\/opintojenaloitus\/wp-json\/wp\/v2\/media?parent=2"}],"curies":[{"name":"wp","href":"https:\/\/api.w.org\/{rel}","templated":true}]}}