{"id":34,"date":"2018-06-08T16:06:49","date_gmt":"2018-06-08T13:06:49","guid":{"rendered":"https:\/\/blogi.eoppimispalvelut.fi\/opintojenaloitus\/?page_id=34"},"modified":"2018-12-12T11:01:24","modified_gmt":"2018-12-12T09:01:24","slug":"2-eduroam","status":"publish","type":"page","link":"https:\/\/blogi.eoppimispalvelut.fi\/opintojenaloitus\/2-eduroam\/","title":{"rendered":"2. Eduroam"},"content":{"rendered":"<p><strong>Eduroam on maailmanlaajuinen vierailijaverkko, jossa eduroamiin kuuluvien organisaatioiden ty\u00f6ntekij\u00e4t, sek\u00e4 opiskelijat p\u00e4\u00e4sev\u00e4t kirjautumaan langattomiin eduroam-verkkoihin oman kotiorganisaationsa k\u00e4ytt\u00e4j\u00e4tunnuksilla.<\/strong><\/p>\n<p>Lapin ammattikorkeakoulu tiloissa toimiva langaton eduroam-verkko tarjoaa opiskelijoille yhteydet internetiin.<\/p>\n<p>Eduroam verkon k\u00e4ytt\u00f6 edellytt\u00e4\u00e4 kirjautumisen henkil\u00f6kohtaisella tunnuksella.<\/p>\n<p><strong>Lapin ammattikorkeakoulun k\u00e4ytt\u00e4j\u00e4tunnukset kirjoitetaan eduroam muodossa:<\/strong><\/p>\n<ul>\n<li>opiskelijan tunnus:\u00a0<strong><em>opiskelijatunnus@edu.lapinamk.fi <\/em><\/strong><em>(<\/em><em><span lang=\"FI\">esim. A1234567@edu.lapinamk.fi)<\/span><\/em><\/li>\n<\/ul>\n<p>&nbsp;<\/p>\n<p><span style=\"color: #ff0000;\"><span style=\"text-decoration: underline;\"><strong><span style=\"color: #000000; text-decoration: underline;\">Jatka lukemista t\u00e4st\u00e4 mik\u00e4li sinulla on Mac tai Windows 7 k\u00e4ytt\u00f6j\u00e4rjestelm\u00e4ll\u00e4 oleva kone<\/span><\/strong><\/span><br \/>\n<\/span>(n\u00e4et vasemmassa alareunassa kuvan)<\/p>\n<p>Microsoft Windows 7<img loading=\"lazy\" decoding=\"async\" class=\"size-full wp-image-91 alignleft\" src=\"https:\/\/blogi.eoppimispalvelut.fi\/opintojenaloitus\/files\/2018\/12\/windows7.png\" alt=\"\" width=\"50\" height=\"40\" \/><\/p>\n<p>&nbsp;<\/p>\n<p><img loading=\"lazy\" decoding=\"async\" class=\"size-full wp-image-93 alignleft\" src=\"https:\/\/blogi.eoppimispalvelut.fi\/opintojenaloitus\/files\/2018\/12\/mac.png\" alt=\"\" width=\"358\" height=\"63\" srcset=\"https:\/\/blogi.eoppimispalvelut.fi\/opintojenaloitus\/files\/2018\/12\/mac.png 358w, https:\/\/blogi.eoppimispalvelut.fi\/opintojenaloitus\/files\/2018\/12\/mac-300x53.png 300w\" sizes=\"(max-width: 358px) 100vw, 358px\" \/><\/p>\n<p>Mac OS X<\/p>\n<p><strong><br \/>\nHelpottaaksesi ja nopeuttaaksesi liittymist\u00e4 koululla eduroam verkkoon niin on hyv\u00e4 ottaa eduroam asetukset jo valmiiksi k\u00e4ytt\u00f6\u00f6n jo kotonasi.<\/strong><\/p>\n<p><strong>Kuinka otan asetukset k\u00e4ytt\u00f6\u00f6n jo valmiiksi<\/strong><\/p>\n<ul>\n<li>mene tietokoneesi www-selaimella osoitteeseen:\u00a0<a href=\"https:\/\/cat.eduroam.org\/\">https:\/\/cat.eduroam.org\/<\/a><\/li>\n<li>valitse kohta:\u00a0<strong><em>Lataa eduroam-asennuspakettisi<\/em><\/strong><\/li>\n<li>valitse\u00a0<em><strong>Lapin korkeakoulukonserni\u00a0<\/strong><\/em>kohtaan\u00a0Kotiorganisaatio ja klikkaa sit\u00e4<\/li>\n<li>valitse oman tietokoneesi k\u00e4ytt\u00f6j\u00e4rjestelm\u00e4n asennusohjelma<\/li>\n<li>lataus k\u00e4ynnistyy ja kun paketti on latautunut niin suorita se klikkaamalla<\/li>\n<li>valitse Seuraava -&gt; OK<\/li>\n<li>asennusohjelma kysyy k\u00e4ytt\u00e4j\u00e4tunnuksesi. Tunnus on:\u00a0<span lang=\"FI\"><strong>o<\/strong><\/span><span lang=\"FI\"><strong>m<\/strong><\/span><span lang=\"FI\"><strong>a<\/strong><\/span><span lang=\"FI\"><strong>tu<\/strong><\/span><span lang=\"FI\"><strong>nnu<\/strong><\/span><span lang=\"FI\"><strong>s<\/strong><\/span><span lang=\"FI\"><strong>@edu.lapinamk.fi<\/strong><\/span><span lang=\"FI\"><strong>\u00a0(esim. A1234567@<\/strong><\/span><span lang=\"FI\"><strong>edu.lapinamk.fi)<\/strong><\/span><\/li>\n<li>Kirjoita salasana kahteen kertaa (anna oma k\u00e4ytt\u00e4j\u00e4tunnuksesi salasana)<\/li>\n<li>Klikkaa Asenna ja odota hetkinen.<\/li>\n<li>Eduroam on nyt asennettu valmiiksi<\/li>\n<\/ul>\n","protected":false},"excerpt":{"rendered":"<p>Eduroam on maailmanlaajuinen vierailijaverkko, jossa eduroamiin kuuluvien organisaatioiden ty\u00f6ntekij\u00e4t, sek\u00e4 opiskelijat p\u00e4\u00e4sev\u00e4t kirjautumaan langattomiin eduroam-verkkoihin oman kotiorganisaationsa k\u00e4ytt\u00e4j\u00e4tunnuksilla. Lapin ammattikorkeakoulu tiloissa toimiva langaton eduroam-verkko tarjoaa opiskelijoille yhteydet internetiin. Eduroam verkon k\u00e4ytt\u00f6 edellytt\u00e4\u00e4 kirjautumisen henkil\u00f6kohtaisella tunnuksella. Lapin ammattikorkeakoulun k\u00e4ytt\u00e4j\u00e4tunnukset kirjoitetaan eduroam muodossa: opiskelijan tunnus:\u00a0opiskelijatunnus@edu.lapinamk.fi (esim. A1234567@edu.lapinamk.fi) &nbsp; Jatka lukemista t\u00e4st\u00e4 mik\u00e4li sinulla on Mac tai Windows [&hellip;]<\/p>\n","protected":false},"author":36,"featured_media":0,"parent":0,"menu_order":0,"comment_status":"closed","ping_status":"closed","template":"","meta":{"_et_pb_use_builder":"","_et_pb_old_content":"","_et_gb_content_width":"","footnotes":""},"class_list":["post-34","page","type-page","status-publish","hentry"],"_links":{"self":[{"href":"https:\/\/blogi.eoppimispalvelut.fi\/opintojenaloitus\/wp-json\/wp\/v2\/pages\/34","targetHints":{"allow":["GET"]}}],"collection":[{"href":"https:\/\/blogi.eoppimispalvelut.fi\/opintojenaloitus\/wp-json\/wp\/v2\/pages"}],"about":[{"href":"https:\/\/blogi.eoppimispalvelut.fi\/opintojenaloitus\/wp-json\/wp\/v2\/types\/page"}],"author":[{"embeddable":true,"href":"https:\/\/blogi.eoppimispalvelut.fi\/opintojenaloitus\/wp-json\/wp\/v2\/users\/36"}],"replies":[{"embeddable":true,"href":"https:\/\/blogi.eoppimispalvelut.fi\/opintojenaloitus\/wp-json\/wp\/v2\/comments?post=34"}],"version-history":[{"count":10,"href":"https:\/\/blogi.eoppimispalvelut.fi\/opintojenaloitus\/wp-json\/wp\/v2\/pages\/34\/revisions"}],"predecessor-version":[{"id":94,"href":"https:\/\/blogi.eoppimispalvelut.fi\/opintojenaloitus\/wp-json\/wp\/v2\/pages\/34\/revisions\/94"}],"wp:attachment":[{"href":"https:\/\/blogi.eoppimispalvelut.fi\/opintojenaloitus\/wp-json\/wp\/v2\/media?parent=34"}],"curies":[{"name":"wp","href":"https:\/\/api.w.org\/{rel}","templated":true}]}}