{"id":5,"date":"2018-05-23T14:20:57","date_gmt":"2018-05-23T11:20:57","guid":{"rendered":"https:\/\/blogi.eoppimispalvelut.fi\/opintojenaloitus\/?page_id=5"},"modified":"2019-06-03T11:22:50","modified_gmt":"2019-06-03T08:22:50","slug":"3-moodle","status":"publish","type":"page","link":"https:\/\/blogi.eoppimispalvelut.fi\/opintojenaloitus\/3-moodle\/","title":{"rendered":"2. Verkko-oppimisymp\u00e4rist\u00f6 Moodle"},"content":{"rendered":"<header class=\"entry-header\"><\/header>\n<div class=\"entry-content\">\n<p><strong>Moodle ty\u00f6tilassa suoritat itsen\u00e4isesti osan Orientoivista opinnoista<\/strong><\/p>\n<p>Moodle on verkko-oppimisymp\u00e4rist\u00f6 johon opettajat antavat opiskelijoille materiaalit, toimeksiannot ja teht\u00e4v\u00e4t.<\/p>\n<p><strong>Kirjautuminen\u00a0Lapin ammattikorkeakoulun Moodleen ja Ty\u00f6tilaan liittyminen<\/strong><\/p>\n<p>1. Avaa internet selain ja mene osoitteeseen\u00a0<a href=\"http:\/\/eoppimispalvelut.fi\/\" target=\"_blank\" rel=\"noopener noreferrer\">eOppimispalvelut.fi<\/a><\/p>\n<p>2. Sivun vasemmassa reunassa on linkki\u00a0<a href=\"https:\/\/moodle.eoppimispalvelut.fi\/\" target=\"_blank\" rel=\"noopener noreferrer\">Siirry\u00a0Moodleen<\/a><\/p>\n<p>3. Kirjaudu sis\u00e4\u00e4n Moodleen omilla k\u00e4ytt\u00e4j\u00e4tunnuksilla<\/p>\n<p>\u2013 Sinun pit\u00e4\u00e4 ottaa k\u00e4ytt\u00e4j\u00e4tunnukset k\u00e4ytt\u00f6\u00f6n ennenkuin voit ensimm\u00e4ist\u00e4 kertaa kirjautua Moodleen (<a href=\"https:\/\/blogi.eoppimispalvelut.fi\/opintojenaloitus\/kayttaja\/\">Katso ohje<\/a>)<\/p>\n<p>4. Ensimm\u00e4isell\u00e4 kirjautumiskerralla saat hyv\u00e4ksytt\u00e4v\u00e4ksi K\u00e4ytt\u00f6oikeussopimuksen<\/p>\n<p>5. Kirjoita Etsi ty\u00f6tiloja -kentt\u00e4\u00e4n ty\u00f6tilan nimi tai osa siit\u00e4.<\/p>\n<p><a href=\"https:\/\/www.youtube.com\/watch?v=FvWPhggIfFk&amp;feature=youtu.be\" target=\"_blank\" rel=\"noopener noreferrer\">Katso t\u00e4st\u00e4 video Moodleen kirjautumisesta ja ty\u00f6tilaan liittymisest\u00e4<\/a>\u00a0(youtube)<\/p>\n<hr \/>\n<p>Moodle verkko-oppimisalusta ovat jaettu kampuksittan.<\/p>\n<p><span style=\"text-decoration: underline;\"><strong>Kemi &#8211; Kosmos<\/strong><\/span><\/p>\n<p>\u2013 Ty\u00f6tilan nimi: <strong>Orientoivat opinnot, Syksy 2019 \u2013 Kemi<br \/>\n<\/strong>\u2013 Linkki ty\u00f6tilaan: <a href=\"https:\/\/moodle.eoppimispalvelut.fi\/course\/view.php?id=19305\" target=\"_blank\" rel=\"noopener noreferrer\">https:\/\/moodle.eoppimispalvelut.fi\/course\/view.php?id=19305<\/a><strong><br \/>\n<\/strong>\u2013 Ty\u00f6tilaan vaaditun <strong>rekister\u00f6intiavaimen<\/strong> l\u00f6yd\u00e4t Tervetulokirjeest\u00e4<\/p>\n<p><span style=\"text-decoration: underline;\"><strong>Rovaniemi &#8211; Jokiv\u00e4yl\u00e4<\/strong><\/span><\/p>\n<p>\u2013 Ty\u00f6tilan nimi: <strong>Orientoivat opinnot, Syksy 2019 \u2013 Rovaniemi<\/strong><br \/>\n\u2013 Linkki ty\u00f6tilaan: <a href=\"https:\/\/moodle.eoppimispalvelut.fi\/course\/view.php?id=19306\" target=\"_blank\" rel=\"noopener noreferrer\">https:\/\/moodle.eoppimispalvelut.fi\/course\/view.php?id=19306<\/a><strong><br \/>\n<\/strong>\u2013 Ty\u00f6tilaan vaaditun <strong>rekister\u00f6intiavaimen<\/strong> l\u00f6yd\u00e4t Tervetulokirjeest\u00e4<\/p>\n<p><span style=\"text-decoration: underline;\"><strong>Tornio &#8211; Minerva<\/strong><\/span><\/p>\n<p>\u2013 Ty\u00f6tilan nimi: <strong>Orientoivat opinnot, Syksy 2019 \u2013 Tornio<\/strong><br \/>\n\u2013 Linkki ty\u00f6tilaan: <a href=\"https:\/\/moodle.eoppimispalvelut.fi\/course\/view.php?id=19307\" target=\"_blank\" rel=\"noopener noreferrer\">https:\/\/moodle.eoppimispalvelut.fi\/course\/view.php?id=19307<\/a><strong><br \/>\n<\/strong>\u2013 Ty\u00f6tilaan vaaditun <strong>rekister\u00f6intiavaimen<\/strong> l\u00f6yd\u00e4t Tervetulokirjeest\u00e4<\/p>\n<p>Kun olet kerran liittynyt ty\u00f6tilaan niin seuraavalla kerralla n\u00e4et ty\u00f6tilan heti kun olet kirjautunut Moodleen sis\u00e4\u00e4n Ty\u00f6tilojen yhteenvedossa. Et tarvitse en\u00e4\u00e4 rekister\u00f6intiavainta<\/p>\n<\/div>\n<div class=\"entry-content\">\n<div><\/div>\n<div><\/div>\n<\/div>\n","protected":false},"excerpt":{"rendered":"<p>Moodle ty\u00f6tilassa suoritat itsen\u00e4isesti osan Orientoivista opinnoista Moodle on verkko-oppimisymp\u00e4rist\u00f6 johon opettajat antavat opiskelijoille materiaalit, toimeksiannot ja teht\u00e4v\u00e4t. Kirjautuminen\u00a0Lapin ammattikorkeakoulun Moodleen ja Ty\u00f6tilaan liittyminen 1. Avaa internet selain ja mene osoitteeseen\u00a0eOppimispalvelut.fi 2. Sivun vasemmassa reunassa on linkki\u00a0Siirry\u00a0Moodleen 3. Kirjaudu sis\u00e4\u00e4n Moodleen omilla k\u00e4ytt\u00e4j\u00e4tunnuksilla \u2013 Sinun pit\u00e4\u00e4 ottaa k\u00e4ytt\u00e4j\u00e4tunnukset k\u00e4ytt\u00f6\u00f6n ennenkuin voit ensimm\u00e4ist\u00e4 kertaa kirjautua Moodleen [&hellip;]<\/p>\n","protected":false},"author":36,"featured_media":0,"parent":0,"menu_order":0,"comment_status":"closed","ping_status":"closed","template":"","meta":{"_et_pb_use_builder":"","_et_pb_old_content":"","_et_gb_content_width":"","footnotes":""},"class_list":["post-5","page","type-page","status-publish","hentry"],"_links":{"self":[{"href":"https:\/\/blogi.eoppimispalvelut.fi\/opintojenaloitus\/wp-json\/wp\/v2\/pages\/5","targetHints":{"allow":["GET"]}}],"collection":[{"href":"https:\/\/blogi.eoppimispalvelut.fi\/opintojenaloitus\/wp-json\/wp\/v2\/pages"}],"about":[{"href":"https:\/\/blogi.eoppimispalvelut.fi\/opintojenaloitus\/wp-json\/wp\/v2\/types\/page"}],"author":[{"embeddable":true,"href":"https:\/\/blogi.eoppimispalvelut.fi\/opintojenaloitus\/wp-json\/wp\/v2\/users\/36"}],"replies":[{"embeddable":true,"href":"https:\/\/blogi.eoppimispalvelut.fi\/opintojenaloitus\/wp-json\/wp\/v2\/comments?post=5"}],"version-history":[{"count":16,"href":"https:\/\/blogi.eoppimispalvelut.fi\/opintojenaloitus\/wp-json\/wp\/v2\/pages\/5\/revisions"}],"predecessor-version":[{"id":98,"href":"https:\/\/blogi.eoppimispalvelut.fi\/opintojenaloitus\/wp-json\/wp\/v2\/pages\/5\/revisions\/98"}],"wp:attachment":[{"href":"https:\/\/blogi.eoppimispalvelut.fi\/opintojenaloitus\/wp-json\/wp\/v2\/media?parent=5"}],"curies":[{"name":"wp","href":"https:\/\/api.w.org\/{rel}","templated":true}]}}