{"id":2,"date":"2025-12-02T10:58:49","date_gmt":"2025-12-02T08:58:49","guid":{"rendered":"https:\/\/blogi.eoppimispalvelut.fi\/opiskelumuodot\/?page_id=2"},"modified":"2026-03-25T15:13:15","modified_gmt":"2026-03-25T13:13:15","slug":"esimerkkisivu","status":"publish","type":"page","link":"https:\/\/blogi.eoppimispalvelut.fi\/opiskelumuodot\/esimerkkisivu\/","title":{"rendered":"Tutustu Lapin AMKin korkeakouluopintoihin ja l\u00f6yd\u00e4 oma polkusi!"},"content":{"rendered":"\n<h2 class=\"wp-block-heading\">Mik\u00e4 koulutus- ja ammattiala sopisi sinulle parhaiten?<\/h2>\n\n\n\n<p>Tutustu Lapin AMKin koulutusaloihin, niiden erityispiirteisiin sek\u00e4 ty\u00f6mahdollisuuksiin klikkaamalla infokuvakkeita.<\/p>\n\n\n<div class=\"h5p-iframe-wrapper\"><iframe id=\"h5p-iframe-5\" class=\"h5p-iframe\" data-content-id=\"5\" style=\"height:1px\" src=\"about:blank\" frameBorder=\"0\" scrolling=\"no\" title=\"Lapin AMKin koulutusalat\"><\/iframe><\/div>\n\n\n\n<p><\/p>\n\n\n\n<p><\/p>\n\n\n\n<p><\/p>\n\n\n\n<h2 class=\"wp-block-heading\">Mik\u00e4 opiskelumuoto sopisi sinulle parhaiten?<\/h2>\n\n\n\n<p>L\u00e4hi-, monimuoto- vai verkko-opinnot? Pohdi omia tavoitteitasi sek\u00e4 testaa, millainen opiskelumuoto sopisi sinulle parhaiten. <\/p>\n\n\n<div class=\"h5p-iframe-wrapper\"><iframe id=\"h5p-iframe-1\" class=\"h5p-iframe\" data-content-id=\"1\" style=\"height:1px\" src=\"about:blank\" frameBorder=\"0\" scrolling=\"no\" title=\"Opiskelumuodot\"><\/iframe><\/div>\n\n\n\n<p><\/p>\n\n\n\n<h2 class=\"wp-block-heading\">Miten onnistut korkeakouluopinnoissa?<\/h2>\n\n\n\n<p>Tutustu korkeakouluopinnoissa tarvittaviin taitoihin ja valmiuksiin ja varmista onnistuminen korkeakouluopinnoissa klikkaamalla infokuvakkeita.<\/p>\n\n\n<div class=\"h5p-iframe-wrapper\"><iframe id=\"h5p-iframe-3\" class=\"h5p-iframe\" data-content-id=\"3\" style=\"height:1px\" src=\"about:blank\" frameBorder=\"0\" scrolling=\"no\" title=\"N\u00e4in onnistut korkeakouluopinnoissa\"><\/iframe><\/div>\n","protected":false},"excerpt":{"rendered":"<p>Mik\u00e4 koulutus- ja ammattiala sopisi sinulle parhaiten? Tutustu Lapin AMKin koulutusaloihin, niiden erityispiirteisiin sek\u00e4 ty\u00f6mahdollisuuksiin klikkaamalla infokuvakkeita. Mik\u00e4 opiskelumuoto sopisi sinulle parhaiten? L\u00e4hi-, monimuoto- vai verkko-opinnot? Pohdi omia tavoitteitasi sek\u00e4 testaa, millainen opiskelumuoto sopisi sinulle parhaiten. Miten onnistut korkeakouluopinnoissa? Tutustu korkeakouluopinnoissa tarvittaviin taitoihin ja valmiuksiin ja varmista onnistuminen korkeakouluopinnoissa klikkaamalla infokuvakkeita.<\/p>\n","protected":false},"author":31,"featured_media":0,"parent":0,"menu_order":0,"comment_status":"closed","ping_status":"open","template":"","meta":{"_et_pb_use_builder":"","_et_pb_old_content":"","_et_gb_content_width":"","footnotes":""},"class_list":["post-2","page","type-page","status-publish","hentry"],"_links":{"self":[{"href":"https:\/\/blogi.eoppimispalvelut.fi\/opiskelumuodot\/wp-json\/wp\/v2\/pages\/2","targetHints":{"allow":["GET"]}}],"collection":[{"href":"https:\/\/blogi.eoppimispalvelut.fi\/opiskelumuodot\/wp-json\/wp\/v2\/pages"}],"about":[{"href":"https:\/\/blogi.eoppimispalvelut.fi\/opiskelumuodot\/wp-json\/wp\/v2\/types\/page"}],"author":[{"embeddable":true,"href":"https:\/\/blogi.eoppimispalvelut.fi\/opiskelumuodot\/wp-json\/wp\/v2\/users\/31"}],"replies":[{"embeddable":true,"href":"https:\/\/blogi.eoppimispalvelut.fi\/opiskelumuodot\/wp-json\/wp\/v2\/comments?post=2"}],"version-history":[{"count":16,"href":"https:\/\/blogi.eoppimispalvelut.fi\/opiskelumuodot\/wp-json\/wp\/v2\/pages\/2\/revisions"}],"predecessor-version":[{"id":35,"href":"https:\/\/blogi.eoppimispalvelut.fi\/opiskelumuodot\/wp-json\/wp\/v2\/pages\/2\/revisions\/35"}],"wp:attachment":[{"href":"https:\/\/blogi.eoppimispalvelut.fi\/opiskelumuodot\/wp-json\/wp\/v2\/media?parent=2"}],"curies":[{"name":"wp","href":"https:\/\/api.w.org\/{rel}","templated":true}]}}