{"id":1055,"date":"2023-11-07T09:33:03","date_gmt":"2023-11-07T07:33:03","guid":{"rendered":"https:\/\/blogi.eoppimispalvelut.fi\/opopaivat2024\/?page_id=1055"},"modified":"2024-02-05T09:41:40","modified_gmt":"2024-02-05T07:41:40","slug":"opopaivien-oheisohjelmaa","status":"publish","type":"page","link":"https:\/\/blogi.eoppimispalvelut.fi\/opopaivat2024\/opopaivien-oheisohjelmaa\/","title":{"rendered":"Opop\u00e4ivien oheisohjelmaa"},"content":{"rendered":"\t\t<div data-elementor-type=\"wp-page\" data-elementor-id=\"1055\" class=\"elementor elementor-1055\">\n\t\t\t\t\t\t<section class=\"elementor-section elementor-top-section elementor-element elementor-element-e27a97c elementor-section-boxed elementor-section-height-default elementor-section-height-default\" data-id=\"e27a97c\" data-element_type=\"section\" data-e-type=\"section\">\n\t\t\t\t\t\t<div class=\"elementor-container elementor-column-gap-default\">\n\t\t\t\t\t<div class=\"elementor-column elementor-col-100 elementor-top-column elementor-element elementor-element-48ed466\" data-id=\"48ed466\" data-element_type=\"column\" data-e-type=\"column\">\n\t\t\t<div class=\"elementor-widget-wrap elementor-element-populated\">\n\t\t\t\t\t\t<div class=\"elementor-element elementor-element-2a611bd elementor-widget elementor-widget-text-editor\" data-id=\"2a611bd\" data-element_type=\"widget\" data-e-type=\"widget\" data-widget_type=\"text-editor.default\">\n\t\t\t\t<div class=\"elementor-widget-container\">\n\t\t\t\t\t\t\t\t\t<p><span style=\"color: #ffffff\">Rovaniemen p\u00e4\u00e4kirjaston Lapponica-salissa on Lapin yliopiston taiteiden tiedekunnan muotoilualojen koulutusohjelmien n\u00e4yttely 8.-10.2.2024<\/span><\/p>\t\t\t\t\t\t\t\t<\/div>\n\t\t\t\t<\/div>\n\t\t\t\t<div class=\"elementor-element elementor-element-a8d7925 elementor-widget elementor-widget-text-editor\" data-id=\"a8d7925\" data-element_type=\"widget\" data-e-type=\"widget\" data-widget_type=\"text-editor.default\">\n\t\t\t\t<div class=\"elementor-widget-container\">\n\t\t\t\t\t\t\t\t\t<blockquote><p><strong><span style=\"color: #ffffff\">KIRKA \u2013 MUSIKAALI ROVANIEMEN TEATTERISSA \u00a0\u00a09.2.2024<\/span><\/strong><\/p><\/blockquote>\t\t\t\t\t\t\t\t<\/div>\n\t\t\t\t<\/div>\n\t\t\t\t<div class=\"elementor-element elementor-element-66dcc1a elementor-widget elementor-widget-image\" data-id=\"66dcc1a\" data-element_type=\"widget\" data-e-type=\"widget\" data-widget_type=\"image.default\">\n\t\t\t\t<div class=\"elementor-widget-container\">\n\t\t\t\t\t\t\t\t\t\t\t\t\t\t\t<img fetchpriority=\"high\" decoding=\"async\" width=\"740\" height=\"416\" src=\"https:\/\/blogi.eoppimispalvelut.fi\/opopaivat2024\/files\/2024\/01\/rt_kirka_screen-typo-1024x576.jpg\" class=\"attachment-large size-large wp-image-1139\" alt=\"\" srcset=\"https:\/\/blogi.eoppimispalvelut.fi\/opopaivat2024\/files\/2024\/01\/rt_kirka_screen-typo-1024x576.jpg 1024w, https:\/\/blogi.eoppimispalvelut.fi\/opopaivat2024\/files\/2024\/01\/rt_kirka_screen-typo-300x169.jpg 300w, https:\/\/blogi.eoppimispalvelut.fi\/opopaivat2024\/files\/2024\/01\/rt_kirka_screen-typo-768x432.jpg 768w, https:\/\/blogi.eoppimispalvelut.fi\/opopaivat2024\/files\/2024\/01\/rt_kirka_screen-typo-1536x864.jpg 1536w, https:\/\/blogi.eoppimispalvelut.fi\/opopaivat2024\/files\/2024\/01\/rt_kirka_screen-typo.jpg 1920w\" sizes=\"100vw\" \/>\t\t\t\t\t\t\t\t\t\t\t\t\t\t\t<\/div>\n\t\t\t\t<\/div>\n\t\t\t\t<div class=\"elementor-element elementor-element-eaa9064 elementor-widget elementor-widget-text-editor\" data-id=\"eaa9064\" data-element_type=\"widget\" data-e-type=\"widget\" data-widget_type=\"text-editor.default\">\n\t\t\t\t<div class=\"elementor-widget-container\">\n\t\t\t\t\t\t\t\t\t<div dir=\"ltr\"><div class=\"x_WordSection1\"><div><div dir=\"ltr\"><div class=\"x_WordSection1\"><div><p class=\"x_MsoNormal\" style=\"padding-left: 40px\"><span style=\"color: #ffffff\">Rovaniemen \u00a0teatteri toivottaa Lapin opinto-ohjauksen p\u00e4ivien osallistujat l\u00e4mpim\u00e4sti tervetulleeksi ylistettyyn Kirka-musikaaliin!<\/span><br aria-hidden=\"true\" \/><span style=\"color: #ffffff\">Tarjoamme teille liput ryhm\u00e4hintaan 42 \u20ac (peruslippu 47 \u20ac).<\/span><br aria-hidden=\"true\" \/><br aria-hidden=\"true\" \/><span style=\"color: #ffffff\">Voitte noutaa liput verkkokaupasta osoitteesta <a href=\"http:\/\/netticket.fi\/rovaniemen-teatteri\">netticket.fi\/rovaniemen-teatteri<\/a> ja nautitte alennuksesta k\u00e4ytt\u00e4m\u00e4ll\u00e4 alennuskoodia<em><strong> opop\u00e4iv\u00e4t<\/strong><\/em>.<\/span><br aria-hidden=\"true\" \/><span style=\"color: #ffffff\">Huomaathan, ett\u00e4 verkkokauppa kysyy alennuskoodia vasta lipunmaksun yhteydess\u00e4.<\/span><br aria-hidden=\"true\" \/><br aria-hidden=\"true\" \/><span style=\"color: #ffffff\">Koodi on k\u00e4yt\u00f6ss\u00e4 vaikka heti ja sen voi k\u00e4ytt\u00e4\u00e4 musikaalin 9.2.2024 esitykseen. Koodilla voi noutaa yhden lipun\/asiakas.<\/span><br aria-hidden=\"true\" \/><br aria-hidden=\"true\" \/><span style=\"color: #ffffff\">Verkkokaupassa voi samalla tilata my\u00f6s v\u00e4liaikatarjoilut. Jotta p\u00e4\u00e4sette samaan p\u00f6yt\u00e4\u00e4n, teid\u00e4n t\u00e4ytyy etuk\u00e4teen sopia p\u00f6yt\u00e4numeroista kesken\u00e4nne.<\/span><\/p><div dir=\"ltr\"><div class=\"x_WordSection1\"><div><p class=\"x_MsoNormal\" style=\"padding-left: 80px\"><span style=\"color: #ffffff\">Mik\u00e4li nousee kysytt\u00e4v\u00e4\u00e4 voi ottaa yhteytt\u00e4:<\/span><br aria-hidden=\"true\" \/><br aria-hidden=\"true\" \/><span style=\"color: #ffffff\">Maria M\u00e4nty<\/span><br aria-hidden=\"true\" \/><span style=\"color: #ffffff\">Myynti- ja markkinointip\u00e4\u00e4llikk\u00f6<\/span><br aria-hidden=\"true\" \/><span style=\"color: #ffffff\">040\u00a0154 5205<\/span><br aria-hidden=\"true\" \/><span style=\"color: #ffffff\">Rovaniemen Teatteri &#8211; Lapin Alueteatteri<\/span><br aria-hidden=\"true\" \/><span style=\"color: #ffffff\">Lappia-talo\u00a0\u00a0\u00a0<\/span><\/p><\/div><\/div><\/div><\/div><\/div><\/div><\/div><\/div><\/div>\t\t\t\t\t\t\t\t<\/div>\n\t\t\t\t<\/div>\n\t\t\t\t<div class=\"elementor-element elementor-element-37ad0a6 elementor-widget elementor-widget-text-editor\" data-id=\"37ad0a6\" data-element_type=\"widget\" data-e-type=\"widget\" data-widget_type=\"text-editor.default\">\n\t\t\t\t<div class=\"elementor-widget-container\">\n\t\t\t\t\t\t\t\t\t<p><strong><span style=\"color: #ffffff\">Kulttuuritalo Korundi\u00a0<\/span><\/strong><br \/><span style=\"color: #ffffff\">Lapin kamariorkesterin konsertti <br \/>to 8.2.2024 klo 19:00, <a style=\"color: #ffffff\" href=\"https:\/\/korundi.fi\/fi\/kavijalle\/tapahtumakalenteri\/lapin-kamariorkesterin-kamarikonsertti-i-kamarimusisoinnin-korkeakoulua\">tarkemmat tiedot<\/a><\/span><\/p>\t\t\t\t\t\t\t\t<\/div>\n\t\t\t\t<\/div>\n\t\t\t\t<div class=\"elementor-element elementor-element-77f73fb elementor-widget elementor-widget-text-editor\" data-id=\"77f73fb\" data-element_type=\"widget\" data-e-type=\"widget\" data-widget_type=\"text-editor.default\">\n\t\t\t\t<div class=\"elementor-widget-container\">\n\t\t\t\t\t\t\t\t\t<p><span style=\"color: #ffffff\"><strong>Rovaniemen taidemuseon n\u00e4yttelyt Kulttuuritalo Korundissa:<\/strong> <br \/>Kompassissa pohjoinen &#8211; teoksia Jenny ja Antti Vihurin rahaston kokoelmasta <br \/>Kuvan kutojat &#8211; nelj\u00e4 n\u00e4k\u00f6kulmaa moderniin suomalaiseen kuvakudokseen <br \/>Pirkko M\u00e4kel\u00e4-Haapalinna &#8211; Viriditas <br \/><a style=\"color: #ffffff\" href=\"https:\/\/korundi.fi\/fi\">Tarkemmat tiedot<\/a><\/span><\/p>\t\t\t\t\t\t\t\t<\/div>\n\t\t\t\t<\/div>\n\t\t\t\t<div class=\"elementor-element elementor-element-0998b62 elementor-widget elementor-widget-text-editor\" data-id=\"0998b62\" data-element_type=\"widget\" data-e-type=\"widget\" data-widget_type=\"text-editor.default\">\n\t\t\t\t<div class=\"elementor-widget-container\">\n\t\t\t\t\t\t\t\t\t<p><span style=\"color: #ffffff\"><strong>Rovaniemen teatterin n\u00e4yt\u00f6kset:\u00a0<\/strong><span style=\"color: #ffffff\"><br \/>To 8.2. klo 18:00 Otto vai pano?<br \/>Pe 9.2. klo 18:00 Rakkaudesta lajiin<br \/>Pe 9.2. klo 19:00 Kirka &#8211; Surun pyyhit silmist\u00e4ni<br \/><a style=\"color: #ffffff\" href=\"https:\/\/rovaniementeatteri.fi\">Tarkemmat tiedot<\/a><\/span><\/span><\/p>\t\t\t\t\t\t\t\t<\/div>\n\t\t\t\t<\/div>\n\t\t\t\t<div class=\"elementor-element elementor-element-4531fb2 elementor-widget elementor-widget-text-editor\" data-id=\"4531fb2\" data-element_type=\"widget\" data-e-type=\"widget\" data-widget_type=\"text-editor.default\">\n\t\t\t\t<div class=\"elementor-widget-container\">\n\t\t\t\t\t\t\t\t\t<p><span style=\"color: #ffffff\">Ounasvaaran metsiss\u00e4 kulkee ymp\u00e4rivuotinen talvik\u00e4velyreitti, joka sijaitsee l\u00e4himmill\u00e4\u00e4n 1,6 km Rovaniemen keskustasta it\u00e4\u00e4n. Reitti on huollettu ja sen varrella on lukuisia maisemapaikkoja. <br \/><a style=\"color: #ffffff\" href=\"https:\/\/www.visitrovaniemi.fi\/fi\/kayntikohde\/ounasvaaran-ymparivuotinen-talvikavelyreitti\/\">Tarkemmat tiedot<\/a> ja <a style=\"color: #ffffff\" href=\"https:\/\/www.etiainen.fi\/gpsalbum\/Ounasvaaran-talvikavelyreitti\/21ndifjx\/b9987c5f-c73b-4ccd-89e5-a1119ffb2382\">reittiohje<\/a><\/span><\/p>\t\t\t\t\t\t\t\t<\/div>\n\t\t\t\t<\/div>\n\t\t\t\t\t<\/div>\n\t\t<\/div>\n\t\t\t\t\t<\/div>\n\t\t<\/section>\n\t\t\t\t<\/div>\n\t\t","protected":false},"excerpt":{"rendered":"<p>Rovaniemen p\u00e4\u00e4kirjaston Lapponica-salissa on Lapin yliopiston taiteiden tiedekunnan muotoilualojen koulutusohjelmien n\u00e4yttely 8.-10.2.2024 KIRKA \u2013 MUSIKAALI ROVANIEMEN TEATTERISSA \u00a0\u00a09.2.2024 \/*! elementor &#8211; v3.19.0 &#8211; 29-01-2024 *\/ .elementor-widget-image{text-align:center}.elementor-widget-image a{display:inline-block}.elementor-widget-image a img[src$=&#8221;.svg&#8221;]{width:48px}.elementor-widget-image img{vertical-align:middle;display:inline-block} Rovaniemen \u00a0teatteri toivottaa Lapin opinto-ohjauksen p\u00e4ivien osallistujat l\u00e4mpim\u00e4sti tervetulleeksi ylistettyyn Kirka-musikaaliin!Tarjoamme teille liput ryhm\u00e4hintaan 42 \u20ac (peruslippu 47 \u20ac).Voitte noutaa liput verkkokaupasta osoitteesta netticket.fi\/rovaniemen-teatteri ja &hellip; <\/p>\n<p class=\"link-more\"><a href=\"https:\/\/blogi.eoppimispalvelut.fi\/opopaivat2024\/opopaivien-oheisohjelmaa\/\" class=\"more-link\">Continue reading<span class=\"screen-reader-text\"> &#8221;Opop\u00e4ivien oheisohjelmaa&#8221;<\/span><\/a><\/p>\n","protected":false},"author":20363,"featured_media":0,"parent":0,"menu_order":0,"comment_status":"closed","ping_status":"closed","template":"","meta":{"footnotes":""},"class_list":["post-1055","page","type-page","status-publish","hentry"],"_links":{"self":[{"href":"https:\/\/blogi.eoppimispalvelut.fi\/opopaivat2024\/wp-json\/wp\/v2\/pages\/1055","targetHints":{"allow":["GET"]}}],"collection":[{"href":"https:\/\/blogi.eoppimispalvelut.fi\/opopaivat2024\/wp-json\/wp\/v2\/pages"}],"about":[{"href":"https:\/\/blogi.eoppimispalvelut.fi\/opopaivat2024\/wp-json\/wp\/v2\/types\/page"}],"author":[{"embeddable":true,"href":"https:\/\/blogi.eoppimispalvelut.fi\/opopaivat2024\/wp-json\/wp\/v2\/users\/20363"}],"replies":[{"embeddable":true,"href":"https:\/\/blogi.eoppimispalvelut.fi\/opopaivat2024\/wp-json\/wp\/v2\/comments?post=1055"}],"version-history":[{"count":16,"href":"https:\/\/blogi.eoppimispalvelut.fi\/opopaivat2024\/wp-json\/wp\/v2\/pages\/1055\/revisions"}],"predecessor-version":[{"id":1252,"href":"https:\/\/blogi.eoppimispalvelut.fi\/opopaivat2024\/wp-json\/wp\/v2\/pages\/1055\/revisions\/1252"}],"wp:attachment":[{"href":"https:\/\/blogi.eoppimispalvelut.fi\/opopaivat2024\/wp-json\/wp\/v2\/media?parent=1055"}],"curies":[{"name":"wp","href":"https:\/\/api.w.org\/{rel}","templated":true}]}}