{"id":115,"date":"2020-06-10T19:07:06","date_gmt":"2020-06-10T16:07:06","guid":{"rendered":"https:\/\/blogi.eoppimispalvelut.fi\/opopaivat2021\/?page_id=115"},"modified":"2023-11-07T09:36:06","modified_gmt":"2023-11-07T07:36:06","slug":"ilmoittautuminen","status":"publish","type":"page","link":"https:\/\/blogi.eoppimispalvelut.fi\/opopaivat2024\/ilmoittautuminen\/","title":{"rendered":"Ilmoittautuminen"},"content":{"rendered":"\t\t<div data-elementor-type=\"wp-page\" data-elementor-id=\"115\" class=\"elementor elementor-115\">\n\t\t\t\t\t\t<section class=\"elementor-section elementor-top-section elementor-element elementor-element-61f00f0 elementor-section-boxed elementor-section-height-default elementor-section-height-default\" data-id=\"61f00f0\" data-element_type=\"section\" data-e-type=\"section\">\n\t\t\t\t\t\t<div class=\"elementor-container elementor-column-gap-default\">\n\t\t\t\t\t<div class=\"elementor-column elementor-col-100 elementor-top-column elementor-element elementor-element-c3bace5\" data-id=\"c3bace5\" data-element_type=\"column\" data-e-type=\"column\">\n\t\t\t<div class=\"elementor-widget-wrap elementor-element-populated\">\n\t\t\t\t\t\t<div class=\"elementor-element elementor-element-5deebd5 elementor-widget elementor-widget-text-editor\" data-id=\"5deebd5\" data-element_type=\"widget\" data-e-type=\"widget\" data-widget_type=\"text-editor.default\">\n\t\t\t\t<div class=\"elementor-widget-container\">\n\t\t\t\t\t\t\t\t\t<p><span style=\"color: #ffffff\"><span style=\"font-weight: 400\">Ilmoittautuminen alkaa 23.10.2023 s\u00e4hk\u00f6isess\u00e4 j\u00e4rjestelm\u00e4ss\u00e4mme: <\/span><a href=\"https:\/\/www.lyyti.in\/opopaivat2024\">\u00a0https:\/\/www.lyyti.in\/opopaivat2024\u00a0<\/a><\/span><\/p><p><span style=\"color: #ffffff\">Ilmoittautuminen p\u00e4\u00e4ttyy 17.1.2024!<\/span><\/p><p class=\"MsoPlainText\"><span style=\"color: #ffffff\">Lapin opop\u00e4ivill\u00e4 2024 ei ole k\u00e4yt\u00f6ss\u00e4 laskutusta ilmoittautumisen yhteydess\u00e4.\u00a0<\/span><\/p>\t\t\t\t\t\t\t\t<\/div>\n\t\t\t\t<\/div>\n\t\t\t\t<div class=\"elementor-element elementor-element-19baa94 elementor-widget elementor-widget-heading\" data-id=\"19baa94\" data-element_type=\"widget\" data-e-type=\"widget\" data-widget_type=\"heading.default\">\n\t\t\t\t<div class=\"elementor-widget-container\">\n\t\t\t\t\t<h3 class=\"elementor-heading-title elementor-size-default\">Osallistumishinnat<\/h3>\t\t\t\t<\/div>\n\t\t\t\t<\/div>\n\t\t\t\t<div class=\"elementor-element elementor-element-e070856 elementor-widget elementor-widget-text-editor\" data-id=\"e070856\" data-element_type=\"widget\" data-e-type=\"widget\" data-widget_type=\"text-editor.default\">\n\t\t\t\t<div class=\"elementor-widget-container\">\n\t\t\t\t\t\t\t\t\t<ul><li style=\"list-style-type: none\"><ul><li style=\"list-style-type: none\"><ul><li style=\"list-style-type: none\"><ul><li><span style=\"color: #ffffff\">Sopon j\u00e4senille 30.11. saakka: 145\u20ac<\/span><\/li><li><span style=\"color: #ffffff\">Muut kuin sopon j\u00e4senet ja sopon j\u00e4senet 1.12. j\u00e4lkeen: 195\u20ac<\/span><\/li><li><span style=\"color: #ffffff\">Opo-opiskelijat: 170\u20ac<\/span><\/li><\/ul><\/li><\/ul><\/li><\/ul><\/li><\/ul>\t\t\t\t\t\t\t\t<\/div>\n\t\t\t\t<\/div>\n\t\t\t\t<div class=\"elementor-element elementor-element-74b413c elementor-widget elementor-widget-text-editor\" data-id=\"74b413c\" data-element_type=\"widget\" data-e-type=\"widget\" data-widget_type=\"text-editor.default\">\n\t\t\t\t<div class=\"elementor-widget-container\">\n\t\t\t\t\t\t\t\t\t<p><span id=\"docs-internal-guid-dc91136b-7fff-0ad4-4025-d57b8730473b\" style=\"color: #ffffff\">Osallistumishinta sis\u00e4lt\u00e4\u00e4 ohjelmaan kuuluvat asiantuntijapuheenvuorot, tutustumisk\u00e4ynnit, teemaryhm\u00e4t ja ty\u00f6pajat, tutustuminen messuosastoihin, perjantain lounaan ja kahvitarjoilun. Torstain kaupungin vastaanotolle ja perjantain maksulliseen iltajuhlaan on rajoitettu m\u00e4\u00e4r\u00e4 paikkoja. Perjantain illallisen hinta 50 \u20ac ei sis\u00e4lly osallistumismaksuun.<\/span><\/p>\t\t\t\t\t\t\t\t<\/div>\n\t\t\t\t<\/div>\n\t\t\t\t<div class=\"elementor-element elementor-element-6453ea7 elementor-widget elementor-widget-heading\" data-id=\"6453ea7\" data-element_type=\"widget\" data-e-type=\"widget\" data-widget_type=\"heading.default\">\n\t\t\t\t<div class=\"elementor-widget-container\">\n\t\t\t\t\t<h3 class=\"elementor-heading-title elementor-size-default\">Peruutusehdot<\/h3>\t\t\t\t<\/div>\n\t\t\t\t<\/div>\n\t\t\t\t<div class=\"elementor-element elementor-element-6455986 elementor-widget elementor-widget-text-editor\" data-id=\"6455986\" data-element_type=\"widget\" data-e-type=\"widget\" data-widget_type=\"text-editor.default\">\n\t\t\t\t<div class=\"elementor-widget-container\">\n\t\t\t\t\t\t\t\t\t<p><span id=\"docs-internal-guid-4bbf1bcc-7fff-5f17-b0b7-f4d77cfed8fb\"><span style=\"color: #ffffff\">Osallistumisen ja illalliskortin peruminen on mahdollista 15.12.2023 saakka, mutta l\u00e4\u00e4k\u00e4rintodistuksella voi perua 25.1.2024 asti. Peruutuksen yhteydess\u00e4 pid\u00e4tet\u00e4\u00e4n toimistokuluja 20\u20ac. T\u00e4m\u00e4n j\u00e4lkeen tapahtuneesta peruuttamisesta tai jos peruutusta ei ole tehty lainkaan, osallistumismaksua ei palauteta.<\/span> <\/span><\/p><p><span style=\"color: #ffffff\"><span style=\"font-weight: 400\">Ilmoi<\/span><\/span><span style=\"color: #ffffff\"><span style=\"font-weight: 400\">tukset peruutuksista ja pyynn\u00f6t maksun palautuksista on aina teht\u00e4v\u00e4 kirjallisesti s\u00e4hk\u00f6postilla osoitteeseen <\/span><span style=\"color: #88be65\"><a style=\"color: #88be65\" href=\"mailto:opopaivat24@gmail.com\"><span style=\"font-weight: 400\">opopaivat24@gmail.com<\/span><\/a><\/span><span style=\"font-weight: 400\">.<\/span><\/span><\/p><p><span style=\"font-weight: 400;color: #ffffff\">Lapin opinto-ohjaus ry. pid\u00e4tt\u00e4\u00e4 oikeuden mahdollisiin aikataulu-, puheenvuoro- ja paikkamuutoksiin.\u00a0<\/span><\/p>\t\t\t\t\t\t\t\t<\/div>\n\t\t\t\t<\/div>\n\t\t\t\t\t<\/div>\n\t\t<\/div>\n\t\t\t\t\t<\/div>\n\t\t<\/section>\n\t\t\t\t<\/div>\n\t\t","protected":false},"excerpt":{"rendered":"<p>Ilmoittautuminen alkaa 23.10.2023 s\u00e4hk\u00f6isess\u00e4 j\u00e4rjestelm\u00e4ss\u00e4mme: \u00a0https:\/\/www.lyyti.in\/opopaivat2024\u00a0 Ilmoittautuminen p\u00e4\u00e4ttyy 17.1.2024! Lapin opop\u00e4ivill\u00e4 2024 ei ole k\u00e4yt\u00f6ss\u00e4 laskutusta ilmoittautumisen yhteydess\u00e4.\u00a0 \/*! elementor &#8211; v3.16.0 &#8211; 17-10-2023 *\/ .elementor-heading-title{padding:0;margin:0;line-height:1}.elementor-widget-heading .elementor-heading-title[class*=elementor-size-]&gt;a{color:inherit;font-size:inherit;line-height:inherit}.elementor-widget-heading .elementor-heading-title.elementor-size-small{font-size:15px}.elementor-widget-heading .elementor-heading-title.elementor-size-medium{font-size:19px}.elementor-widget-heading .elementor-heading-title.elementor-size-large{font-size:29px}.elementor-widget-heading .elementor-heading-title.elementor-size-xl{font-size:39px}.elementor-widget-heading .elementor-heading-title.elementor-size-xxl{font-size:59px} Osallistumishinnat Sopon j\u00e4senille 30.11. saakka: 145\u20ac Muut kuin sopon j\u00e4senet ja sopon j\u00e4senet 1.12. j\u00e4lkeen: 195\u20ac Opo-opiskelijat: 170\u20ac Osallistumishinta sis\u00e4lt\u00e4\u00e4 ohjelmaan kuuluvat asiantuntijapuheenvuorot, &hellip; <\/p>\n<p class=\"link-more\"><a href=\"https:\/\/blogi.eoppimispalvelut.fi\/opopaivat2024\/ilmoittautuminen\/\" class=\"more-link\">Continue reading<span class=\"screen-reader-text\"> &#8221;Ilmoittautuminen&#8221;<\/span><\/a><\/p>\n","protected":false},"author":31,"featured_media":0,"parent":0,"menu_order":0,"comment_status":"closed","ping_status":"closed","template":"","meta":{"footnotes":""},"class_list":["post-115","page","type-page","status-publish","hentry"],"_links":{"self":[{"href":"https:\/\/blogi.eoppimispalvelut.fi\/opopaivat2024\/wp-json\/wp\/v2\/pages\/115","targetHints":{"allow":["GET"]}}],"collection":[{"href":"https:\/\/blogi.eoppimispalvelut.fi\/opopaivat2024\/wp-json\/wp\/v2\/pages"}],"about":[{"href":"https:\/\/blogi.eoppimispalvelut.fi\/opopaivat2024\/wp-json\/wp\/v2\/types\/page"}],"author":[{"embeddable":true,"href":"https:\/\/blogi.eoppimispalvelut.fi\/opopaivat2024\/wp-json\/wp\/v2\/users\/31"}],"replies":[{"embeddable":true,"href":"https:\/\/blogi.eoppimispalvelut.fi\/opopaivat2024\/wp-json\/wp\/v2\/comments?post=115"}],"version-history":[{"count":21,"href":"https:\/\/blogi.eoppimispalvelut.fi\/opopaivat2024\/wp-json\/wp\/v2\/pages\/115\/revisions"}],"predecessor-version":[{"id":1063,"href":"https:\/\/blogi.eoppimispalvelut.fi\/opopaivat2024\/wp-json\/wp\/v2\/pages\/115\/revisions\/1063"}],"wp:attachment":[{"href":"https:\/\/blogi.eoppimispalvelut.fi\/opopaivat2024\/wp-json\/wp\/v2\/media?parent=115"}],"curies":[{"name":"wp","href":"https:\/\/api.w.org\/{rel}","templated":true}]}}